{"id":82378,"date":"2022-03-28T08:25:19","date_gmt":"2022-03-28T06:25:19","guid":{"rendered":"https:\/\/www.sms77.io\/?page_id=82378"},"modified":"2024-07-01T17:02:15","modified_gmt":"2024-07-01T15:02:15","slug":"applications-manager-von-manageengine","status":"publish","type":"page","link":"https:\/\/www.seven.io\/de\/loesungen\/integrationen\/applications-manager-von-manageengine\/","title":{"rendered":"Applications Manager von ManageEngine"},"content":{"rendered":"<section class=\"l-section wpb_row height_small\"><div class=\"l-section-h i-cf\"><div class=\"g-cols vc_row via_flex valign_middle type_default stacking_default\"><div class=\"vc_col-sm-6 wpb_column vc_column_container\"><div class=\"vc_column-inner\"><div class=\"wpb_wrapper\"><div class=\"wpb_text_column\"><div class=\"wpb_wrapper\"><p><strong>Der Applications Manager von ManageEngine ist ein Tool zur \u00dcberwachung von Anwendungsleistungen. ManageEngine bietet umfassende propriet\u00e4re Softwarel\u00f6sungen f\u00fcr das IT Management und spricht damit vorrangig kleine und mittelst\u00e4ndische Unternehmen an.<\/strong><\/p>\n<p><strong>Die \u00dcberwachung durch den <a href=\"https:\/\/www.manageengine.com\/products\/applications_manager\/\" target=\"_blank\" rel=\"noopener\">Applications Manager<\/a> kann sowohl in physischen als auch in virtuellen Umgebunden stattfinden, eignet sich aber auch f\u00fcr Cloud-basierte Infrastrukturen. <\/strong><\/p>\n<p><strong>Wenn Sie eine M\u00f6glichkeit suchen, via seven SMS im Applications Manager von ManageEngine zu versenden, haben Sie Gl\u00fcck: Die Einrichtung gelingt Ihnen schon in wenigen Schritten.<\/strong><\/p>\n<\/div><\/div><div class=\"w-btn-wrapper align_none\"><a class=\"w-btn us-btn-style_1 no-border\" href=\"https:\/\/www.seven.io\/de\/docs\/drittanbieter\/manageengine-applications-manager\/\"><span class=\"w-btn-label\">Anleitung: seven im Applications Manager nutzen<\/span><\/a><\/div><\/div><\/div><\/div><div class=\"vc_col-sm-6 wpb_column vc_column_container\"><div class=\"vc_column-inner\"><div class=\"wpb_wrapper\"><div class=\"w-video align_none ratio_16x9 has_iframe\"><div class=\"w-video-h\"><iframe title=\"Youtube video player\" src=\"\/\/www.youtube.com\/embed\/Axlv27dXVBw?autoplay=0&controls=1&origin=https:\/\/www.seven.io\/de\/&loop=0&mute=0\" allowfullscreen=\"1\" loading=\"lazy\"><\/iframe><\/div><\/div><\/div><\/div><\/div><\/div><\/div><\/section><section class=\"l-section wpb_row height_small color_alternate\"><div class=\"l-section-h i-cf\"><div class=\"g-cols vc_row via_flex valign_middle type_default stacking_default\"><div class=\"vc_col-sm-6 wpb_column vc_column_container\"><div class=\"vc_column-inner\"><div class=\"wpb_wrapper\"><div class=\"w-image no-border align_center\"><a ref=\"magnificPopup\" href=\"https:\/\/www.seven.io\/wp-content\/uploads\/integrationen_manageengine_applicationsmanager_screen.png\" aria-label=\"integrationen_manageengine_applicationsmanager_screen\" class=\"w-image-h\"><img decoding=\"async\" width=\"400\" height=\"225\" src=\"https:\/\/www.seven.io\/wp-content\/uploads\/integrationen_manageengine_applicationsmanager_screen-400x225.png\" class=\"attachment-us_400_0 size-us_400_0\" alt=\"Versand von SMS im Applications Manager von ManageEngine \u2013 Die Einrichtung\" loading=\"lazy\" srcset=\"https:\/\/www.seven.io\/wp-content\/uploads\/integrationen_manageengine_applicationsmanager_screen-400x225.png 400w, https:\/\/www.seven.io\/wp-content\/uploads\/integrationen_manageengine_applicationsmanager_screen-300x169.png 300w, https:\/\/www.seven.io\/wp-content\/uploads\/integrationen_manageengine_applicationsmanager_screen-350x197.png 350w, https:\/\/www.seven.io\/wp-content\/uploads\/integrationen_manageengine_applicationsmanager_screen-250x141.png 250w, https:\/\/www.seven.io\/wp-content\/uploads\/integrationen_manageengine_applicationsmanager_screen-600x338.png 600w, https:\/\/www.seven.io\/wp-content\/uploads\/integrationen_manageengine_applicationsmanager_screen-768x432.png 768w, https:\/\/www.seven.io\/wp-content\/uploads\/integrationen_manageengine_applicationsmanager_screen-200x113.png 200w, https:\/\/www.seven.io\/wp-content\/uploads\/integrationen_manageengine_applicationsmanager_screen-500x281.png 500w, https:\/\/www.seven.io\/wp-content\/uploads\/integrationen_manageengine_applicationsmanager_screen.png 1024w\" sizes=\"auto, (max-width: 400px) 100vw, 400px\" \/><\/a><\/div><div class=\"w-separator size_custom\" style=\"height:10px\"><\/div><div class=\"wpb_text_column\"><div class=\"wpb_wrapper\"><p style=\"text-align: center;\"><em>Einrichtung von seven als Provider zum Versand von SMS im Applications Manager von ManageEngine, zum Vergr\u00f6\u00dfern anklicken.<\/em><\/p>\n<\/div><\/div><\/div><\/div><\/div><div class=\"vc_col-sm-6 wpb_column vc_column_container\"><div class=\"vc_column-inner\"><div class=\"wpb_wrapper\"><div class=\"wpb_text_column\"><div class=\"wpb_wrapper\"><h3>SMS im Applications Manager von ManageEngine versenden<\/h3>\n<p>Richten Sie seven als Ihr SMS Gateway ein, um SMS im Applications Manager von ManageEngine zu versenden. Dazu folgen Sie einfach den Schritten in unserer Dokumentation. Zur Einrichtung ben\u00f6tigen Sie einen <a href=\"https:\/\/help.seven.io\/de\/api-key-zugriff\" rel=\"noopener\">API Key<\/a>, zum Versand von SMS ausreichend Guthaben.<\/p>\n<p>Beim Versand von SMS stehen Ihnen alle Parameter zur Verf\u00fcgung, die f\u00fcr unsere <a href=\"\/docs\/gateway\/http-api\/sms-versand\/\">HTTP API<\/a> verf\u00fcgbar sind. Es ist also beispielsweise auch m\u00f6glich, Alarmierungen als Flash SMS zu versenden und Ihren Versand mit einem <a href=\"https:\/\/help.seven.io\/de\/labels\" rel=\"noopener\">Label<\/a> zu versehen. Am besten probieren Sie es selbst einmal aus.<\/p>\n<\/div><\/div><\/div><\/div><\/div><\/div><\/div><\/section><!-- Row Backgrounds --><div class=\"upb_color\" data-bg-override=\"0\" data-bg-color=\"#f4f4f4\" data-fadeout=\"\" data-fadeout-percentage=\"30\" data-parallax-content=\"\" data-parallax-content-sense=\"30\" data-row-effect-mobile-disable=\"true\" data-img-parallax-mobile-disable=\"true\" data-rtl=\"false\"  data-custom-vc-row=\"\"  data-vc=\"8.7.2\"  data-is_old_vc=\"\"  data-theme-support=\"disable\"   data-overlay=\"false\" data-overlay-color=\"\" data-overlay-pattern=\"\" data-overlay-pattern-opacity=\"\" data-overlay-pattern-size=\"\"    ><\/div><section class=\"l-section wpb_row height_small\"><div class=\"l-section-h i-cf\"><div class=\"g-cols vc_row via_flex valign_top type_default stacking_default\"><div class=\"vc_col-sm-12 wpb_column vc_column_container\"><div class=\"vc_column-inner\"><div class=\"wpb_wrapper\"><div class=\"w-actionbox us_custom_e47d7875 color_light controls_right\"><div class=\"w-actionbox-text\"><div class=\"w-actionbox-description\"><p>Sie brauchen Hilfe bei der Einrichtung der Funktionen?<br \/>\nLesen Sie unsere Dokumentation f\u00fcr weitere Informationen.<\/p>\n<\/div><\/div><div class=\"w-actionbox-controls\"><a class=\"w-btn us-btn-style_5\" href=\"https:\/\/www.seven.io\/de\/docs\/drittanbieter\/manageengine-applications-manager\/\"><span class=\"w-btn-label\">Dokumentation lesen<\/span><\/a><\/div><\/div><\/div><\/div><\/div><\/div><\/div><\/section><!-- Row Backgrounds --><div class=\"upb_color\" data-bg-override=\"0\" data-bg-color=\"#ffffff\" data-fadeout=\"\" data-fadeout-percentage=\"30\" data-parallax-content=\"\" data-parallax-content-sense=\"30\" data-row-effect-mobile-disable=\"true\" data-img-parallax-mobile-disable=\"true\" data-rtl=\"false\"  data-custom-vc-row=\"\"  data-vc=\"8.7.2\"  data-is_old_vc=\"\"  data-theme-support=\"disable\"   data-overlay=\"false\" data-overlay-color=\"\" data-overlay-pattern=\"\" data-overlay-pattern-opacity=\"\" data-overlay-pattern-size=\"\"    ><\/div>\n","protected":false},"excerpt":{"rendered":"Der Applications Manager von ManageEngine ist ein Tool zur \u00dcberwachung von Anwendungsleistungen. ManageEngine bietet umfassende propriet\u00e4re Softwarel\u00f6sungen f\u00fcr das IT Management und spricht damit vorrangig kleine und mittelst\u00e4ndische Unternehmen an. Die \u00dcberwachung durch den Applications Manager kann sowohl in physischen als auch in virtuellen Umgebunden stattfinden, eignet sich aber auch f\u00fcr Cloud-basierte Infrastrukturen. Wenn Sie...","protected":false},"author":1,"featured_media":82392,"parent":17075,"menu_order":0,"comment_status":"closed","ping_status":"closed","template":"","meta":{"content-type":"","footnotes":""},"class_list":["post-82378","page","type-page","status-publish","has-post-thumbnail","hentry"],"_links":{"self":[{"href":"https:\/\/www.seven.io\/de\/wp-json\/wp\/v2\/pages\/82378","targetHints":{"allow":["GET"]}}],"collection":[{"href":"https:\/\/www.seven.io\/de\/wp-json\/wp\/v2\/pages"}],"about":[{"href":"https:\/\/www.seven.io\/de\/wp-json\/wp\/v2\/types\/page"}],"author":[{"embeddable":true,"href":"https:\/\/www.seven.io\/de\/wp-json\/wp\/v2\/users\/1"}],"replies":[{"embeddable":true,"href":"https:\/\/www.seven.io\/de\/wp-json\/wp\/v2\/comments?post=82378"}],"version-history":[{"count":20,"href":"https:\/\/www.seven.io\/de\/wp-json\/wp\/v2\/pages\/82378\/revisions"}],"predecessor-version":[{"id":92865,"href":"https:\/\/www.seven.io\/de\/wp-json\/wp\/v2\/pages\/82378\/revisions\/92865"}],"up":[{"embeddable":true,"href":"https:\/\/www.seven.io\/de\/wp-json\/wp\/v2\/pages\/17075"}],"wp:featuredmedia":[{"embeddable":true,"href":"https:\/\/www.seven.io\/de\/wp-json\/wp\/v2\/media\/82392"}],"wp:attachment":[{"href":"https:\/\/www.seven.io\/de\/wp-json\/wp\/v2\/media?parent=82378"}],"curies":[{"name":"wp","href":"https:\/\/api.w.org\/{rel}","templated":true}]}}