{"id":82435,"date":"2022-03-31T07:27:32","date_gmt":"2022-03-31T05:27:32","guid":{"rendered":"https:\/\/www.sms77.io\/?page_id=82435"},"modified":"2024-06-13T14:05:27","modified_gmt":"2024-06-13T12:05:27","slug":"make","status":"publish","type":"page","link":"https:\/\/www.seven.io\/de\/loesungen\/integrationen\/make\/","title":{"rendered":"Make"},"content":{"rendered":"<section class=\"l-section wpb_row height_small\"><div class=\"l-section-h i-cf\"><div class=\"g-cols vc_row via_flex valign_middle type_default stacking_default\"><div class=\"vc_col-sm-6 wpb_column vc_column_container\"><div class=\"vc_column-inner\"><div class=\"wpb_wrapper\"><div class=\"wpb_text_column\"><div class=\"wpb_wrapper\"><p><strong>Make ist eine No-Code Online-Automatisierungsplattform und war zuvor unter dem Namen Integromat bekannt. Anwender k\u00f6nnen mit Make ohne Programmierkenntnisse verschiedene Abl\u00e4ufe und Automationen erstellen. Die Verkn\u00fcpfung hunderter Apps erfolgt in einer visuellen Bedienoberfl\u00e4che, die intuitiv bedienbar ist und so allen Teammitgliedern erm\u00f6glicht, die Prozesse mitzugestalten. In seiner Grundversion ist Make kostenlos, f\u00fcr h\u00f6here Anspr\u00fcche stehen <a href=\"https:\/\/www.make.com\/en\/pricing?utm_source=sms77-app&amp;utm_medium=partner&amp;utm_campaign=sms77-app-partner-program\" target=\"_blank\" rel=\"noopener\">verschiedene kostenpflichtige Optionen<\/a> zur Verf\u00fcgung.<\/strong><\/p>\n<p><strong>Auch seven kann via App auf Make in Ihre Prozesse eingebunden werden. Erstellen Sie Ihren Workflow und versenden Sie im Handumdrehen SMS mit Make.<span class=\"Apple-converted-space\">\u00a0<\/span><\/strong><\/p>\n<\/div><\/div><div class=\"w-btn-wrapper align_none\"><a class=\"w-btn us-btn-style_1 no-border\" target=\"_blank\" rel=\"nofollow noopener\" href=\"https:\/\/www.make.com\/en\/integrations\/sms77?utm_source=sms77-app&amp;utm_medium=partner&amp;utm_campaign=sms77-app-partner-program\"><span class=\"w-btn-label\">Unsere App in Make<\/span><\/a><\/div><\/div><\/div><\/div><div class=\"vc_col-sm-6 wpb_column vc_column_container\"><div class=\"vc_column-inner\"><div class=\"wpb_wrapper\"><div class=\"w-video align_none ratio_16x9 has_iframe\"><div class=\"w-video-h\"><iframe title=\"Youtube video player\" src=\"\/\/www.youtube.com\/embed\/ADpijI_TqnE?autoplay=0&controls=1&origin=https:\/\/www.seven.io\/de\/&loop=0&mute=0\" allowfullscreen=\"1\" loading=\"lazy\"><\/iframe><\/div><\/div><\/div><\/div><\/div><\/div><\/div><\/section><section class=\"l-section wpb_row height_small color_alternate\"><div class=\"l-section-h i-cf\"><div class=\"g-cols vc_row via_flex valign_middle type_default stacking_default\"><div class=\"vc_col-sm-6 wpb_column vc_column_container\"><div class=\"vc_column-inner\"><div class=\"wpb_wrapper\"><div class=\"w-image align_center\"><div class=\"w-image-h\"><img decoding=\"async\" width=\"500\" height=\"281\" src=\"https:\/\/www.seven.io\/wp-content\/uploads\/integrationen_make-500x281.png\" class=\"attachment-us_500_0 size-us_500_0\" alt=\"Der Versand von SMS mit Make ist besonders leicht umzusetzen\" loading=\"lazy\" srcset=\"https:\/\/www.seven.io\/wp-content\/uploads\/integrationen_make-500x281.png 500w, https:\/\/www.seven.io\/wp-content\/uploads\/integrationen_make-300x169.png 300w, https:\/\/www.seven.io\/wp-content\/uploads\/integrationen_make-350x197.png 350w, https:\/\/www.seven.io\/wp-content\/uploads\/integrationen_make-250x141.png 250w, https:\/\/www.seven.io\/wp-content\/uploads\/integrationen_make-600x338.png 600w, https:\/\/www.seven.io\/wp-content\/uploads\/integrationen_make-768x432.png 768w, https:\/\/www.seven.io\/wp-content\/uploads\/integrationen_make-400x225.png 400w, https:\/\/www.seven.io\/wp-content\/uploads\/integrationen_make-200x113.png 200w, https:\/\/www.seven.io\/wp-content\/uploads\/integrationen_make.png 1024w\" sizes=\"auto, (max-width: 500px) 100vw, 500px\" \/><\/div><\/div><div class=\"w-separator size_custom\" style=\"height:10px\"><\/div><div class=\"wpb_text_column\"><div class=\"wpb_wrapper\"><p style=\"text-align: center;\"><em>Der Versand von SMS mit Make und seven ist f\u00fcr Ihr Team leicht zu realisieren.<\/em><\/p>\n<\/div><\/div><\/div><\/div><\/div><div class=\"vc_col-sm-6 wpb_column vc_column_container\"><div class=\"vc_column-inner\"><div class=\"wpb_wrapper\"><div class=\"wpb_text_column\"><div class=\"wpb_wrapper\"><h3>Jetzt SMS mit Make versenden<\/h3>\n<p>Mit unserer App k\u00f6nnen Sie nicht nur den Versand von SMS mit Make realisieren, sondern Sie haben auch Zugriff auf andere Services. Versenden Sie beispielsweise Voice Nachrichten, fragen Sie Ihr Guthaben und aktuelle Preise ab oder integrieren Sie unsere beliebten <a href=\"\/de\/produkte\/nummernvalidierung\/\">Lookup-Produkte<\/a>.<span class=\"Apple-converted-space\">\u00a0<\/span><\/p>\n<p>F\u00fcr den SMS-Versand mit seven stehen Ihnen auch in Make verschiedene Features zur Verf\u00fcgung. Sie k\u00f6nnen zum Beispiel Flash-SMS versenden, Labels nutzen und unser Performance Tracking einsetzen.<span class=\"Apple-converted-space\">\u00a0Zur Einrichtung in Make brauchen Sie nur Ihren <a href=\"https:\/\/help.seven.io\/de\/api-key-zugriff\" rel=\"noopener\">API Key<\/a>. Probieren Sie es aus und versenden Sie SMS mit Make und seven.<\/span><\/p>\n<\/div><\/div><\/div><\/div><\/div><\/div><\/div><\/section><!-- Row Backgrounds --><div class=\"upb_color\" data-bg-override=\"0\" data-bg-color=\"#f4f4f4\" data-fadeout=\"\" data-fadeout-percentage=\"30\" data-parallax-content=\"\" data-parallax-content-sense=\"30\" data-row-effect-mobile-disable=\"true\" data-img-parallax-mobile-disable=\"true\" data-rtl=\"false\"  data-custom-vc-row=\"\"  data-vc=\"8.7.2\"  data-is_old_vc=\"\"  data-theme-support=\"disable\"   data-overlay=\"false\" data-overlay-color=\"\" data-overlay-pattern=\"\" data-overlay-pattern-opacity=\"\" data-overlay-pattern-size=\"\"    ><\/div><section class=\"l-section wpb_row height_small\"><div class=\"l-section-h i-cf\"><div class=\"g-cols vc_row via_flex valign_middle type_default stacking_default\"><div class=\"vc_col-sm-6 wpb_column vc_column_container\"><div class=\"vc_column-inner\"><div class=\"wpb_wrapper\"><div class=\"wpb_text_column\"><div class=\"wpb_wrapper\"><h3>SMS Versand<\/h3>\n<\/div><\/div><div class=\"uavc-list-icon uavc-list-icon-wrapper ult-adjust-bottom-margin   \"><ul class=\"uavc-list\"><li><div class=\"uavc-list-content\" id=\"list-icon-wrap-9321\">\n<div class=\"uavc-list-icon  \" data-animation=\"\" data-animation-delay=\"03\" style=\"margin-right:25px;\"><div class=\"ult-just-icon-wrapper  \"><div class=\"align-icon\" style=\"text-align:center;\">\n<div class=\"aio-icon none \"  style=\"color:#52c0fa;font-size:40px;display:inline-block;\">\n\t<i class=\"Defaults-envelope-o\"><\/i>\n<\/div><\/div><\/div>\n<\/div><span  data-ultimate-target='#list-icon-wrap-9321 .uavc-list-desc'  data-responsive-json-new='{\"font-size\":\"\",\"line-height\":\"\"}'  class=\"uavc-list-desc ult-responsive\" style=\"\">Profitieren Sie von einem zuverl\u00e4ssigen SMS Gateway, das Sie leicht in Ihren Workflow integrieren k\u00f6nnen. Nutzen Sie zus\u00e4tzlich unsere bekannten SMS-Features: Flash SMS, Labels, zeitversetzter Versand und viele weitere M\u00f6glichkeiten stehen Ihnen zur Verf\u00fcgung.<\/span><\/div><\/li><\/ul><\/div><div class=\"wpb_text_column\"><div class=\"wpb_wrapper\"><h3>Voice<\/h3>\n<\/div><\/div><div class=\"uavc-list-icon uavc-list-icon-wrapper ult-adjust-bottom-margin   \"><ul class=\"uavc-list\"><li><div class=\"uavc-list-content\" id=\"list-icon-wrap-8488\">\n<div class=\"uavc-list-icon  \" data-animation=\"\" data-animation-delay=\"03\" style=\"margin-right:25px;\"><div class=\"ult-just-icon-wrapper  \"><div class=\"align-icon\" style=\"text-align:center;\">\n<div class=\"aio-icon none \"  style=\"color:#52c0fa;font-size:40px;display:inline-block;\">\n\t<i class=\"Defaults-phone\"><\/i>\n<\/div><\/div><\/div>\n<\/div><span  data-ultimate-target='#list-icon-wrap-8488 .uavc-list-desc'  data-responsive-json-new='{\"font-size\":\"\",\"line-height\":\"\"}'  class=\"uavc-list-desc ult-responsive\" style=\"\">Voice- oder auch Text-to-Speech-Nachrichten werden Empf\u00e4ngern als Anruf zugestellt. Der Inhalt der Nachricht wird vorgelesen, wenn der Anruf angenommen wird. Voice-Nachrichten werden gern f\u00fcr Alarme eingesetzt.<\/span><\/div><\/li><\/ul><\/div><\/div><\/div><\/div><div class=\"vc_col-sm-6 wpb_column vc_column_container\"><div class=\"vc_column-inner\"><div class=\"wpb_wrapper\"><div class=\"wpb_text_column\"><div class=\"wpb_wrapper\"><h3>Lookups<\/h3>\n<\/div><\/div><div class=\"uavc-list-icon uavc-list-icon-wrapper ult-adjust-bottom-margin   \"><ul class=\"uavc-list\"><li><div class=\"uavc-list-content\" id=\"list-icon-wrap-5851\">\n<div class=\"uavc-list-icon  \" data-animation=\"\" data-animation-delay=\"03\" style=\"margin-right:25px;\"><div class=\"ult-just-icon-wrapper  \"><div class=\"align-icon\" style=\"text-align:center;\">\n<div class=\"aio-icon none \"  style=\"color:#52c0fa;font-size:40px;display:inline-block;\">\n\t<i class=\"Defaults-search\"><\/i>\n<\/div><\/div><\/div>\n<\/div><span  data-ultimate-target='#list-icon-wrap-5851 .uavc-list-desc'  data-responsive-json-new='{\"font-size\":\"\",\"line-height\":\"\"}'  class=\"uavc-list-desc ult-responsive\" style=\"\">Mit unseren CNAM, MNP und HLR-Lookups erhalten Sie in k\u00fcrzester Zeit alle Informationen zu Ihren Nummern, die Sie ben\u00f6tigen. Wir empfehlen Ihnen, Empf\u00e4ngerlisten vor dem Versand Ihrer ersten SMS zu validieren.<\/span><\/div><\/li><\/ul><\/div><div class=\"wpb_text_column\"><div class=\"wpb_wrapper\"><h3>Zus\u00e4tzliche Features<\/h3>\n<\/div><\/div><div class=\"uavc-list-icon uavc-list-icon-wrapper ult-adjust-bottom-margin   \"><ul class=\"uavc-list\"><li><div class=\"uavc-list-content\" id=\"list-icon-wrap-2383\">\n<div class=\"uavc-list-icon  \" data-animation=\"\" data-animation-delay=\"03\" style=\"margin-right:25px;\"><div class=\"ult-just-icon-wrapper  \"><div class=\"align-icon\" style=\"text-align:center;\">\n<div class=\"aio-icon none \"  style=\"color:#52c0fa;font-size:40px;display:inline-block;\">\n\t<i class=\"Defaults-list\"><\/i>\n<\/div><\/div><\/div>\n<\/div><span  data-ultimate-target='#list-icon-wrap-2383 .uavc-list-desc'  data-responsive-json-new='{\"font-size\":\"\",\"line-height\":\"\"}'  class=\"uavc-list-desc ult-responsive\" style=\"\">Sie brauchen aktuelle Informationen zu unseren Preisen oder m\u00f6chten Ihr Guthaben abfragen? Auch dies ist mit unserer Make App problemlos m\u00f6glich. Auch den Status einzelner SMS k\u00f6nnen Sie direkt aus Make abfragen.<span class=\"Apple-converted-space\">\u00a0<\/span><\/span><\/div><\/li><\/ul><\/div><\/div><\/div><\/div><\/div><\/div><\/section><section class=\"l-section wpb_row height_small\"><div class=\"l-section-h i-cf\"><div class=\"g-cols vc_row via_flex valign_top type_default stacking_default\"><div class=\"vc_col-sm-12 wpb_column vc_column_container\"><div class=\"vc_column-inner\"><div class=\"wpb_wrapper\"><div class=\"w-actionbox us_custom_e47d7875 color_light controls_right\"><div class=\"w-actionbox-text\"><div class=\"w-actionbox-description\"><p>Sie brauchen Hilfe bei der Einrichtung oder der Nutzung der Funktionen?<br \/>\nIn der Dokumentation zu unserer App auf Make finden Sie detaillierte Informationen.<\/p>\n<\/div><\/div><div class=\"w-actionbox-controls\"><a class=\"w-btn us-btn-style_5\" target=\"_blank\" rel=\"nofollow noopener\" href=\"https:\/\/www.make.com\/en\/help\/apps\/communication\/sms77-io?utm_source=sms77-app&amp;utm_medium=partner&amp;utm_campaign=sms77-app-partner-program\"><span class=\"w-btn-label\">Zur Dokumentation auf make.com<\/span><\/a><\/div><\/div><\/div><\/div><\/div><\/div><\/div><\/section><!-- Row Backgrounds --><div class=\"upb_color\" data-bg-override=\"0\" data-bg-color=\"#ffffff\" data-fadeout=\"\" data-fadeout-percentage=\"30\" data-parallax-content=\"\" data-parallax-content-sense=\"30\" data-row-effect-mobile-disable=\"true\" data-img-parallax-mobile-disable=\"true\" data-rtl=\"false\"  data-custom-vc-row=\"\"  data-vc=\"8.7.2\"  data-is_old_vc=\"\"  data-theme-support=\"disable\"   data-overlay=\"false\" data-overlay-color=\"\" data-overlay-pattern=\"\" data-overlay-pattern-opacity=\"\" data-overlay-pattern-size=\"\"    ><\/div>\n","protected":false},"excerpt":{"rendered":"Make ist eine No-Code Online-Automatisierungsplattform und war zuvor unter dem Namen Integromat bekannt. Anwender k\u00f6nnen mit Make ohne Programmierkenntnisse verschiedene Abl\u00e4ufe und Automationen erstellen. Die Verkn\u00fcpfung hunderter Apps erfolgt in einer visuellen Bedienoberfl\u00e4che, die intuitiv bedienbar ist und so allen Teammitgliedern erm\u00f6glicht, die Prozesse mitzugestalten. In seiner Grundversion ist Make kostenlos, f\u00fcr h\u00f6here Anspr\u00fcche stehen...","protected":false},"author":1,"featured_media":92536,"parent":17075,"menu_order":0,"comment_status":"closed","ping_status":"closed","template":"","meta":{"content-type":"","footnotes":""},"class_list":["post-82435","page","type-page","status-publish","has-post-thumbnail","hentry"],"_links":{"self":[{"href":"https:\/\/www.seven.io\/de\/wp-json\/wp\/v2\/pages\/82435","targetHints":{"allow":["GET"]}}],"collection":[{"href":"https:\/\/www.seven.io\/de\/wp-json\/wp\/v2\/pages"}],"about":[{"href":"https:\/\/www.seven.io\/de\/wp-json\/wp\/v2\/types\/page"}],"author":[{"embeddable":true,"href":"https:\/\/www.seven.io\/de\/wp-json\/wp\/v2\/users\/1"}],"replies":[{"embeddable":true,"href":"https:\/\/www.seven.io\/de\/wp-json\/wp\/v2\/comments?post=82435"}],"version-history":[{"count":29,"href":"https:\/\/www.seven.io\/de\/wp-json\/wp\/v2\/pages\/82435\/revisions"}],"predecessor-version":[{"id":92844,"href":"https:\/\/www.seven.io\/de\/wp-json\/wp\/v2\/pages\/82435\/revisions\/92844"}],"up":[{"embeddable":true,"href":"https:\/\/www.seven.io\/de\/wp-json\/wp\/v2\/pages\/17075"}],"wp:featuredmedia":[{"embeddable":true,"href":"https:\/\/www.seven.io\/de\/wp-json\/wp\/v2\/media\/92536"}],"wp:attachment":[{"href":"https:\/\/www.seven.io\/de\/wp-json\/wp\/v2\/media?parent=82435"}],"curies":[{"name":"wp","href":"https:\/\/api.w.org\/{rel}","templated":true}]}}