{"id":82504,"date":"2022-04-06T15:00:40","date_gmt":"2022-04-06T13:00:40","guid":{"rendered":"https:\/\/www.sms77.io\/?page_id=82504"},"modified":"2023-02-21T16:51:35","modified_gmt":"2023-02-21T15:51:35","slug":"microsoft-power-apps","status":"publish","type":"page","link":"https:\/\/www.seven.io\/de\/loesungen\/integrationen\/microsoft-power-apps\/","title":{"rendered":"Microsoft Power Apps"},"content":{"rendered":"<section class=\"l-section wpb_row height_small\"><div class=\"l-section-h i-cf\"><div class=\"g-cols vc_row via_flex valign_middle type_default stacking_default\"><div class=\"vc_col-sm-6 wpb_column vc_column_container\"><div class=\"vc_column-inner\"><div class=\"wpb_wrapper\"><div class=\"wpb_text_column\"><div class=\"wpb_wrapper\"><p><strong>MS Power Apps geh\u00f6rt zur MS Power Platform, die die Erstellung von system\u00fcbergreifenden IT Anwendungen erm\u00f6glicht. Microsoft Power Apps selbst ist eine Low-Code-Plattform zur Erstellung professioneller Apps. Dank der intuitiven Bedienung k\u00f6nnen alle Mitglieder Ihres Teams an der Entwicklung beteiligt werden und den Prozess nicht nur verstehen, sondern auch unterst\u00fctzen.<\/strong><\/p>\n<p><strong>seven stellt einen Connector zur Verf\u00fcgung, den Sie nutzen k\u00f6nnen, um den Versand von SMS in Microsoft Power Apps zu integrieren und auch unsere anderen Produkte in Ihren Ablauf einzubinden. So realisieren Sie ganz leicht unterschiedliche Szenarien, in denen Sie Ihre Empf\u00e4nger effektiv erreichen.<\/strong><\/p>\n<\/div><\/div><div class=\"w-btn-wrapper align_none\"><a class=\"w-btn us-btn-style_1 no-border\" target=\"_blank\" rel=\"nofollow noopener\" href=\"https:\/\/docs.microsoft.com\/en-us\/connectors\/sms77io\/\"><span class=\"w-btn-label\">Unser Power Platform Connector<\/span><\/a><\/div><\/div><\/div><\/div><div class=\"vc_col-sm-6 wpb_column vc_column_container\"><div class=\"vc_column-inner\"><div class=\"wpb_wrapper\"><div class=\"w-video align_none ratio_16x9 has_iframe\"><div class=\"w-video-h\"><iframe title=\"Youtube video player\" src=\"\/\/www.youtube.com\/embed\/OwOWDXteakM?autoplay=0&controls=1&origin=https:\/\/www.seven.io\/de\/&loop=0&mute=0\" allowfullscreen=\"1\" loading=\"lazy\"><\/iframe><\/div><\/div><\/div><\/div><\/div><\/div><\/div><\/section><section class=\"l-section wpb_row height_small color_alternate\"><div class=\"l-section-h i-cf\"><div class=\"g-cols vc_row via_flex valign_middle type_default stacking_default\"><div class=\"vc_col-sm-6 wpb_column vc_column_container\"><div class=\"vc_column-inner\"><div class=\"wpb_wrapper\"><div class=\"w-image align_center\"><div class=\"w-image-h\"><img decoding=\"async\" width=\"350\" height=\"438\" src=\"https:\/\/www.seven.io\/wp-content\/uploads\/integrationen_mspowerapps_mock_de-350x438.png\" class=\"attachment-us_350_0 size-us_350_0\" alt=\"Versenden Sie SMS in Microsoft Power Apps und Power Platform\" loading=\"lazy\" srcset=\"https:\/\/www.seven.io\/wp-content\/uploads\/integrationen_mspowerapps_mock_de-350x438.png 350w, https:\/\/www.seven.io\/wp-content\/uploads\/integrationen_mspowerapps_mock_de-240x300.png 240w, https:\/\/www.seven.io\/wp-content\/uploads\/integrationen_mspowerapps_mock_de-250x313.png 250w, https:\/\/www.seven.io\/wp-content\/uploads\/integrationen_mspowerapps_mock_de-300x376.png 300w, https:\/\/www.seven.io\/wp-content\/uploads\/integrationen_mspowerapps_mock_de-400x501.png 400w, https:\/\/www.seven.io\/wp-content\/uploads\/integrationen_mspowerapps_mock_de-319x400.png 319w, https:\/\/www.seven.io\/wp-content\/uploads\/integrationen_mspowerapps_mock_de-200x250.png 200w, https:\/\/www.seven.io\/wp-content\/uploads\/integrationen_mspowerapps_mock_de-500x626.png 500w, https:\/\/www.seven.io\/wp-content\/uploads\/integrationen_mspowerapps_mock_de.png 511w\" sizes=\"auto, (max-width: 350px) 100vw, 350px\" \/><\/div><\/div><\/div><\/div><\/div><div class=\"vc_col-sm-6 wpb_column vc_column_container\"><div class=\"vc_column-inner\"><div class=\"wpb_wrapper\"><div class=\"wpb_text_column\"><div class=\"wpb_wrapper\"><h3>Versenden Sie SMS in Microsoft Power Apps und Power Platform<\/h3>\n<p>Ihnen fehlt eine Option zum SMS-Versand in Ihrem Workflow oder in Ihrer Anwendung? Mit unserem Connector k\u00f6nnen Sie ganz einfach den Versand von SMS in Microsoft Power Apps integrieren.<\/p>\n<p>Auch unsere <a href=\"https:\/\/www.seven.io\/de\/loesungen\/integrationen\/microsoft-power-apps\/\">Text to Speech Funktion<\/a> steht Ihnen zur Verf\u00fcgung. Au\u00dferdem k\u00f6nnen Sie unsere Produkte zur Nummernvalidierung nutzen und sowohl Ihr Guthaben als auch den Status einzelner SMS abfragen. Eine vollst\u00e4ndige \u00dcbersicht finden Sie auf der <a href=\"https:\/\/docs.microsoft.com\/en-us\/connectors\/sms77io\/\" target=\"_blank\" rel=\"noopener\">Connector Seite bei Microsoft<\/a>. Nutzen Sie unseren Connector in MS Power Apps oder anderen Power Plattform? Wir w\u00fcrden uns<span class=\"Apple-converted-space\">\u00a0<\/span>freuen, <a href=\"mailto:hello@seven.io\">von Ihrem Anwendungsbeispiel zu h\u00f6ren<\/a>!<\/p>\n<\/div><\/div><\/div><\/div><\/div><\/div><\/div><\/section><!-- Row Backgrounds --><div class=\"upb_color\" data-bg-override=\"0\" data-bg-color=\"#f4f4f4\" data-fadeout=\"\" data-fadeout-percentage=\"30\" data-parallax-content=\"\" data-parallax-content-sense=\"30\" data-row-effect-mobile-disable=\"true\" data-img-parallax-mobile-disable=\"true\" data-rtl=\"false\"  data-custom-vc-row=\"\"  data-vc=\"8.7.2\"  data-is_old_vc=\"\"  data-theme-support=\"disable\"   data-overlay=\"false\" data-overlay-color=\"\" data-overlay-pattern=\"\" data-overlay-pattern-opacity=\"\" data-overlay-pattern-size=\"\"    ><\/div><section class=\"l-section wpb_row height_small\"><div class=\"l-section-h i-cf\"><div class=\"g-cols vc_row via_flex valign_middle type_default stacking_default\"><div class=\"vc_col-sm-6 wpb_column vc_column_container\"><div class=\"vc_column-inner\"><div class=\"wpb_wrapper\"><div class=\"wpb_text_column\"><div class=\"wpb_wrapper\"><h3>SMS-Versand<\/h3>\n<\/div><\/div><div class=\"uavc-list-icon uavc-list-icon-wrapper ult-adjust-bottom-margin   \"><ul class=\"uavc-list\"><li><div class=\"uavc-list-content\" id=\"list-icon-wrap-2157\">\n<div class=\"uavc-list-icon  \" data-animation=\"\" data-animation-delay=\"03\" style=\"margin-right:25px;\"><div class=\"ult-just-icon-wrapper  \"><div class=\"align-icon\" style=\"text-align:center;\">\n<div class=\"aio-icon none \"  style=\"color:#52c0fa;font-size:40px;display:inline-block;\">\n\t<i class=\"Defaults-envelope-o\"><\/i>\n<\/div><\/div><\/div>\n<\/div><span  data-ultimate-target='#list-icon-wrap-2157 .uavc-list-desc'  data-responsive-json-new='{\"font-size\":\"\",\"line-height\":\"\"}'  class=\"uavc-list-desc ult-responsive\" style=\"\">Versenden Sie Alarme, Angebote oder andere Nachrichten via\u00a0SMS in Microsoft Power Apps. Sie wollen das Potential der SMS maximal ausnutzen? Auch Massen-SMS stehen Ihnen zur Verf\u00fcgung.<\/span><\/div><\/li><\/ul><\/div><div class=\"wpb_text_column\"><div class=\"wpb_wrapper\"><h3>Verschiedene Abfragen<\/h3>\n<\/div><\/div><div class=\"uavc-list-icon uavc-list-icon-wrapper ult-adjust-bottom-margin   \"><ul class=\"uavc-list\"><li><div class=\"uavc-list-content\" id=\"list-icon-wrap-1215\">\n<div class=\"uavc-list-icon  \" data-animation=\"\" data-animation-delay=\"03\" style=\"margin-right:25px;\"><div class=\"ult-just-icon-wrapper  \"><div class=\"align-icon\" style=\"text-align:center;\">\n<div class=\"aio-icon none \"  style=\"color:#52c0fa;font-size:40px;display:inline-block;\">\n\t<i class=\"Defaults-search\"><\/i>\n<\/div><\/div><\/div>\n<\/div><span  data-ultimate-target='#list-icon-wrap-1215 .uavc-list-desc'  data-responsive-json-new='{\"font-size\":\"\",\"line-height\":\"\"}'  class=\"uavc-list-desc ult-responsive\" style=\"\">Fragen Sie den Status einer SMS ab oder informieren Sie sich \u00fcber unsere aktuellen Preise. Auch Ihr Guthaben k\u00f6nnen Sie bequem abfragen.<\/span><\/div><\/li><\/ul><\/div><\/div><\/div><\/div><div class=\"vc_col-sm-6 wpb_column vc_column_container\"><div class=\"vc_column-inner\"><div class=\"wpb_wrapper\"><div class=\"wpb_text_column\"><div class=\"wpb_wrapper\"><h3>Text to Speech Nachrichten versenden<\/h3>\n<\/div><\/div><div class=\"uavc-list-icon uavc-list-icon-wrapper ult-adjust-bottom-margin   \"><ul class=\"uavc-list\"><li><div class=\"uavc-list-content\" id=\"list-icon-wrap-3168\">\n<div class=\"uavc-list-icon  \" data-animation=\"\" data-animation-delay=\"03\" style=\"margin-right:25px;\"><div class=\"ult-just-icon-wrapper  \"><div class=\"align-icon\" style=\"text-align:center;\">\n<div class=\"aio-icon none \"  style=\"color:#52c0fa;font-size:40px;display:inline-block;\">\n\t<i class=\"Defaults-phone\"><\/i>\n<\/div><\/div><\/div>\n<\/div><span  data-ultimate-target='#list-icon-wrap-3168 .uavc-list-desc'  data-responsive-json-new='{\"font-size\":\"\",\"line-height\":\"\"}'  class=\"uavc-list-desc ult-responsive\" style=\"\">Text to Speech oder Voice Nachrichten werden Empf\u00e4ngern in Form eines Anrufes zugestellt und der Inhalt der Nachricht wird am Telefon vorgelesen. Diese Option ist besonders beliebt f\u00fcr Alarme jeder Art. Die M\u00f6glichkeit zur Validierung von Telefonnummern f\u00fcr die Voice API steht Ihnen ebenfalls zur Verf\u00fcgung.<\/span><\/div><\/li><\/ul><\/div><div class=\"wpb_text_column\"><div class=\"wpb_wrapper\"><h3>Nummernvalidierung<\/h3>\n<\/div><\/div><div class=\"uavc-list-icon uavc-list-icon-wrapper ult-adjust-bottom-margin   \"><ul class=\"uavc-list\"><li><div class=\"uavc-list-content\" id=\"list-icon-wrap-1103\">\n<div class=\"uavc-list-icon  \" data-animation=\"\" data-animation-delay=\"03\" style=\"margin-right:25px;\"><div class=\"ult-just-icon-wrapper  \"><div class=\"align-icon\" style=\"text-align:center;\">\n<div class=\"aio-icon none \"  style=\"color:#52c0fa;font-size:40px;display:inline-block;\">\n\t<i class=\"Defaults-check-square-o\"><\/i>\n<\/div><\/div><\/div>\n<\/div><span  data-ultimate-target='#list-icon-wrap-1103 .uavc-list-desc'  data-responsive-json-new='{\"font-size\":\"\",\"line-height\":\"\"}'  class=\"uavc-list-desc ult-responsive\" style=\"\">Nutzen Sie unsere popul\u00e4ren <a href=\"\/de\/produkte\/nummernvalidierung\/\">Produkte zur Nummernvalidierung<\/a>\u00a0\u2013 w\u00e4hlen Sie aus HLR-, CNAM- und MNP-Lookup oder fragen Sie das korrekte Nummernformat ab.<\/span><\/div><\/li><\/ul><\/div><\/div><\/div><\/div><\/div><\/div><\/section><section class=\"l-section wpb_row height_small\"><div class=\"l-section-h i-cf\"><div class=\"g-cols vc_row via_flex valign_top type_default stacking_default\"><div class=\"vc_col-sm-12 wpb_column vc_column_container\"><div class=\"vc_column-inner\"><div class=\"wpb_wrapper\"><div class=\"w-actionbox us_custom_e47d7875 color_light controls_right\"><div class=\"w-actionbox-text\"><div class=\"w-actionbox-description\"><p>Sie brauchen Hilfe bei der Einrichtung oder der Nutzung der Funktionen?<br \/>\nAuf der Connector-Seite finden Sie weitere Informationen.<\/p>\n<\/div><\/div><div class=\"w-actionbox-controls\"><a class=\"w-btn us-btn-style_5\" target=\"_blank\" rel=\"nofollow noopener\" href=\"https:\/\/docs.microsoft.com\/en-us\/connectors\/sms77io\/\"><span class=\"w-btn-label\">Zur Connector-Seite<\/span><\/a><\/div><\/div><\/div><\/div><\/div><\/div><\/div><\/section><!-- Row Backgrounds --><div class=\"upb_color\" data-bg-override=\"0\" data-bg-color=\"#ffffff\" data-fadeout=\"\" data-fadeout-percentage=\"30\" data-parallax-content=\"\" data-parallax-content-sense=\"30\" data-row-effect-mobile-disable=\"true\" data-img-parallax-mobile-disable=\"true\" data-rtl=\"false\"  data-custom-vc-row=\"\"  data-vc=\"8.7.2\"  data-is_old_vc=\"\"  data-theme-support=\"disable\"   data-overlay=\"false\" data-overlay-color=\"\" data-overlay-pattern=\"\" data-overlay-pattern-opacity=\"\" data-overlay-pattern-size=\"\"    ><\/div>\n","protected":false},"excerpt":{"rendered":"MS Power Apps geh\u00f6rt zur MS Power Platform, die die Erstellung von system\u00fcbergreifenden IT Anwendungen erm\u00f6glicht. Microsoft Power Apps selbst ist eine Low-Code-Plattform zur Erstellung professioneller Apps. Dank der intuitiven Bedienung k\u00f6nnen alle Mitglieder Ihres Teams an der Entwicklung beteiligt werden und den Prozess nicht nur verstehen, sondern auch unterst\u00fctzen. seven stellt einen Connector zur...","protected":false},"author":1,"featured_media":82586,"parent":17075,"menu_order":0,"comment_status":"closed","ping_status":"closed","template":"","meta":{"content-type":"","footnotes":""},"class_list":["post-82504","page","type-page","status-publish","has-post-thumbnail","hentry"],"_links":{"self":[{"href":"https:\/\/www.seven.io\/de\/wp-json\/wp\/v2\/pages\/82504","targetHints":{"allow":["GET"]}}],"collection":[{"href":"https:\/\/www.seven.io\/de\/wp-json\/wp\/v2\/pages"}],"about":[{"href":"https:\/\/www.seven.io\/de\/wp-json\/wp\/v2\/types\/page"}],"author":[{"embeddable":true,"href":"https:\/\/www.seven.io\/de\/wp-json\/wp\/v2\/users\/1"}],"replies":[{"embeddable":true,"href":"https:\/\/www.seven.io\/de\/wp-json\/wp\/v2\/comments?post=82504"}],"version-history":[{"count":26,"href":"https:\/\/www.seven.io\/de\/wp-json\/wp\/v2\/pages\/82504\/revisions"}],"predecessor-version":[{"id":88735,"href":"https:\/\/www.seven.io\/de\/wp-json\/wp\/v2\/pages\/82504\/revisions\/88735"}],"up":[{"embeddable":true,"href":"https:\/\/www.seven.io\/de\/wp-json\/wp\/v2\/pages\/17075"}],"wp:featuredmedia":[{"embeddable":true,"href":"https:\/\/www.seven.io\/de\/wp-json\/wp\/v2\/media\/82586"}],"wp:attachment":[{"href":"https:\/\/www.seven.io\/de\/wp-json\/wp\/v2\/media?parent=82504"}],"curies":[{"name":"wp","href":"https:\/\/api.w.org\/{rel}","templated":true}]}}