{"id":82514,"date":"2022-04-07T09:01:47","date_gmt":"2022-04-07T07:01:47","guid":{"rendered":"https:\/\/www.sms77.io\/?page_id=82514"},"modified":"2024-07-02T10:52:53","modified_gmt":"2024-07-02T08:52:53","slug":"servicedesk-plus-von-manageengine","status":"publish","type":"page","link":"https:\/\/www.seven.io\/de\/loesungen\/integrationen\/servicedesk-plus-von-manageengine\/","title":{"rendered":"ServiceDesk Plus von ManageEngine"},"content":{"rendered":"<section class=\"l-section wpb_row height_small\"><div class=\"l-section-h i-cf\"><div class=\"g-cols vc_row via_flex valign_middle type_default stacking_default\"><div class=\"vc_col-sm-6 wpb_column vc_column_container\"><div class=\"vc_column-inner\"><div class=\"wpb_wrapper\"><div class=\"wpb_text_column\"><div class=\"wpb_wrapper\"><p><strong>Service Desk Plus ist eine webbasierte Helpdesk-Software und IT-Service-Management-L\u00f6sung, die von ManageEngine angeboten wird. Mit umfassenden Funktionen soll die Software Ihrem Team den Support nicht nur erleichtern, sondern Abl\u00e4ufe auch weitgehend automatisieren und zu einer schnelleren, effizienteren Bearbeitung f\u00fchren. <\/strong><\/p>\n<p><strong>Der Versand von SMS-Benachrichtigungen ist gerade dann sinnvoll, wenn eine wichtige Nachricht so schnell wie m\u00f6glich gelesen werden soll. Um dies zu realisieren k\u00f6nnen Sie seven als Provider in ServiceDesk Plus integrieren.<\/strong><\/p>\n<\/div><\/div><div class=\"w-btn-wrapper align_none\"><a class=\"w-btn us-btn-style_1 no-border\" href=\"https:\/\/www.seven.io\/de\/docs\/drittanbieter\/manageengine-servicedesk-plus\/\"><span class=\"w-btn-label\">Anleitung: seven als Provider integrieren<\/span><\/a><\/div><\/div><\/div><\/div><div class=\"vc_col-sm-6 wpb_column vc_column_container\"><div class=\"vc_column-inner\"><div class=\"wpb_wrapper\"><div class=\"w-image no-border align_center\"><a href=\"https:\/\/www.manageengine.de\/produkte-loesungen\/it-helpdesk\/servicedesk-plus.html\" aria-label=\"integrationen_manageengine_servicedeskplus_logo\" class=\"w-image-h\" rel=\"noopener\"><img decoding=\"async\" width=\"350\" height=\"350\" src=\"https:\/\/www.seven.io\/wp-content\/uploads\/integrationen_manageengine_servicedeskplus_logo-350x350.png\" class=\"attachment-us_350_0 size-us_350_0\" alt=\"Logo von Manage Engines Service Desk Plus\" loading=\"lazy\" srcset=\"https:\/\/www.seven.io\/wp-content\/uploads\/integrationen_manageengine_servicedeskplus_logo-350x350.png 350w, https:\/\/www.seven.io\/wp-content\/uploads\/integrationen_manageengine_servicedeskplus_logo-300x300.png 300w, https:\/\/www.seven.io\/wp-content\/uploads\/integrationen_manageengine_servicedeskplus_logo-150x150.png 150w, https:\/\/www.seven.io\/wp-content\/uploads\/integrationen_manageengine_servicedeskplus_logo-250x250.png 250w, https:\/\/www.seven.io\/wp-content\/uploads\/integrationen_manageengine_servicedeskplus_logo-400x400.png 400w, https:\/\/www.seven.io\/wp-content\/uploads\/integrationen_manageengine_servicedeskplus_logo-200x200.png 200w, https:\/\/www.seven.io\/wp-content\/uploads\/integrationen_manageengine_servicedeskplus_logo.png 450w\" sizes=\"auto, (max-width: 350px) 100vw, 350px\" \/><\/a><\/div><\/div><\/div><\/div><\/div><\/div><\/section><section class=\"l-section wpb_row height_small color_alternate\"><div class=\"l-section-h i-cf\"><div class=\"g-cols vc_row via_flex valign_middle type_default stacking_default\"><div class=\"vc_col-sm-6 wpb_column vc_column_container\"><div class=\"vc_column-inner\"><div class=\"wpb_wrapper\"><div class=\"w-image align_center\"><div class=\"w-image-h\"><img decoding=\"async\" width=\"400\" height=\"267\" src=\"https:\/\/www.seven.io\/wp-content\/uploads\/integrationen_manageengine_servicedeskplus_mood-400x267.png\" class=\"attachment-us_400_0 size-us_400_0\" alt=\"Integrieren Sie sms77 als Provider in ServiceDesk Plus\" loading=\"lazy\" srcset=\"https:\/\/www.seven.io\/wp-content\/uploads\/integrationen_manageengine_servicedeskplus_mood-400x267.png 400w, https:\/\/www.seven.io\/wp-content\/uploads\/integrationen_manageengine_servicedeskplus_mood-300x200.png 300w, https:\/\/www.seven.io\/wp-content\/uploads\/integrationen_manageengine_servicedeskplus_mood-350x233.png 350w, https:\/\/www.seven.io\/wp-content\/uploads\/integrationen_manageengine_servicedeskplus_mood-250x167.png 250w, https:\/\/www.seven.io\/wp-content\/uploads\/integrationen_manageengine_servicedeskplus_mood-600x400.png 600w, https:\/\/www.seven.io\/wp-content\/uploads\/integrationen_manageengine_servicedeskplus_mood-768x512.png 768w, https:\/\/www.seven.io\/wp-content\/uploads\/integrationen_manageengine_servicedeskplus_mood-200x133.png 200w, https:\/\/www.seven.io\/wp-content\/uploads\/integrationen_manageengine_servicedeskplus_mood-500x333.png 500w, https:\/\/www.seven.io\/wp-content\/uploads\/integrationen_manageengine_servicedeskplus_mood.png 800w\" sizes=\"auto, (max-width: 400px) 100vw, 400px\" \/><\/div><\/div><div class=\"w-separator size_custom\" style=\"height:10px\"><\/div><div class=\"wpb_text_column\"><div class=\"wpb_wrapper\"><p style=\"text-align: center;\"><em>SMS erreichen ihr Ziel schnell und zuverl\u00e4ssig \u2013 ohne gro\u00dfen Aufwand.<\/em><\/p>\n<\/div><\/div><\/div><\/div><\/div><div class=\"vc_col-sm-6 wpb_column vc_column_container\"><div class=\"vc_column-inner\"><div class=\"wpb_wrapper\"><div class=\"wpb_text_column\"><div class=\"wpb_wrapper\"><h3>seven als Provider in ServiceDesk Plus integrieren<\/h3>\n<p>Sie k\u00f6nnen seven als Provider in <a href=\"https:\/\/www.manageengine.de\/produkte-loesungen\/it-helpdesk\/servicedesk-plus.html\" target=\"_blank\" rel=\"noopener\">ServiceDesk Plus<\/a> integrieren, um \u00fcber unser stabiles, zuverl\u00e4ssiges SMS Gateway SMS Benachrichtigungen zu versenden. Das Setup dauert nur wenige Minuten und Sie ben\u00f6tigen nur einen <a href=\"https:\/\/help.seven.io\/de\/api-key-zugriff\" rel=\"noopener\">API Key<\/a> sowie ausreichend Guthaben, wenn Sie eine Test-SMS versenden m\u00f6chten.<span class=\"Apple-converted-space\">\u00a0<\/span><\/p>\n<p>Wenn Sie sich f\u00fcr uns als Provider entscheiden, profitieren Sie nicht nur von unserem schnellen, skalierbaren und hochwertigem Gateway, Sie m\u00fcssen sich auch keine Sorgen um die <a href=\"\/de\/unternehmen\/dsgvo\/\">Einhaltung der DSGVO<\/a> machen. Unsere Server stehen in Deutschland und Datenschutz geh\u00f6rt zu unseren Grundprinzipien. Au\u00dferdem erwarten Sie weder feste Vertragslaufzeiten noch unflexible Produktpakete \u2013 Sie zahlen nur, was Sie auch verbrauchen.<\/p>\n<\/div><\/div><\/div><\/div><\/div><\/div><\/div><\/section><!-- Row Backgrounds --><div class=\"upb_color\" data-bg-override=\"0\" data-bg-color=\"#f4f4f4\" data-fadeout=\"\" data-fadeout-percentage=\"30\" data-parallax-content=\"\" data-parallax-content-sense=\"30\" data-row-effect-mobile-disable=\"true\" data-img-parallax-mobile-disable=\"true\" data-rtl=\"false\"  data-custom-vc-row=\"\"  data-vc=\"8.7.2\"  data-is_old_vc=\"\"  data-theme-support=\"disable\"   data-overlay=\"false\" data-overlay-color=\"\" data-overlay-pattern=\"\" data-overlay-pattern-opacity=\"\" data-overlay-pattern-size=\"\"    ><\/div><section class=\"l-section wpb_row height_small\"><div class=\"l-section-h i-cf\"><div class=\"g-cols vc_row via_flex valign_top type_default stacking_default\"><div class=\"vc_col-sm-12 wpb_column vc_column_container\"><div class=\"vc_column-inner\"><div class=\"wpb_wrapper\"><div class=\"w-actionbox us_custom_e47d7875 color_light controls_right\"><div class=\"w-actionbox-text\"><div class=\"w-actionbox-description\"><p>Sie brauchen Hilfe bei der Installation oder der Einrichtung der Funktionen?<br \/>\nLesen Sie unsere Dokumentation f\u00fcr Sie weitere Informationen.<\/p>\n<\/div><\/div><div class=\"w-actionbox-controls\"><a class=\"w-btn us-btn-style_5\" target=\"_blank\" rel=\"nofollow\" href=\"https:\/\/www.seven.io\/de\/docs\/drittanbieter\/manageengine-servicedesk-plus\/\"><span class=\"w-btn-label\">Dokumentation lesen<\/span><\/a><\/div><\/div><\/div><\/div><\/div><\/div><\/div><\/section><!-- Row Backgrounds --><div class=\"upb_color\" data-bg-override=\"0\" data-bg-color=\"#ffffff\" data-fadeout=\"\" data-fadeout-percentage=\"30\" data-parallax-content=\"\" data-parallax-content-sense=\"30\" data-row-effect-mobile-disable=\"true\" data-img-parallax-mobile-disable=\"true\" data-rtl=\"false\"  data-custom-vc-row=\"\"  data-vc=\"8.7.2\"  data-is_old_vc=\"\"  data-theme-support=\"disable\"   data-overlay=\"false\" data-overlay-color=\"\" data-overlay-pattern=\"\" data-overlay-pattern-opacity=\"\" data-overlay-pattern-size=\"\"    ><\/div>\n","protected":false},"excerpt":{"rendered":"Service Desk Plus ist eine webbasierte Helpdesk-Software und IT-Service-Management-L\u00f6sung, die von ManageEngine angeboten wird. Mit umfassenden Funktionen soll die Software Ihrem Team den Support nicht nur erleichtern, sondern Abl\u00e4ufe auch weitgehend automatisieren und zu einer schnelleren, effizienteren Bearbeitung f\u00fchren. Der Versand von SMS-Benachrichtigungen ist gerade dann sinnvoll, wenn eine wichtige Nachricht so schnell wie m\u00f6glich...","protected":false},"author":1,"featured_media":82596,"parent":17075,"menu_order":0,"comment_status":"closed","ping_status":"closed","template":"","meta":{"content-type":"","footnotes":""},"class_list":["post-82514","page","type-page","status-publish","has-post-thumbnail","hentry"],"_links":{"self":[{"href":"https:\/\/www.seven.io\/de\/wp-json\/wp\/v2\/pages\/82514","targetHints":{"allow":["GET"]}}],"collection":[{"href":"https:\/\/www.seven.io\/de\/wp-json\/wp\/v2\/pages"}],"about":[{"href":"https:\/\/www.seven.io\/de\/wp-json\/wp\/v2\/types\/page"}],"author":[{"embeddable":true,"href":"https:\/\/www.seven.io\/de\/wp-json\/wp\/v2\/users\/1"}],"replies":[{"embeddable":true,"href":"https:\/\/www.seven.io\/de\/wp-json\/wp\/v2\/comments?post=82514"}],"version-history":[{"count":20,"href":"https:\/\/www.seven.io\/de\/wp-json\/wp\/v2\/pages\/82514\/revisions"}],"predecessor-version":[{"id":92869,"href":"https:\/\/www.seven.io\/de\/wp-json\/wp\/v2\/pages\/82514\/revisions\/92869"}],"up":[{"embeddable":true,"href":"https:\/\/www.seven.io\/de\/wp-json\/wp\/v2\/pages\/17075"}],"wp:featuredmedia":[{"embeddable":true,"href":"https:\/\/www.seven.io\/de\/wp-json\/wp\/v2\/media\/82596"}],"wp:attachment":[{"href":"https:\/\/www.seven.io\/de\/wp-json\/wp\/v2\/media?parent=82514"}],"curies":[{"name":"wp","href":"https:\/\/api.w.org\/{rel}","templated":true}]}}