{"id":82541,"date":"2022-04-07T08:48:06","date_gmt":"2022-04-07T06:48:06","guid":{"rendered":"https:\/\/www.sms77.io\/?page_id=82541"},"modified":"2023-02-21T14:36:30","modified_gmt":"2023-02-21T13:36:30","slug":"group-office","status":"publish","type":"page","link":"https:\/\/www.seven.io\/de\/loesungen\/integrationen\/group-office\/","title":{"rendered":"Group Office"},"content":{"rendered":"<section class=\"l-section wpb_row height_small\"><div class=\"l-section-h i-cf\"><div class=\"g-cols vc_row via_flex valign_middle type_default stacking_default\"><div class=\"vc_col-sm-6 wpb_column vc_column_container\"><div class=\"vc_column-inner\"><div class=\"wpb_wrapper\"><div class=\"wpb_text_column\"><div class=\"wpb_wrapper\"><p><strong>Group Office vereint in sich ein CRM und Groupware-Software mit umfassenden Funktionen, wie File Sharing, Email- und Kalenderverwaltung, Aufgabenlisten und vielen mehr. In der Community-Version ist Group Office in einer Open-Source-Lizenz verf\u00fcgbar. Dar\u00fcber hinaus steht die Software in zahlreichen verschiedenen Sprachen zur Verf\u00fcgung.<\/strong><\/p>\n<p><strong>Mithilfe von Modulen k\u00f6nnen die Funktionen au\u00dferdem erweitert werden. Mit unserem Modul versenden Sie beispielsweise SMS aus Group Office oder nutzen unsere Text-to-Speech-Nachrichten.<span class=\"Apple-converted-space\">\u00a0<\/span><\/strong><\/p>\n<\/div><\/div><div class=\"w-btn-wrapper align_none\"><a class=\"w-btn us-btn-style_1 no-border\" target=\"_blank\" rel=\"nofollow noopener\" href=\"https:\/\/github.com\/seven-io\/groupoffice\"><span class=\"w-btn-label\">Unser SMS Plugin f\u00fcr Group Office<\/span><\/a><\/div><\/div><\/div><\/div><div class=\"vc_col-sm-6 wpb_column vc_column_container\"><div class=\"vc_column-inner\"><div class=\"wpb_wrapper\"><div class=\"w-image align_center\"><div class=\"w-image-h\"><img decoding=\"async\" width=\"300\" height=\"300\" src=\"https:\/\/www.seven.io\/wp-content\/uploads\/integrationen_groupOffice_logo-300x300.png\" class=\"attachment-us_300_0 size-us_300_0\" alt=\"Group Office Logo\" loading=\"lazy\" srcset=\"https:\/\/www.seven.io\/wp-content\/uploads\/integrationen_groupOffice_logo-300x300.png 300w, https:\/\/www.seven.io\/wp-content\/uploads\/integrationen_groupOffice_logo-150x150.png 150w, https:\/\/www.seven.io\/wp-content\/uploads\/integrationen_groupOffice_logo-350x350.png 350w, https:\/\/www.seven.io\/wp-content\/uploads\/integrationen_groupOffice_logo-250x250.png 250w, https:\/\/www.seven.io\/wp-content\/uploads\/integrationen_groupOffice_logo-400x400.png 400w, https:\/\/www.seven.io\/wp-content\/uploads\/integrationen_groupOffice_logo-200x200.png 200w, https:\/\/www.seven.io\/wp-content\/uploads\/integrationen_groupOffice_logo.png 450w\" sizes=\"auto, (max-width: 300px) 100vw, 300px\" \/><\/div><\/div><\/div><\/div><\/div><\/div><\/div><\/section><section class=\"l-section wpb_row height_small color_alternate\"><div class=\"l-section-h i-cf\"><div class=\"g-cols vc_row via_flex valign_middle type_default stacking_default\"><div class=\"vc_col-sm-6 wpb_column vc_column_container\"><div class=\"vc_column-inner\"><div class=\"wpb_wrapper\"><div class=\"w-image align_center\"><div class=\"w-image-h\"><img decoding=\"async\" width=\"350\" height=\"438\" src=\"https:\/\/www.seven.io\/wp-content\/uploads\/integrationen_groupoffice_mock_de-350x438.png\" class=\"attachment-us_350_0 size-us_350_0\" alt=\"Versenden Sie SMS aus Group Office\" loading=\"lazy\" srcset=\"https:\/\/www.seven.io\/wp-content\/uploads\/integrationen_groupoffice_mock_de-350x438.png 350w, https:\/\/www.seven.io\/wp-content\/uploads\/integrationen_groupoffice_mock_de-240x300.png 240w, https:\/\/www.seven.io\/wp-content\/uploads\/integrationen_groupoffice_mock_de-250x313.png 250w, https:\/\/www.seven.io\/wp-content\/uploads\/integrationen_groupoffice_mock_de-300x376.png 300w, https:\/\/www.seven.io\/wp-content\/uploads\/integrationen_groupoffice_mock_de-400x501.png 400w, https:\/\/www.seven.io\/wp-content\/uploads\/integrationen_groupoffice_mock_de-319x400.png 319w, https:\/\/www.seven.io\/wp-content\/uploads\/integrationen_groupoffice_mock_de-200x250.png 200w, https:\/\/www.seven.io\/wp-content\/uploads\/integrationen_groupoffice_mock_de-500x626.png 500w, https:\/\/www.seven.io\/wp-content\/uploads\/integrationen_groupoffice_mock_de.png 511w\" sizes=\"auto, (max-width: 350px) 100vw, 350px\" \/><\/div><\/div><\/div><\/div><\/div><div class=\"vc_col-sm-6 wpb_column vc_column_container\"><div class=\"vc_column-inner\"><div class=\"wpb_wrapper\"><div class=\"wpb_text_column\"><div class=\"wpb_wrapper\"><h3>Versenden Sie Text to Speech Nachrichten und SMS aus Group Office<\/h3>\n<p>Mit <a href=\"https:\/\/github.com\/seven-io\/groupoffice\" target=\"_blank\" rel=\"noopener\">unserem Plugin<\/a> realisieren Sie problemlos den Versand von Text to Speech Nachrichten und SMS aus Group Office. Nach einer kurzen Installation richten Sie den Versand mithilfe eines <a href=\"https:\/\/help.seven.io\/de\/api-key-zugriff\" rel=\"noopener\">API Keys<\/a> ein und schon k\u00f6nnen Sie Ihre erste Nachricht versenden.<\/p>\n<p>Der Versand von Massen SMS an Kunden eignet sich nicht nur f\u00fcr Marketingzwecke, sondern auch f\u00fcr Benachrichtigungen bei \u00c4nderungen wie Schlie\u00df- oder Wartungszeiten. In einigen Anwendungsf\u00e4llen ist auch der Versand von Text to Speech Nachrichten, manchmal auch Voice Nachrichten genannt, sinnvoll.<span class=\"Apple-converted-space\">\u00a0<\/span><\/p>\n<\/div><\/div><\/div><\/div><\/div><\/div><\/div><\/section><!-- Row Backgrounds --><div class=\"upb_color\" data-bg-override=\"0\" data-bg-color=\"#f4f4f4\" data-fadeout=\"\" data-fadeout-percentage=\"30\" data-parallax-content=\"\" data-parallax-content-sense=\"30\" data-row-effect-mobile-disable=\"true\" data-img-parallax-mobile-disable=\"true\" data-rtl=\"false\"  data-custom-vc-row=\"\"  data-vc=\"8.7.2\"  data-is_old_vc=\"\"  data-theme-support=\"disable\"   data-overlay=\"false\" data-overlay-color=\"\" data-overlay-pattern=\"\" data-overlay-pattern-opacity=\"\" data-overlay-pattern-size=\"\"    ><\/div><section class=\"l-section wpb_row height_small\"><div class=\"l-section-h i-cf\"><div class=\"g-cols vc_row via_flex valign_top type_default stacking_default\"><div class=\"vc_col-sm-6 wpb_column vc_column_container\"><div class=\"vc_column-inner\"><div class=\"wpb_wrapper\"><div class=\"wpb_text_column\"><div class=\"wpb_wrapper\"><h3>Massen SMS<\/h3>\n<\/div><\/div><div class=\"uavc-list-icon uavc-list-icon-wrapper ult-adjust-bottom-margin   \"><ul class=\"uavc-list\"><li><div class=\"uavc-list-content\" id=\"list-icon-wrap-2434\">\n<div class=\"uavc-list-icon  \" data-animation=\"\" data-animation-delay=\"03\" style=\"margin-right:25px;\"><div class=\"ult-just-icon-wrapper  \"><div class=\"align-icon\" style=\"text-align:center;\">\n<div class=\"aio-icon none \"  style=\"color:#52c0fa;font-size:40px;display:inline-block;\">\n\t<i class=\"Defaults-envelope-o\"><\/i>\n<\/div><\/div><\/div>\n<\/div><span  data-ultimate-target='#list-icon-wrap-2434 .uavc-list-desc'  data-responsive-json-new='{\"font-size\":\"\",\"line-height\":\"\"}'  class=\"uavc-list-desc ult-responsive\" style=\"\">Versenden Sie Massen SMS und profitieren Sie unmittelbar von der hohen \u00d6ffnungs- und Leserate der Kurznachrichten. SMS werden als sehr pers\u00f6nliche Nachrichten wahrgenommen und schaffen so eine besondere Beziehung zu Ihren Kunden.<\/span><\/div><\/li><\/ul><\/div><div class=\"wpb_text_column\"><div class=\"wpb_wrapper\"><h3>Platzhalter<\/h3>\n<\/div><\/div><div class=\"uavc-list-icon uavc-list-icon-wrapper ult-adjust-bottom-margin   \"><ul class=\"uavc-list\"><li><div class=\"uavc-list-content\" id=\"list-icon-wrap-4667\">\n<div class=\"uavc-list-icon  \" data-animation=\"\" data-animation-delay=\"03\" style=\"margin-right:25px;\"><div class=\"ult-just-icon-wrapper  \"><div class=\"align-icon\" style=\"text-align:center;\">\n<div class=\"aio-icon none \"  style=\"color:#52c0fa;font-size:40px;display:inline-block;\">\n\t<i class=\"Defaults-smile-o\"><\/i>\n<\/div><\/div><\/div>\n<\/div><span  data-ultimate-target='#list-icon-wrap-4667 .uavc-list-desc'  data-responsive-json-new='{\"font-size\":\"\",\"line-height\":\"\"}'  class=\"uavc-list-desc ult-responsive\" style=\"\">Nutzen Sie Platzhalter, um Ihre SMS zu individualisieren und Ihre Empf\u00e4nger pers\u00f6nlich anzusprechen. Dies ist besonders n\u00fctzlich, wenn Sie Massen SMS aus Group Office versenden.<span class=\"Apple-converted-space\">\u00a0<\/span><\/span><\/div><\/li><\/ul><\/div><\/div><\/div><\/div><div class=\"vc_col-sm-6 wpb_column vc_column_container\"><div class=\"vc_column-inner\"><div class=\"wpb_wrapper\"><div class=\"wpb_text_column\"><div class=\"wpb_wrapper\"><h3>Text to Speech Nachrichten<\/h3>\n<\/div><\/div><div class=\"uavc-list-icon uavc-list-icon-wrapper ult-adjust-bottom-margin   \"><ul class=\"uavc-list\"><li><div class=\"uavc-list-content\" id=\"list-icon-wrap-7027\">\n<div class=\"uavc-list-icon  \" data-animation=\"\" data-animation-delay=\"03\" style=\"margin-right:25px;\"><div class=\"ult-just-icon-wrapper  \"><div class=\"align-icon\" style=\"text-align:center;\">\n<div class=\"aio-icon none \"  style=\"color:#52c0fa;font-size:40px;display:inline-block;\">\n\t<i class=\"Defaults-phone\"><\/i>\n<\/div><\/div><\/div>\n<\/div><span  data-ultimate-target='#list-icon-wrap-7027 .uavc-list-desc'  data-responsive-json-new='{\"font-size\":\"\",\"line-height\":\"\"}'  class=\"uavc-list-desc ult-responsive\" style=\"\">Text to Speech oder Voice Nachrichten werden Ihren Empf\u00e4ngern als Anruf zugestellt und dann am Telefon vorgelesen. Unsere Kunden nutzen diese Funktion gern f\u00fcr Alarme oder in Situationen, in denen SMS nur schlecht gelesen werden k\u00f6nnen.<span class=\"Apple-converted-space\">\u00a0<\/span><\/span><\/div><\/li><\/ul><\/div><\/div><\/div><\/div><\/div><\/div><\/section><section class=\"l-section wpb_row height_small\"><div class=\"l-section-h i-cf\"><div class=\"g-cols vc_row via_flex valign_top type_default stacking_default\"><div class=\"vc_col-sm-12 wpb_column vc_column_container\"><div class=\"vc_column-inner\"><div class=\"wpb_wrapper\"><div class=\"w-actionbox us_custom_e47d7875 color_light controls_right\"><div class=\"w-actionbox-text\"><div class=\"w-actionbox-description\"><p>Sie brauchen Hilfe bei der Installation oder der Einrichtung der Funktionen?<br \/>\nAuf unserer GitHub-Seite finden Sie weitere Informationen.<\/p>\n<\/div><\/div><div class=\"w-actionbox-controls\"><a class=\"w-btn us-btn-style_5\" target=\"_blank\" rel=\"nofollow noopener\" href=\"https:\/\/github.com\/seven-io\/groupoffice\"><span class=\"w-btn-label\">Zu GitHub<\/span><\/a><\/div><\/div><\/div><\/div><\/div><\/div><\/div><\/section><!-- Row Backgrounds --><div class=\"upb_color\" data-bg-override=\"0\" data-bg-color=\"#ffffff\" data-fadeout=\"\" data-fadeout-percentage=\"30\" data-parallax-content=\"\" data-parallax-content-sense=\"30\" data-row-effect-mobile-disable=\"true\" data-img-parallax-mobile-disable=\"true\" data-rtl=\"false\"  data-custom-vc-row=\"\"  data-vc=\"8.7.2\"  data-is_old_vc=\"\"  data-theme-support=\"disable\"   data-overlay=\"false\" data-overlay-color=\"\" data-overlay-pattern=\"\" data-overlay-pattern-opacity=\"\" data-overlay-pattern-size=\"\"    ><\/div>\n","protected":false},"excerpt":{"rendered":"Group Office vereint in sich ein CRM und Groupware-Software mit umfassenden Funktionen, wie File Sharing, Email- und Kalenderverwaltung, Aufgabenlisten und vielen mehr. In der Community-Version ist Group Office in einer Open-Source-Lizenz verf\u00fcgbar. Dar\u00fcber hinaus steht die Software in zahlreichen verschiedenen Sprachen zur Verf\u00fcgung. Mithilfe von Modulen k\u00f6nnen die Funktionen au\u00dferdem erweitert werden. Mit unserem Modul...","protected":false},"author":1,"featured_media":82539,"parent":17075,"menu_order":0,"comment_status":"closed","ping_status":"closed","template":"","meta":{"content-type":"","footnotes":""},"class_list":["post-82541","page","type-page","status-publish","has-post-thumbnail","hentry"],"_links":{"self":[{"href":"https:\/\/www.seven.io\/de\/wp-json\/wp\/v2\/pages\/82541","targetHints":{"allow":["GET"]}}],"collection":[{"href":"https:\/\/www.seven.io\/de\/wp-json\/wp\/v2\/pages"}],"about":[{"href":"https:\/\/www.seven.io\/de\/wp-json\/wp\/v2\/types\/page"}],"author":[{"embeddable":true,"href":"https:\/\/www.seven.io\/de\/wp-json\/wp\/v2\/users\/1"}],"replies":[{"embeddable":true,"href":"https:\/\/www.seven.io\/de\/wp-json\/wp\/v2\/comments?post=82541"}],"version-history":[{"count":18,"href":"https:\/\/www.seven.io\/de\/wp-json\/wp\/v2\/pages\/82541\/revisions"}],"predecessor-version":[{"id":88651,"href":"https:\/\/www.seven.io\/de\/wp-json\/wp\/v2\/pages\/82541\/revisions\/88651"}],"up":[{"embeddable":true,"href":"https:\/\/www.seven.io\/de\/wp-json\/wp\/v2\/pages\/17075"}],"wp:featuredmedia":[{"embeddable":true,"href":"https:\/\/www.seven.io\/de\/wp-json\/wp\/v2\/media\/82539"}],"wp:attachment":[{"href":"https:\/\/www.seven.io\/de\/wp-json\/wp\/v2\/media?parent=82541"}],"curies":[{"name":"wp","href":"https:\/\/api.w.org\/{rel}","templated":true}]}}