{"id":82747,"date":"2022-05-12T14:51:06","date_gmt":"2022-05-12T12:51:06","guid":{"rendered":"https:\/\/www.sms77.io\/?page_id=82747"},"modified":"2023-04-25T11:31:28","modified_gmt":"2023-04-25T09:31:28","slug":"ifttt","status":"publish","type":"page","link":"https:\/\/www.seven.io\/de\/loesungen\/integrationen\/ifttt\/","title":{"rendered":"IFTTT"},"content":{"rendered":"<section class=\"l-section wpb_row height_small\"><div class=\"l-section-h i-cf\"><div class=\"g-cols vc_row via_flex valign_middle type_default stacking_default\"><div class=\"vc_col-sm-6 wpb_column vc_column_container\"><div class=\"vc_column-inner\"><div class=\"wpb_wrapper\"><div class=\"wpb_text_column\"><div class=\"wpb_wrapper\"><p><strong>IFTTT steht f\u00fcr <em>If this then that<\/em> und ist eine der bekanntesten No Code Automation Plattformen der Welt. Genauer erm\u00f6glicht IFTTT die Verkn\u00fcpfung verschiedener Dienste nach dem Prinzip \u201eWenn x passiert, mach y\u201c, woher auch der Name stammt. Durch die individuelle Verkn\u00fcpfung von <a href=\"https:\/\/ifttt.com\/services\" target=\"_blank\" rel=\"noopener\">mehr als 700 Diensten<\/a> untereinander k\u00f6nnen Millionen verschiedener Abl\u00e4ufe eingerichtet werden, die die unterschiedlichsten Zwecke erf\u00fcllen. <\/strong><\/p>\n<p><strong>Auch unser Service ist auf der Plattform verf\u00fcgbar. So k\u00f6nnen Sie nicht nur den Versand von SMS mit IFTTT realisieren sondern auch Voice-Nachrichten versenden und von unseren weiteren Messaging-Produkten profitieren. Probieren Sie es einfach aus!<\/strong><\/p>\n<\/div><\/div><div class=\"w-btn-wrapper align_none\"><a class=\"w-btn us-btn-style_1 no-border\" target=\"_blank\" rel=\"nofollow noopener\" href=\"https:\/\/ifttt.com\/sevenio\"><span class=\"w-btn-label\">Zu seven auf IFTTT<\/span><\/a><\/div><\/div><\/div><\/div><div class=\"vc_col-sm-6 wpb_column vc_column_container\"><div class=\"vc_column-inner\"><div class=\"wpb_wrapper\"><div class=\"w-video align_none ratio_16x9 has_iframe\"><div class=\"w-video-h\"><iframe title=\"Youtube video player\" src=\"\/\/www.youtube.com\/embed\/oOrygh5MGqY?autoplay=0&controls=1&origin=https:\/\/www.seven.io\/de\/&loop=0&mute=0\" allowfullscreen=\"1\" loading=\"lazy\"><\/iframe><\/div><\/div><\/div><\/div><\/div><\/div><\/div><\/section><section class=\"l-section wpb_row height_small color_alternate\"><div class=\"l-section-h i-cf\"><div class=\"g-cols vc_row via_flex valign_middle type_default stacking_default\"><div class=\"vc_col-sm-6 wpb_column vc_column_container\"><div class=\"vc_column-inner\"><div class=\"wpb_wrapper\"><div class=\"w-image align_center\"><div class=\"w-image-h\"><img decoding=\"async\" width=\"400\" height=\"501\" src=\"https:\/\/www.seven.io\/wp-content\/uploads\/integrationen_IFTTT_mock_de-400x501.png\" class=\"attachment-us_400_0 size-us_400_0\" alt=\"Versenden Sie SMS mit IFTTT, beispielsweise, um sich \u00fcber eine Aktivit\u00e4t benachrichtigen zu lassen, die eine Nest Cam aufgezeichnet hat\" loading=\"lazy\" srcset=\"https:\/\/www.seven.io\/wp-content\/uploads\/integrationen_IFTTT_mock_de-400x501.png 400w, https:\/\/www.seven.io\/wp-content\/uploads\/integrationen_IFTTT_mock_de-240x300.png 240w, https:\/\/www.seven.io\/wp-content\/uploads\/integrationen_IFTTT_mock_de-350x438.png 350w, https:\/\/www.seven.io\/wp-content\/uploads\/integrationen_IFTTT_mock_de-250x313.png 250w, https:\/\/www.seven.io\/wp-content\/uploads\/integrationen_IFTTT_mock_de-300x376.png 300w, https:\/\/www.seven.io\/wp-content\/uploads\/integrationen_IFTTT_mock_de-319x400.png 319w, https:\/\/www.seven.io\/wp-content\/uploads\/integrationen_IFTTT_mock_de-200x250.png 200w, https:\/\/www.seven.io\/wp-content\/uploads\/integrationen_IFTTT_mock_de-500x626.png 500w, https:\/\/www.seven.io\/wp-content\/uploads\/integrationen_IFTTT_mock_de.png 511w\" sizes=\"auto, (max-width: 400px) 100vw, 400px\" \/><\/div><\/div><\/div><\/div><\/div><div class=\"vc_col-sm-6 wpb_column vc_column_container\"><div class=\"vc_column-inner\"><div class=\"wpb_wrapper\"><div class=\"wpb_text_column\"><div class=\"wpb_wrapper\"><h3>Jetzt SMS mit IFTTT versenden<\/h3>\n<p>Bringen Sie Ihre Kommunikation auf das n\u00e4chste Level: Mit seven und IFTTT. Unsere Integration erm\u00f6glicht es Ihnen, nicht nur Text-to-Speech-Nachrichten, sondern auch SMS mit IFTTT zu versenden.<\/p>\n<p>Text-to-Speech-Nachrichten k\u00f6nnen Sie beispielsweise dann nutzen, wenn Ihre Nachricht besonders viel Aufmerksamkeit erregen muss oder wenn Ihre Empf\u00e4nger nicht in der Lage sind, SMS zu lesen. Mit SMS hingegen erreichen Sie einfach und effektiv jedes Mobiltelefon \u2013 ohne gro\u00dfen Aufwand. Nat\u00fcrlich k\u00f6nnen Sie auch die dazugeh\u00f6rigen Funktionen wie <a href=\"https:\/\/help.seven.io\/de\/flash-sms\" rel=\"noopener\">Flash SMS<\/a>, Labels und zeitverz\u00f6gertes Senden nutzen.<\/p>\n<p>Probieren Sie es aus: Erstellen Sie Ihr erstes Applet mit seven und IFTTT.<\/p>\n<\/div><\/div><\/div><\/div><\/div><\/div><\/div><\/section><!-- Row Backgrounds --><div class=\"upb_color\" data-bg-override=\"0\" data-bg-color=\"#f4f4f4\" data-fadeout=\"\" data-fadeout-percentage=\"30\" data-parallax-content=\"\" data-parallax-content-sense=\"30\" data-row-effect-mobile-disable=\"true\" data-img-parallax-mobile-disable=\"true\" data-rtl=\"false\"  data-custom-vc-row=\"\"  data-vc=\"8.7.2\"  data-is_old_vc=\"\"  data-theme-support=\"disable\"   data-overlay=\"false\" data-overlay-color=\"\" data-overlay-pattern=\"\" data-overlay-pattern-opacity=\"\" data-overlay-pattern-size=\"\"    ><\/div><section class=\"l-section wpb_row height_small\"><div class=\"l-section-h i-cf\"><div class=\"g-cols vc_row via_flex valign_top type_default stacking_default\"><div class=\"vc_col-sm-6 wpb_column vc_column_container\"><div class=\"vc_column-inner\"><div class=\"wpb_wrapper\"><div class=\"wpb_text_column\"><div class=\"wpb_wrapper\"><h3>SMS bei Bewegungserfassung senden<\/h3>\n<\/div><\/div><div class=\"uavc-list-icon uavc-list-icon-wrapper ult-adjust-bottom-margin   \"><ul class=\"uavc-list\"><li><div class=\"uavc-list-content\" id=\"list-icon-wrap-4992\">\n<div class=\"uavc-list-icon  \" data-animation=\"\" data-animation-delay=\"03\" style=\"margin-right:25px;\"><div class=\"ult-just-icon-wrapper  \"><div class=\"align-icon\" style=\"text-align:center;\">\n<div class=\"aio-icon none \"  style=\"color:#52c0fa;font-size:40px;display:inline-block;\">\n\t<i class=\"Defaults-home\"><\/i>\n<\/div><\/div><\/div>\n<\/div><span  data-ultimate-target='#list-icon-wrap-4992 .uavc-list-desc'  data-responsive-json-new='{\"font-size\":\"\",\"line-height\":\"\"}'  class=\"uavc-list-desc ult-responsive\" style=\"\">Mit unserem Applet k\u00f6nnen Sie eine SMS versenden lassen, wenn ein Bewegungsmelder eine Bewegung wahrnimmt. Gut f\u00fcr die \u00dcberwachung wichtiger R\u00e4ume.<\/span><\/div><\/li><\/ul><\/div><div class=\"wpb_text_column\"><div class=\"wpb_wrapper\"><h3>Viele andere M\u00f6glichkeiten<\/h3>\n<\/div><\/div><div class=\"uavc-list-icon uavc-list-icon-wrapper ult-adjust-bottom-margin   \"><ul class=\"uavc-list\"><li><div class=\"uavc-list-content\" id=\"list-icon-wrap-4444\">\n<div class=\"uavc-list-icon  \" data-animation=\"\" data-animation-delay=\"03\" style=\"margin-right:25px;\"><div class=\"ult-just-icon-wrapper  \"><div class=\"align-icon\" style=\"text-align:center;\">\n<div class=\"aio-icon none \"  style=\"color:#52c0fa;font-size:40px;display:inline-block;\">\n\t<i class=\"Defaults-list\"><\/i>\n<\/div><\/div><\/div>\n<\/div><span  data-ultimate-target='#list-icon-wrap-4444 .uavc-list-desc'  data-responsive-json-new='{\"font-size\":\"\",\"line-height\":\"\"}'  class=\"uavc-list-desc ult-responsive\" style=\"\">Nutzen Sie unsere vorgefertigten Applets oder entwickeln Sie Ihren eigenen Workflow. Versenden Sie bereits SMS mit IFTTT? Wir freuen uns, <a href=\"mailto:hello@seven.io\">von Ihrem Anwendungsfall zu h\u00f6ren<\/a>.<\/span><\/div><\/li><\/ul><\/div><\/div><\/div><\/div><div class=\"vc_col-sm-6 wpb_column vc_column_container\"><div class=\"vc_column-inner\"><div class=\"wpb_wrapper\"><div class=\"wpb_text_column\"><div class=\"wpb_wrapper\"><h3>SMS bei Klick auf Button versenden<\/h3>\n<\/div><\/div><div class=\"uavc-list-icon uavc-list-icon-wrapper ult-adjust-bottom-margin   \"><ul class=\"uavc-list\"><li><div class=\"uavc-list-content\" id=\"list-icon-wrap-9430\">\n<div class=\"uavc-list-icon  \" data-animation=\"\" data-animation-delay=\"03\" style=\"margin-right:25px;\"><div class=\"ult-just-icon-wrapper  \"><div class=\"align-icon\" style=\"text-align:center;\">\n<div class=\"aio-icon none \"  style=\"color:#52c0fa;font-size:40px;display:inline-block;\">\n\t<i class=\"Defaults-hand-o-up\"><\/i>\n<\/div><\/div><\/div>\n<\/div><span  data-ultimate-target='#list-icon-wrap-9430 .uavc-list-desc'  data-responsive-json-new='{\"font-size\":\"\",\"line-height\":\"\"}'  class=\"uavc-list-desc ult-responsive\" style=\"\">Legen Sie einen Button fest, der einen SMS-Versand ausl\u00f6st, wenn er geklickt wird. Anwendbar f\u00fcr zahlreiche Szenarien \u2013 werden Sie kreativ!<\/span><\/div><\/li><\/ul><\/div><\/div><\/div><\/div><\/div><\/div><\/section><section class=\"l-section wpb_row height_small\"><div class=\"l-section-h i-cf\"><div class=\"g-cols vc_row via_flex valign_top type_default stacking_default\"><div class=\"vc_col-sm-12 wpb_column vc_column_container\"><div class=\"vc_column-inner\"><div class=\"wpb_wrapper\"><div class=\"w-actionbox us_custom_e47d7875 color_light controls_right\"><div class=\"w-actionbox-text\"><div class=\"w-actionbox-description\"><p>Sie sind auf der Suche nach Details? Besuchen Sie unsere Seite auf IFTTT, um mehr zu erfahren.<\/p>\n<\/div><\/div><div class=\"w-actionbox-controls\"><a class=\"w-btn us-btn-style_5\" target=\"_blank\" rel=\"nofollow noopener\" href=\"https:\/\/ifttt.com\/sevenio\/details\"><span class=\"w-btn-label\">Zu IFTTT<\/span><\/a><\/div><\/div><\/div><\/div><\/div><\/div><\/div><\/section><!-- Row Backgrounds --><div class=\"upb_color\" data-bg-override=\"0\" data-bg-color=\"#ffffff\" data-fadeout=\"\" data-fadeout-percentage=\"30\" data-parallax-content=\"\" data-parallax-content-sense=\"30\" data-row-effect-mobile-disable=\"true\" data-img-parallax-mobile-disable=\"true\" data-rtl=\"false\"  data-custom-vc-row=\"\"  data-vc=\"8.7.2\"  data-is_old_vc=\"\"  data-theme-support=\"disable\"   data-overlay=\"false\" data-overlay-color=\"\" data-overlay-pattern=\"\" data-overlay-pattern-opacity=\"\" data-overlay-pattern-size=\"\"    ><\/div>\n","protected":false},"excerpt":{"rendered":"IFTTT steht f\u00fcr If this then that und ist eine der bekanntesten No Code Automation Plattformen der Welt. Genauer erm\u00f6glicht IFTTT die Verkn\u00fcpfung verschiedener Dienste nach dem Prinzip \u201eWenn x passiert, mach y\u201c, woher auch der Name stammt. Durch die individuelle Verkn\u00fcpfung von mehr als 700 Diensten untereinander k\u00f6nnen Millionen verschiedener Abl\u00e4ufe eingerichtet werden, die...","protected":false},"author":1,"featured_media":82750,"parent":17075,"menu_order":0,"comment_status":"closed","ping_status":"closed","template":"","meta":{"content-type":"","footnotes":""},"class_list":["post-82747","page","type-page","status-publish","has-post-thumbnail","hentry"],"_links":{"self":[{"href":"https:\/\/www.seven.io\/de\/wp-json\/wp\/v2\/pages\/82747","targetHints":{"allow":["GET"]}}],"collection":[{"href":"https:\/\/www.seven.io\/de\/wp-json\/wp\/v2\/pages"}],"about":[{"href":"https:\/\/www.seven.io\/de\/wp-json\/wp\/v2\/types\/page"}],"author":[{"embeddable":true,"href":"https:\/\/www.seven.io\/de\/wp-json\/wp\/v2\/users\/1"}],"replies":[{"embeddable":true,"href":"https:\/\/www.seven.io\/de\/wp-json\/wp\/v2\/comments?post=82747"}],"version-history":[{"count":25,"href":"https:\/\/www.seven.io\/de\/wp-json\/wp\/v2\/pages\/82747\/revisions"}],"predecessor-version":[{"id":89210,"href":"https:\/\/www.seven.io\/de\/wp-json\/wp\/v2\/pages\/82747\/revisions\/89210"}],"up":[{"embeddable":true,"href":"https:\/\/www.seven.io\/de\/wp-json\/wp\/v2\/pages\/17075"}],"wp:featuredmedia":[{"embeddable":true,"href":"https:\/\/www.seven.io\/de\/wp-json\/wp\/v2\/media\/82750"}],"wp:attachment":[{"href":"https:\/\/www.seven.io\/de\/wp-json\/wp\/v2\/media?parent=82747"}],"curies":[{"name":"wp","href":"https:\/\/api.w.org\/{rel}","templated":true}]}}