{"id":82901,"date":"2022-05-02T07:55:06","date_gmt":"2022-05-02T05:55:06","guid":{"rendered":"https:\/\/www.sms77.io\/?page_id=82901"},"modified":"2023-02-22T14:04:31","modified_gmt":"2023-02-22T13:04:31","slug":"zapier","status":"publish","type":"page","link":"https:\/\/www.seven.io\/de\/loesungen\/integrationen\/zapier\/","title":{"rendered":"Zapier"},"content":{"rendered":"<section class=\"l-section wpb_row height_small\"><div class=\"l-section-h i-cf\"><div class=\"g-cols vc_row via_flex valign_middle type_default stacking_default\"><div class=\"vc_col-sm-6 wpb_column vc_column_container\"><div class=\"vc_column-inner\"><div class=\"wpb_wrapper\"><div class=\"wpb_text_column\"><div class=\"wpb_wrapper\"><p><strong>Zapier ist eines der beliebtesten Online Tools zur Verkn\u00fcpfung von Web-Anwendungen und der Automatisierung von Abl\u00e4ufen weltweit. Es stehen <a href=\"https:\/\/zapier.com\/apps\" target=\"_blank\" rel=\"noopener\">mehr als 5000 Apps<\/a> zur Verf\u00fcgung, die miteinander kombiniert werden k\u00f6nnen, um diverse und individuelle Arbeitsabl\u00e4ufe zu gestalten. Der Basisplan von Zapier ist kostenlos und es gibt andere <a href=\"https:\/\/zapier.com\/pricing\" target=\"_blank\" rel=\"noopener\">Preispl\u00e4ne<\/a> f\u00fcr unterschiedliche Anforderungen.<\/strong><\/p>\n<p><strong>Mit der Integration von seven k\u00f6nnen Sie auch im Handumdrehen SMS mit Zapier versenden. Sie k\u00f6nnen aber auch Lookup Produkte und unsere Voice Funktion nutzen. Erfahren Sie hier, was Sie erwartet oder gelangen Sie \u00fcber einen Klick direkt zu unserer App bei Zapier.<\/strong><\/p>\n<\/div><\/div><div class=\"w-btn-wrapper align_none\"><a class=\"w-btn us-btn-style_1 no-border\" target=\"_blank\" rel=\"nofollow noopener\" href=\"https:\/\/zapier.com\/apps\/sms77\/integrations\"><span class=\"w-btn-label\">Zu unserer Zapier App<\/span><\/a><\/div><\/div><\/div><\/div><div class=\"vc_col-sm-6 wpb_column vc_column_container\"><div class=\"vc_column-inner\"><div class=\"wpb_wrapper\"><div class=\"w-video align_none ratio_16x9 has_iframe\"><div class=\"w-video-h\"><iframe title=\"Youtube video player\" src=\"\/\/www.youtube.com\/embed\/ZAdMFgkc9jo?autoplay=0&controls=1&origin=https:\/\/www.seven.io\/de\/&loop=0&mute=0\" allowfullscreen=\"1\" loading=\"lazy\"><\/iframe><\/div><\/div><\/div><\/div><\/div><\/div><\/div><\/section><section class=\"l-section wpb_row height_small color_alternate\"><div class=\"l-section-h i-cf\"><div class=\"g-cols vc_row via_flex valign_middle type_default stacking_default\"><div class=\"vc_col-sm-6 wpb_column vc_column_container\"><div class=\"vc_column-inner\"><div class=\"wpb_wrapper\"><div class=\"w-image align_center\"><div class=\"w-image-h\"><img decoding=\"async\" width=\"400\" height=\"199\" src=\"https:\/\/www.seven.io\/wp-content\/uploads\/2018\/02\/beispiele-zapier-apps.png\" class=\"attachment-us_400_0 size-us_400_0\" alt=\"Zapier Apps Beispiele \u2013 SMS mit Zapier und anderen Apps versenden\" loading=\"lazy\" srcset=\"https:\/\/www.seven.io\/wp-content\/uploads\/2018\/02\/beispiele-zapier-apps.png 4204w, https:\/\/www.seven.io\/wp-content\/uploads\/2018\/02\/beispiele-zapier-apps-300x149.png 300w, https:\/\/www.seven.io\/wp-content\/uploads\/2018\/02\/beispiele-zapier-apps-768x382.png 768w, https:\/\/www.seven.io\/wp-content\/uploads\/2018\/02\/beispiele-zapier-apps-1024x510.png 1024w, https:\/\/www.seven.io\/wp-content\/uploads\/2018\/02\/beispiele-zapier-apps-600x299.png 600w\" sizes=\"auto, (max-width: 400px) 100vw, 400px\" \/><\/div><\/div><div class=\"w-separator size_custom\" style=\"height:10px\"><\/div><div class=\"wpb_text_column\"><div class=\"wpb_wrapper\"><p style=\"text-align: center;\"><em>Mehr als 5000 Apps k\u00f6nnen in Zapier miteinander verkn\u00fcpft werden.<\/em><\/p>\n<\/div><\/div><\/div><\/div><\/div><div class=\"vc_col-sm-6 wpb_column vc_column_container\"><div class=\"vc_column-inner\"><div class=\"wpb_wrapper\"><div class=\"wpb_text_column\"><div class=\"wpb_wrapper\"><h3>Versenden Sie SMS mit Zapier \u2013 und mehr<\/h3>\n<p>Mit unserer App stehen Ihnen verschiedene Funktionen zur Verf\u00fcgung. Als Trigger k\u00f6nnen Sie beispielsweise eingehende SMS und eingehende Anrufe nutzen. Als Aktion steht Ihnen selbstverst\u00e4ndlich der Versand von SMS mit Zapier zur Verf\u00fcgung. Sie k\u00f6nnen aber auch Voice-Nachrichten versenden, verschiedene <a href=\"\/produkte\/nummernvalidierung\/\">Lookups<\/a> ausl\u00f6sen, einen Webhook registrieren oder Analyse- oder Logbuchdaten abfragen.<\/p>\n<p>Legen Sie Ihren Arbeitsablauf in nur wenigen Schritten an und profitieren Sie von unseren Produkten und dem starken Zusammenspiel der zahlreichen anderen Apps, die auf Zapier verf\u00fcgbar sind. Ihrer Fantasie sind kaum Grenzen gesetzt! Zur Einrichtung in Zapier brauchen Sie nur einen API Key, den Sie <a href=\"https:\/\/help.seven.io\/de\/api-key-zugriff\" rel=\"noopener\">ganz schnell selbst anlegen<\/a> k\u00f6nnen. Probieren Sie es einfach aus!<\/p>\n<\/div><\/div><\/div><\/div><\/div><\/div><\/div><\/section><!-- Row Backgrounds --><div class=\"upb_color\" data-bg-override=\"0\" data-bg-color=\"#f4f4f4\" data-fadeout=\"\" data-fadeout-percentage=\"30\" data-parallax-content=\"\" data-parallax-content-sense=\"30\" data-row-effect-mobile-disable=\"true\" data-img-parallax-mobile-disable=\"true\" data-rtl=\"false\"  data-custom-vc-row=\"\"  data-vc=\"8.7.2\"  data-is_old_vc=\"\"  data-theme-support=\"disable\"   data-overlay=\"false\" data-overlay-color=\"\" data-overlay-pattern=\"\" data-overlay-pattern-opacity=\"\" data-overlay-pattern-size=\"\"    ><\/div><section class=\"l-section wpb_row height_small\"><div class=\"l-section-h i-cf\"><div class=\"g-cols vc_row via_flex valign_middle type_default stacking_default\"><div class=\"vc_col-sm-12 wpb_column vc_column_container\"><div class=\"vc_column-inner\"><div class=\"wpb_wrapper\"><div class=\"wpb_text_column\"><div class=\"wpb_wrapper\"><h4 style=\"text-align: center;\">Anwendungsbeispiele f\u00fcr unseren Service mit Zapier finden Sie in unseren Blogposts:<\/h4>\n<\/div><\/div><div class=\"w-grid us_carousel type_carousel layout_blog_1 preload_style_spinner items_4\" id=\"us_grid_1\" style=\"--items:4;--gap:1.5rem;\"><style>.layout_blog_1 .w-grid-item-h{}.layout_blog_1 .usg_post_image_1{margin-bottom:0.5rem!important}.layout_blog_1 .usg_post_title_1{font-size:1rem!important}<\/style><div class=\"w-grid-list owl-carousel valign_stretch dotstyle_circle navstyle_circle arrows-ver-pos_middle arrows-hor-pos_on_sides_outside arrows-disabled_hide owl-responsive-2000 with_dots with_arrows\" style=\"--transition-duration:350ms;--arrows-size:1.5rem;--arrows-hor-offset:calc(0px + 1.5rem);--arrows-gap:10px;\">\t<article class=\"w-grid-item post-17485 post type-post status-publish format-standard has-post-thumbnail hentry category-tutorials tag-apps-verknuepfen tag-automatisierung tag-organisation tag-teamarbeit tag-trello tag-zap tag-zapier\" data-id=\"17485\">\r\n\t\t<div class=\"w-grid-item-h\">\r\n\t\t\t\t\t\t<div class=\"w-post-elm post_image usg_post_image_1 stretched\"><a href=\"https:\/\/www.seven.io\/de\/blog\/behalten-sie-den-ueberblick-ueber-trello-mit-zapier-und-sms77\/\" aria-label=\"Behalten Sie den \u00dcberblick \u00fcber Trello mit Zapier und seven\"><img decoding=\"async\" width=\"1024\" height=\"489\" src=\"https:\/\/www.seven.io\/wp-content\/uploads\/Trello-Zap-header-1024x489.jpg\" class=\"attachment-large size-large wp-post-image\" alt=\"Trello Zapier Header\" srcset=\"https:\/\/www.seven.io\/wp-content\/uploads\/Trello-Zap-header-1024x489.jpg 1024w, https:\/\/www.seven.io\/wp-content\/uploads\/Trello-Zap-header-300x143.jpg 300w, https:\/\/www.seven.io\/wp-content\/uploads\/Trello-Zap-header-1536x734.jpg 1536w, https:\/\/www.seven.io\/wp-content\/uploads\/Trello-Zap-header-600x287.jpg 600w, https:\/\/www.seven.io\/wp-content\/uploads\/Trello-Zap-header-768x367.jpg 768w, https:\/\/www.seven.io\/wp-content\/uploads\/Trello-Zap-header.jpg 1800w\" sizes=\"(max-width: 1024px) 100vw, 1024px\" \/><\/a><\/div><h2 class=\"w-post-elm post_title usg_post_title_1 entry-title color_link_inherit\"><a href=\"https:\/\/www.seven.io\/de\/blog\/behalten-sie-den-ueberblick-ueber-trello-mit-zapier-und-sms77\/\">Behalten Sie den \u00dcberblick \u00fcber Trello mit Zapier und seven<\/a><\/h2>\t\t<\/div>\r\n\t\t\t<\/article>\r\n\t<article class=\"w-grid-item post-14331 post type-post status-publish format-standard has-post-thumbnail hentry category-tutorials tag-email-kampagne tag-mailchimp tag-mailing tag-sms-benachrichtigung tag-zap tag-zapier\" data-id=\"14331\">\r\n\t\t<div class=\"w-grid-item-h\">\r\n\t\t\t\t\t\t<div class=\"w-post-elm post_image usg_post_image_1 stretched\"><a href=\"https:\/\/www.seven.io\/de\/blog\/lassen-sie-sich-von-ihrer-mailchimp-kampagne-per-sms-benachrichtigen-zapier-machts-moeglich\/\" aria-label=\"Lassen Sie sich von Ihrer Mailchimp Kampagne per SMS benachrichtigen: Zapier macht&#8217;s m\u00f6glich\"><img decoding=\"async\" width=\"1024\" height=\"678\" src=\"https:\/\/www.seven.io\/wp-content\/uploads\/2018\/11\/iStock-825187098-1-1024x678.jpg\" class=\"attachment-large size-large wp-post-image\" alt=\"Mailchimp und sms77\" srcset=\"https:\/\/www.seven.io\/wp-content\/uploads\/2018\/11\/iStock-825187098-1-1024x678.jpg 1024w, https:\/\/www.seven.io\/wp-content\/uploads\/2018\/11\/iStock-825187098-1-300x199.jpg 300w, https:\/\/www.seven.io\/wp-content\/uploads\/2018\/11\/iStock-825187098-1-600x397.jpg 600w, https:\/\/www.seven.io\/wp-content\/uploads\/2018\/11\/iStock-825187098-1-768x509.jpg 768w\" sizes=\"(max-width: 1024px) 100vw, 1024px\" \/><\/a><\/div><h2 class=\"w-post-elm post_title usg_post_title_1 entry-title color_link_inherit\"><a href=\"https:\/\/www.seven.io\/de\/blog\/lassen-sie-sich-von-ihrer-mailchimp-kampagne-per-sms-benachrichtigen-zapier-machts-moeglich\/\">Lassen Sie sich von Ihrer Mailchimp Kampagne per SMS benachrichtigen: Zapier macht&#8217;s m\u00f6glich<\/a><\/h2>\t\t<\/div>\r\n\t\t\t<\/article>\r\n\t<article class=\"w-grid-item post-12875 post type-post status-publish format-standard has-post-thumbnail hentry category-tutorials tag-google-calendar tag-kalender-zap tag-sms-benachrichtigung tag-sms-erinnerung tag-terminerinnerungen tag-zapier\" data-id=\"12875\">\r\n\t\t<div class=\"w-grid-item-h\">\r\n\t\t\t\t\t\t<div class=\"w-post-elm post_image usg_post_image_1 stretched\"><a href=\"https:\/\/www.seven.io\/de\/blog\/erhalten-sie-automatisch-benachrichtigungen-per-sms-fuer-bevorstehende-google-kalender-ereignisse\/\" aria-label=\"Erhalten Sie automatisch Benachrichtigungen per SMS f\u00fcr bevorstehende Google-Kalender Ereignisse\"><img decoding=\"async\" width=\"1024\" height=\"576\" src=\"https:\/\/www.seven.io\/wp-content\/uploads\/2018\/05\/123-1024x576.jpg\" class=\"attachment-large size-large wp-post-image\" alt=\"Google-Kalender und sms77 via Zapier\" srcset=\"https:\/\/www.seven.io\/wp-content\/uploads\/2018\/05\/123-1024x576.jpg 1024w, https:\/\/www.seven.io\/wp-content\/uploads\/2018\/05\/123-300x169.jpg 300w, https:\/\/www.seven.io\/wp-content\/uploads\/2018\/05\/123-768x432.jpg 768w, https:\/\/www.seven.io\/wp-content\/uploads\/2018\/05\/123-600x338.jpg 600w\" sizes=\"(max-width: 1024px) 100vw, 1024px\" \/><\/a><\/div><h2 class=\"w-post-elm post_title usg_post_title_1 entry-title color_link_inherit\"><a href=\"https:\/\/www.seven.io\/de\/blog\/erhalten-sie-automatisch-benachrichtigungen-per-sms-fuer-bevorstehende-google-kalender-ereignisse\/\">Erhalten Sie automatisch Benachrichtigungen per SMS f\u00fcr bevorstehende Google-Kalender Ereignisse<\/a><\/h2>\t\t<\/div>\r\n\t\t\t<\/article>\r\n\t<article class=\"w-grid-item post-12574 post type-post status-publish format-standard has-post-thumbnail hentry category-tutorials category-news-trends tag-apps-verknuepfen tag-zap tag-zapier\" data-id=\"12574\">\r\n\t\t<div class=\"w-grid-item-h\">\r\n\t\t\t\t\t\t<div class=\"w-post-elm post_image usg_post_image_1 stretched\"><a href=\"https:\/\/www.seven.io\/de\/blog\/sms77-kann-ab-sofort-gezapt-werden-erfahren-sie-mehr-ueber-zapier-und-wie-sie-ihre-apps-interaktiv-miteinander-verknuepfen\/\" aria-label=\"seven kann gezapt werden &#8211; Erfahren Sie mehr \u00fcber Zapier und wie Sie Ihre Apps interaktiv miteinander verkn\u00fcpfen\"><img decoding=\"async\" width=\"1024\" height=\"683\" src=\"https:\/\/www.seven.io\/wp-content\/uploads\/2018\/02\/zapier-1024x683.jpg\" class=\"attachment-large size-large wp-post-image\" alt=\"\" srcset=\"https:\/\/www.seven.io\/wp-content\/uploads\/2018\/02\/zapier-1024x683.jpg 1024w, https:\/\/www.seven.io\/wp-content\/uploads\/2018\/02\/zapier-300x200.jpg 300w, https:\/\/www.seven.io\/wp-content\/uploads\/2018\/02\/zapier-768x512.jpg 768w, https:\/\/www.seven.io\/wp-content\/uploads\/2018\/02\/zapier-600x400.jpg 600w, https:\/\/www.seven.io\/wp-content\/uploads\/2018\/02\/zapier.jpg 1800w\" sizes=\"(max-width: 1024px) 100vw, 1024px\" \/><\/a><\/div><h2 class=\"w-post-elm post_title usg_post_title_1 entry-title color_link_inherit\"><a href=\"https:\/\/www.seven.io\/de\/blog\/sms77-kann-ab-sofort-gezapt-werden-erfahren-sie-mehr-ueber-zapier-und-wie-sie-ihre-apps-interaktiv-miteinander-verknuepfen\/\">seven kann gezapt werden &#8211; Erfahren Sie mehr \u00fcber Zapier und wie Sie Ihre Apps interaktiv miteinander verkn\u00fcpfen<\/a><\/h2>\t\t<\/div>\r\n\t\t\t<\/article>\r\n<\/div><div class=\"w-grid-carousel-json hidden\" onclick='return {&quot;carousel_settings&quot;:{&quot;aria_labels&quot;:{&quot;prev&quot;:&quot;Zur\\u00fcck&quot;,&quot;next&quot;:&quot;Weiter&quot;},&quot;autoplayContinual&quot;:false,&quot;autoplayHoverPause&quot;:false,&quot;autoplayTimeout&quot;:3000,&quot;autoWidth&quot;:false,&quot;smartSpeed&quot;:350,&quot;margin&quot;:0,&quot;mouseDrag&quot;:true,&quot;rtl&quot;:false,&quot;slideBy&quot;:&quot;1&quot;,&quot;touchDrag&quot;:true,&quot;slideTransition&quot;:&quot;&quot;,&quot;responsive&quot;:{&quot;0&quot;:{&quot;autoHeight&quot;:false,&quot;autoplay&quot;:true,&quot;autoWidth&quot;:false,&quot;center&quot;:false,&quot;dots&quot;:true,&quot;items&quot;:1,&quot;loop&quot;:true,&quot;nav&quot;:false,&quot;stagePadding&quot;:0,&quot;slideBy&quot;:&quot;1&quot;},&quot;601&quot;:{&quot;autoHeight&quot;:false,&quot;autoplay&quot;:true,&quot;autoWidth&quot;:false,&quot;center&quot;:false,&quot;dots&quot;:true,&quot;items&quot;:2,&quot;loop&quot;:true,&quot;nav&quot;:true,&quot;stagePadding&quot;:0,&quot;slideBy&quot;:&quot;1&quot;},&quot;1025&quot;:{&quot;autoHeight&quot;:false,&quot;autoplay&quot;:true,&quot;autoWidth&quot;:false,&quot;center&quot;:false,&quot;dots&quot;:true,&quot;items&quot;:3,&quot;loop&quot;:true,&quot;nav&quot;:true,&quot;stagePadding&quot;:0,&quot;slideBy&quot;:&quot;1&quot;},&quot;1281&quot;:{&quot;items&quot;:4,&quot;autoplay&quot;:false,&quot;center&quot;:false,&quot;dots&quot;:true,&quot;nav&quot;:true,&quot;autoHeight&quot;:false,&quot;autoWidth&quot;:false,&quot;loop&quot;:false,&quot;stagePadding&quot;:0}}}}'><\/div><\/div><\/div><\/div><\/div><\/div><\/div><\/section><section class=\"l-section wpb_row height_small\"><div class=\"l-section-h i-cf\"><div class=\"g-cols vc_row via_flex valign_top type_default stacking_default\"><div class=\"vc_col-sm-12 wpb_column vc_column_container\"><div class=\"vc_column-inner\"><div class=\"wpb_wrapper\"><div class=\"w-actionbox us_custom_e47d7875 color_light controls_right\"><div class=\"w-actionbox-text\"><div class=\"w-actionbox-description\"><p>Detaillierte Informationen zu den verschiedenen Funktionen finden Sie auf der \u00dcbersichtsseite unserer App auf Zapier.<\/p>\n<\/div><\/div><div class=\"w-actionbox-controls\"><a class=\"w-btn us-btn-style_5\" target=\"_blank\" rel=\"nofollow noopener\" href=\"https:\/\/zapier.com\/apps\/sms77\/integrations\"><span class=\"w-btn-label\">Zu Zapier<\/span><\/a><\/div><\/div><\/div><\/div><\/div><\/div><\/div><\/section><!-- Row Backgrounds --><div class=\"upb_color\" data-bg-override=\"0\" data-bg-color=\"#ffffff\" data-fadeout=\"\" data-fadeout-percentage=\"30\" data-parallax-content=\"\" data-parallax-content-sense=\"30\" data-row-effect-mobile-disable=\"true\" data-img-parallax-mobile-disable=\"true\" data-rtl=\"false\"  data-custom-vc-row=\"\"  data-vc=\"8.7.2\"  data-is_old_vc=\"\"  data-theme-support=\"disable\"   data-overlay=\"false\" data-overlay-color=\"\" data-overlay-pattern=\"\" data-overlay-pattern-opacity=\"\" data-overlay-pattern-size=\"\"    ><\/div>\n","protected":false},"excerpt":{"rendered":"Auf Ihrem Desktop t\u00fcrmen sich die Apps und eine Push-Benachrichtigung \u00fcberlagert die andere? Gestalten Sie diese Abl\u00e4ufe noch intuitiver: Mit Zapier kombinieren Sie Ihre Anwendungen ganz flexibel und frei nach Ihren Bed\u00fcrfnissen. Zapier. Eine Plattform wird zum Ausl\u00f6ser. Zapier ist eine interaktive Plattform, die zahlreiche bekannte und beliebte Apps verkn\u00fcpfen kann, ganz so wie es...","protected":false},"author":1,"featured_media":83341,"parent":17075,"menu_order":0,"comment_status":"closed","ping_status":"closed","template":"","meta":{"content-type":"","footnotes":""},"class_list":["post-82901","page","type-page","status-publish","has-post-thumbnail","hentry"],"_links":{"self":[{"href":"https:\/\/www.seven.io\/de\/wp-json\/wp\/v2\/pages\/82901","targetHints":{"allow":["GET"]}}],"collection":[{"href":"https:\/\/www.seven.io\/de\/wp-json\/wp\/v2\/pages"}],"about":[{"href":"https:\/\/www.seven.io\/de\/wp-json\/wp\/v2\/types\/page"}],"author":[{"embeddable":true,"href":"https:\/\/www.seven.io\/de\/wp-json\/wp\/v2\/users\/1"}],"replies":[{"embeddable":true,"href":"https:\/\/www.seven.io\/de\/wp-json\/wp\/v2\/comments?post=82901"}],"version-history":[{"count":37,"href":"https:\/\/www.seven.io\/de\/wp-json\/wp\/v2\/pages\/82901\/revisions"}],"predecessor-version":[{"id":88871,"href":"https:\/\/www.seven.io\/de\/wp-json\/wp\/v2\/pages\/82901\/revisions\/88871"}],"up":[{"embeddable":true,"href":"https:\/\/www.seven.io\/de\/wp-json\/wp\/v2\/pages\/17075"}],"wp:featuredmedia":[{"embeddable":true,"href":"https:\/\/www.seven.io\/de\/wp-json\/wp\/v2\/media\/83341"}],"wp:attachment":[{"href":"https:\/\/www.seven.io\/de\/wp-json\/wp\/v2\/media?parent=82901"}],"curies":[{"name":"wp","href":"https:\/\/api.w.org\/{rel}","templated":true}]}}