{"id":84060,"date":"2022-10-21T13:35:12","date_gmt":"2022-10-21T11:35:12","guid":{"rendered":"https:\/\/www.sms77.io\/?page_id=84060"},"modified":"2023-02-21T16:27:29","modified_gmt":"2023-02-21T15:27:29","slug":"medusa","status":"publish","type":"page","link":"https:\/\/www.seven.io\/de\/loesungen\/integrationen\/medusa\/","title":{"rendered":"Medusa"},"content":{"rendered":"<section class=\"l-section wpb_row height_small\"><div class=\"l-section-h i-cf\"><div class=\"g-cols vc_row via_flex valign_middle type_default stacking_default\"><div class=\"vc_col-sm-6 wpb_column vc_column_container\"><div class=\"vc_column-inner\"><div class=\"wpb_wrapper\"><div class=\"wpb_text_column\"><div class=\"wpb_wrapper\"><p><strong>Medusa bezeichnet sich selbst als Open Source Shopify Alternative. Mit dem headless Engine k\u00f6nnen flexible e-Commerce Systeme aufgesetzt und betrieben werden.<span class=\"Apple-converted-space\">\u00a0<\/span><\/strong><\/p>\n<p><strong>Entwickler realisieren so besonders einfach und effektiv skalierbare und individuelle eCommerce-Systeme, die f\u00fcr Unternehmen aller Art genutzt werden k\u00f6nnen. Die aktive Medusa Community hilft dabei, das Projekt weiter voranzutreiben.<span class=\"Apple-converted-space\">\u00a0Die <a href=\"https:\/\/medusajs.com\/pricing\/\" target=\"_blank\" rel=\"noopener\">Nutzung ist kostenfrei<\/a>.<\/span><\/strong><\/p>\n<p><strong>Die Einbindung eines SMS-Versands in Medusa ist mit dem seven-Plugin einfach und schnell realisiert.<\/strong><\/p>\n<\/div><\/div><div class=\"w-btn-wrapper align_none\"><a class=\"w-btn us-btn-style_1 no-border\" target=\"_blank\" rel=\"nofollow noopener\" href=\"https:\/\/github.com\/seven-io\/medusa\"><span class=\"w-btn-label\">Unser SMS Plugin f\u00fcr Medusa<\/span><\/a><\/div><\/div><\/div><\/div><div class=\"vc_col-sm-6 wpb_column vc_column_container\"><div class=\"vc_column-inner\"><div class=\"wpb_wrapper\"><div class=\"w-video align_none ratio_16x9 has_iframe\"><div class=\"w-video-h\"><iframe title=\"Youtube video player\" src=\"\/\/www.youtube.com\/embed\/STaYJS0vuFs?autoplay=0&controls=1&origin=https:\/\/www.seven.io\/de\/&loop=0&mute=0\" allowfullscreen=\"1\" loading=\"lazy\"><\/iframe><\/div><\/div><\/div><\/div><\/div><\/div><\/div><\/section><section class=\"l-section wpb_row height_small color_alternate\"><div class=\"l-section-h i-cf\"><div class=\"g-cols vc_row via_flex valign_middle type_default stacking_default\"><div class=\"vc_col-sm-6 wpb_column vc_column_container\"><div class=\"vc_column-inner\"><div class=\"wpb_wrapper\"><div class=\"w-image align_center\"><div class=\"w-image-h\"><img decoding=\"async\" width=\"500\" height=\"499\" src=\"https:\/\/www.seven.io\/wp-content\/uploads\/integrationen_medusa_mock_de.png\" class=\"attachment-us_500_0 size-us_500_0\" alt=\"Nutzen Sie den SMS Versand in Medusa, um Kunden \u00fcber Bestellungen auf dem Laufenden zu halten.\" loading=\"lazy\" srcset=\"https:\/\/www.seven.io\/wp-content\/uploads\/integrationen_medusa_mock_de.png 600w, https:\/\/www.seven.io\/wp-content\/uploads\/integrationen_medusa_mock_de-300x300.png 300w, https:\/\/www.seven.io\/wp-content\/uploads\/integrationen_medusa_mock_de-150x150.png 150w, https:\/\/www.seven.io\/wp-content\/uploads\/integrationen_medusa_mock_de-350x349.png 350w, https:\/\/www.seven.io\/wp-content\/uploads\/integrationen_medusa_mock_de-250x250.png 250w, https:\/\/www.seven.io\/wp-content\/uploads\/integrationen_medusa_mock_de-400x399.png 400w, https:\/\/www.seven.io\/wp-content\/uploads\/integrationen_medusa_mock_de-401x400.png 401w, https:\/\/www.seven.io\/wp-content\/uploads\/integrationen_medusa_mock_de-200x200.png 200w\" sizes=\"auto, (max-width: 500px) 100vw, 500px\" \/><\/div><\/div><\/div><\/div><\/div><div class=\"vc_col-sm-6 wpb_column vc_column_container\"><div class=\"vc_column-inner\"><div class=\"wpb_wrapper\"><div class=\"wpb_text_column\"><div class=\"wpb_wrapper\"><h3>Unser Plugin: SMS Versand in Medusa<\/h3>\n<p>Mit unserem Plugin versenden Sie SMS direkt aus Medusa. So profitieren Sie nicht nur von einem flexiblem eCommerce System sondern auch von der pers\u00f6nlichen Kurznachricht. SMS kommen sofort auf den Ger\u00e4ten der Kunden an, werden im Durchschnitt in den ersten f\u00fcnf Minuten nach Erhalt ge\u00f6ffnet und gehen nicht zwischen dutzenden anderen Nachrichten oder im Spam-Ordner verloren.<span class=\"Apple-converted-space\">\u00a0<\/span><\/p>\n<p>Unser SMS Plugin hilft Ihnen bei der effektiven automatisierten Kommunikation. Versenden Sie zum Beispiel eine SMS an Ihre Kunden, sobald diese eine Bestellung aufgegeben haben. Dies gibt Ihren Kunden die Gewissheit, dass ihre Bestellung eingegangen ist und Sie sich um die Abwicklung k\u00fcmmern. Auch eine SMS zum erfolgten Versand wird gerne gesehen.<br \/>\nProbieren Sie es einfach aus \u2013 die <a href=\"https:\/\/app.seven.io\/signup\" rel=\"noopener\">Anmeldung ist kostenlos<\/a>.<span class=\"Apple-converted-space\">\u00a0<\/span><\/p>\n<\/div><\/div><\/div><\/div><\/div><\/div><\/div><\/section><!-- Row Backgrounds --><div class=\"upb_color\" data-bg-override=\"0\" data-bg-color=\"#f4f4f4\" data-fadeout=\"\" data-fadeout-percentage=\"30\" data-parallax-content=\"\" data-parallax-content-sense=\"30\" data-row-effect-mobile-disable=\"true\" data-img-parallax-mobile-disable=\"true\" data-rtl=\"false\"  data-custom-vc-row=\"\"  data-vc=\"8.7.2\"  data-is_old_vc=\"\"  data-theme-support=\"disable\"   data-overlay=\"false\" data-overlay-color=\"\" data-overlay-pattern=\"\" data-overlay-pattern-opacity=\"\" data-overlay-pattern-size=\"\"    ><\/div><section class=\"l-section wpb_row height_small\"><div class=\"l-section-h i-cf\"><div class=\"g-cols vc_row via_flex valign_top type_default stacking_default\"><div class=\"vc_col-sm-12 wpb_column vc_column_container\"><div class=\"vc_column-inner\"><div class=\"wpb_wrapper\"><div class=\"w-actionbox us_custom_e47d7875 color_light controls_right\"><div class=\"w-actionbox-text\"><div class=\"w-actionbox-description\"><p>Sie brauchen Hilfe bei der Installation oder der Einrichtung der Funktionen?<br \/>\nAuf unserer GitHub-Seite finden Sie weitere Informationen.<\/p>\n<\/div><\/div><div class=\"w-actionbox-controls\"><a class=\"w-btn us-btn-style_5\" target=\"_blank\" rel=\"nofollow noopener\" href=\"https:\/\/github.com\/seven-io\/medusa\"><span class=\"w-btn-label\">Zu GitHub<\/span><\/a><\/div><\/div><\/div><\/div><\/div><\/div><\/div><\/section><!-- Row Backgrounds --><div class=\"upb_color\" data-bg-override=\"0\" data-bg-color=\"#ffffff\" data-fadeout=\"\" data-fadeout-percentage=\"30\" data-parallax-content=\"\" data-parallax-content-sense=\"30\" data-row-effect-mobile-disable=\"true\" data-img-parallax-mobile-disable=\"true\" data-rtl=\"false\"  data-custom-vc-row=\"\"  data-vc=\"8.7.2\"  data-is_old_vc=\"\"  data-theme-support=\"disable\"   data-overlay=\"false\" data-overlay-color=\"\" data-overlay-pattern=\"\" data-overlay-pattern-opacity=\"\" data-overlay-pattern-size=\"\"    ><\/div>\n","protected":false},"excerpt":{"rendered":"Medusa bezeichnet sich selbst als Open Source Shopify Alternative. Mit dem headless Engine k\u00f6nnen flexible e-Commerce Systeme aufgesetzt und betrieben werden.\u00a0 Entwickler realisieren so besonders einfach und effektiv skalierbare und individuelle eCommerce-Systeme, die f\u00fcr Unternehmen aller Art genutzt werden k\u00f6nnen. Die aktive Medusa Community hilft dabei, das Projekt weiter voranzutreiben.\u00a0Die Nutzung ist kostenfrei. Die Einbindung...","protected":false},"author":1,"featured_media":84058,"parent":17075,"menu_order":0,"comment_status":"closed","ping_status":"closed","template":"","meta":{"content-type":"","footnotes":""},"class_list":["post-84060","page","type-page","status-publish","has-post-thumbnail","hentry"],"_links":{"self":[{"href":"https:\/\/www.seven.io\/de\/wp-json\/wp\/v2\/pages\/84060","targetHints":{"allow":["GET"]}}],"collection":[{"href":"https:\/\/www.seven.io\/de\/wp-json\/wp\/v2\/pages"}],"about":[{"href":"https:\/\/www.seven.io\/de\/wp-json\/wp\/v2\/types\/page"}],"author":[{"embeddable":true,"href":"https:\/\/www.seven.io\/de\/wp-json\/wp\/v2\/users\/1"}],"replies":[{"embeddable":true,"href":"https:\/\/www.seven.io\/de\/wp-json\/wp\/v2\/comments?post=84060"}],"version-history":[{"count":19,"href":"https:\/\/www.seven.io\/de\/wp-json\/wp\/v2\/pages\/84060\/revisions"}],"predecessor-version":[{"id":88723,"href":"https:\/\/www.seven.io\/de\/wp-json\/wp\/v2\/pages\/84060\/revisions\/88723"}],"up":[{"embeddable":true,"href":"https:\/\/www.seven.io\/de\/wp-json\/wp\/v2\/pages\/17075"}],"wp:featuredmedia":[{"embeddable":true,"href":"https:\/\/www.seven.io\/de\/wp-json\/wp\/v2\/media\/84058"}],"wp:attachment":[{"href":"https:\/\/www.seven.io\/de\/wp-json\/wp\/v2\/media?parent=84060"}],"curies":[{"name":"wp","href":"https:\/\/api.w.org\/{rel}","templated":true}]}}