{"id":84127,"date":"2022-11-01T10:33:45","date_gmt":"2022-11-01T09:33:45","guid":{"rendered":"https:\/\/www.sms77.io\/?page_id=84127"},"modified":"2023-02-22T09:50:50","modified_gmt":"2023-02-22T08:50:50","slug":"s-cart","status":"publish","type":"page","link":"https:\/\/www.seven.io\/de\/loesungen\/integrationen\/s-cart\/","title":{"rendered":"S-Cart"},"content":{"rendered":"<section class=\"l-section wpb_row height_small\"><div class=\"l-section-h i-cf\"><div class=\"g-cols vc_row via_flex valign_middle type_default stacking_default\"><div class=\"vc_col-sm-6 wpb_column vc_column_container\"><div class=\"vc_column-inner\"><div class=\"wpb_wrapper\"><div class=\"wpb_text_column\"><div class=\"wpb_wrapper\"><p><strong>S-Cart ist ein kostenfreies Laravel eCommerce System, das mit einer Community License und einer Business License genutzt werden kann. Auch Multi Vendor- und Multi Store-L\u00f6sungen k\u00f6nnen problemlos umgesetzt werden. Laut eigener Aussage ist das System f\u00fcr alle Personen und Institutionen effizient und leicht nutzbar, auch ohne umfassende Programmierkenntnisse. Neben einem Template k\u00f6nnen auch <a href=\"https:\/\/s-cart.org\/en\/plugin.html\" target=\"_blank\" rel=\"noopener\">verschiedene Plugins<\/a> genutzt werden.<\/strong><\/p>\n<p><strong>Mit unserem SMS Plugin f\u00fcr S-Cart integrieren Sie auch den Versand von SMS im Handumdrehen.<\/strong><\/p>\n<\/div><\/div><div class=\"w-btn-wrapper align_none\"><a class=\"w-btn us-btn-style_1 no-border\" target=\"_blank\" rel=\"nofollow noopener\" href=\"https:\/\/github.com\/seven-io\/s-cart\"><span class=\"w-btn-label\">Unser SMS Plugin f\u00fcr S-Cart<\/span><\/a><\/div><\/div><\/div><\/div><div class=\"vc_col-sm-6 wpb_column vc_column_container\"><div class=\"vc_column-inner\"><div class=\"wpb_wrapper\"><div class=\"w-image no-border align_none\"><div class=\"w-image-h\"><img decoding=\"async\" width=\"350\" height=\"350\" src=\"https:\/\/www.seven.io\/wp-content\/uploads\/integrationen_scart_logo-350x350.png\" class=\"attachment-us_350_0 size-us_350_0\" alt=\"Das Logo von S Cart\" loading=\"lazy\" srcset=\"https:\/\/www.seven.io\/wp-content\/uploads\/integrationen_scart_logo-350x350.png 350w, https:\/\/www.seven.io\/wp-content\/uploads\/integrationen_scart_logo-300x300.png 300w, https:\/\/www.seven.io\/wp-content\/uploads\/integrationen_scart_logo-150x150.png 150w, https:\/\/www.seven.io\/wp-content\/uploads\/integrationen_scart_logo-250x250.png 250w, https:\/\/www.seven.io\/wp-content\/uploads\/integrationen_scart_logo-400x400.png 400w, https:\/\/www.seven.io\/wp-content\/uploads\/integrationen_scart_logo-200x200.png 200w, https:\/\/www.seven.io\/wp-content\/uploads\/integrationen_scart_logo.png 450w\" sizes=\"auto, (max-width: 350px) 100vw, 350px\" \/><\/div><\/div><\/div><\/div><\/div><\/div><\/div><\/section><section class=\"l-section wpb_row height_small color_alternate\"><div class=\"l-section-h i-cf\"><div class=\"g-cols vc_row via_flex valign_middle type_default stacking_default\"><div class=\"vc_col-sm-6 wpb_column vc_column_container\"><div class=\"vc_column-inner\"><div class=\"wpb_wrapper\"><div class=\"w-image no-border align_center\"><div class=\"w-image-h\"><img decoding=\"async\" width=\"500\" height=\"499\" src=\"https:\/\/www.seven.io\/wp-content\/uploads\/integrationen_scart_mock_de-500x499.png\" class=\"attachment-us_500_0 size-us_500_0\" alt=\"Mit dem SMS Plugin f\u00fcr S-Cart versenden Sie Massen SMS\" loading=\"lazy\" srcset=\"https:\/\/www.seven.io\/wp-content\/uploads\/integrationen_scart_mock_de-500x499.png 500w, https:\/\/www.seven.io\/wp-content\/uploads\/integrationen_scart_mock_de-300x300.png 300w, https:\/\/www.seven.io\/wp-content\/uploads\/integrationen_scart_mock_de-150x150.png 150w, https:\/\/www.seven.io\/wp-content\/uploads\/integrationen_scart_mock_de-350x349.png 350w, https:\/\/www.seven.io\/wp-content\/uploads\/integrationen_scart_mock_de-600x599.png 600w, https:\/\/www.seven.io\/wp-content\/uploads\/integrationen_scart_mock_de-250x250.png 250w, https:\/\/www.seven.io\/wp-content\/uploads\/integrationen_scart_mock_de-400x399.png 400w, https:\/\/www.seven.io\/wp-content\/uploads\/integrationen_scart_mock_de-401x400.png 401w, https:\/\/www.seven.io\/wp-content\/uploads\/integrationen_scart_mock_de-200x200.png 200w, https:\/\/www.seven.io\/wp-content\/uploads\/integrationen_scart_mock_de.png 640w\" sizes=\"auto, (max-width: 500px) 100vw, 500px\" \/><\/div><\/div><\/div><\/div><\/div><div class=\"vc_col-sm-6 wpb_column vc_column_container\"><div class=\"vc_column-inner\"><div class=\"wpb_wrapper\"><div class=\"wpb_text_column\"><div class=\"wpb_wrapper\"><h3><strong>Unser SMS Plugin f\u00fcr S-Cart<\/strong><\/h3>\n<p>Sie m\u00f6chten Massen-SMS aus S-Cart an Ihre Kunden versenden? Mit unserem Plugin setzen Sie den Versand in nur wenigen Schritten auf. F\u00fcr die Einrichtung <a href=\"https:\/\/help.seven.io\/de\/api-key-zugriff\" rel=\"noopener\">erstellen Sie sich einen API Key<\/a>, den Sie in S-Cart eingeben und schon k\u00f6nnen Sie Ihre erste SMS versenden.<\/p>\n<p>Massen-SMS eigenen sich besonders f\u00fcr exklusive Marketing-Aktionen und Einladungen zu besonderen Events. Mit einer <a href=\"\/blog\/was-ist-eine-sms-sender-id\/\">alphanumerischen Absenderkennung<\/a> stellen Sie sicher, dass Ihre Kunden sofort wissen, wer ihnen eine Nachricht schickt. Probieren Sie es einfach aus \u2013 die Anmeldung ist kostenlos.<\/p>\n<\/div><\/div><\/div><\/div><\/div><\/div><\/div><\/section><!-- Row Backgrounds --><div class=\"upb_color\" data-bg-override=\"0\" data-bg-color=\"#f4f4f4\" data-fadeout=\"\" data-fadeout-percentage=\"30\" data-parallax-content=\"\" data-parallax-content-sense=\"30\" data-row-effect-mobile-disable=\"true\" data-img-parallax-mobile-disable=\"true\" data-rtl=\"false\"  data-custom-vc-row=\"\"  data-vc=\"8.7.2\"  data-is_old_vc=\"\"  data-theme-support=\"disable\"   data-overlay=\"false\" data-overlay-color=\"\" data-overlay-pattern=\"\" data-overlay-pattern-opacity=\"\" data-overlay-pattern-size=\"\"    ><\/div><section class=\"l-section wpb_row height_small\"><div class=\"l-section-h i-cf\"><div class=\"g-cols vc_row via_flex valign_top type_default stacking_default\"><div class=\"vc_col-sm-12 wpb_column vc_column_container\"><div class=\"vc_column-inner\"><div class=\"wpb_wrapper\"><div class=\"w-actionbox us_custom_e47d7875 color_light controls_right\"><div class=\"w-actionbox-text\"><div class=\"w-actionbox-description\"><p>Sie brauchen Hilfe bei der Installation oder der Einrichtung der Funktionen?<br \/>\nAuf unserer GitHub-Seite finden Sie weitere Informationen.<\/p>\n<\/div><\/div><div class=\"w-actionbox-controls\"><a class=\"w-btn us-btn-style_5\" target=\"_blank\" rel=\"nofollow noopener\" href=\"https:\/\/github.com\/seven-io\/s-cart\"><span class=\"w-btn-label\">Zu GitHub<\/span><\/a><\/div><\/div><\/div><\/div><\/div><\/div><\/div><\/section><!-- Row Backgrounds --><div class=\"upb_color\" data-bg-override=\"0\" data-bg-color=\"#ffffff\" data-fadeout=\"\" data-fadeout-percentage=\"30\" data-parallax-content=\"\" data-parallax-content-sense=\"30\" data-row-effect-mobile-disable=\"true\" data-img-parallax-mobile-disable=\"true\" data-rtl=\"false\"  data-custom-vc-row=\"\"  data-vc=\"8.7.2\"  data-is_old_vc=\"\"  data-theme-support=\"disable\"   data-overlay=\"false\" data-overlay-color=\"\" data-overlay-pattern=\"\" data-overlay-pattern-opacity=\"\" data-overlay-pattern-size=\"\"    ><\/div>\n","protected":false},"excerpt":{"rendered":"S-Cart ist ein kostenfreies Laravel eCommerce System, das mit einer Community License und einer Business License genutzt werden kann. Auch Multi Vendor- und Multi Store-L\u00f6sungen k\u00f6nnen problemlos umgesetzt werden. Laut eigener Aussage ist das System f\u00fcr alle Personen und Institutionen effizient und leicht nutzbar, auch ohne umfassende Programmierkenntnisse. Neben einem Template k\u00f6nnen auch verschiedene Plugins...","protected":false},"author":1,"featured_media":84125,"parent":17075,"menu_order":0,"comment_status":"closed","ping_status":"closed","template":"","meta":{"content-type":"","footnotes":""},"class_list":["post-84127","page","type-page","status-publish","has-post-thumbnail","hentry"],"_links":{"self":[{"href":"https:\/\/www.seven.io\/de\/wp-json\/wp\/v2\/pages\/84127","targetHints":{"allow":["GET"]}}],"collection":[{"href":"https:\/\/www.seven.io\/de\/wp-json\/wp\/v2\/pages"}],"about":[{"href":"https:\/\/www.seven.io\/de\/wp-json\/wp\/v2\/types\/page"}],"author":[{"embeddable":true,"href":"https:\/\/www.seven.io\/de\/wp-json\/wp\/v2\/users\/1"}],"replies":[{"embeddable":true,"href":"https:\/\/www.seven.io\/de\/wp-json\/wp\/v2\/comments?post=84127"}],"version-history":[{"count":15,"href":"https:\/\/www.seven.io\/de\/wp-json\/wp\/v2\/pages\/84127\/revisions"}],"predecessor-version":[{"id":88797,"href":"https:\/\/www.seven.io\/de\/wp-json\/wp\/v2\/pages\/84127\/revisions\/88797"}],"up":[{"embeddable":true,"href":"https:\/\/www.seven.io\/de\/wp-json\/wp\/v2\/pages\/17075"}],"wp:featuredmedia":[{"embeddable":true,"href":"https:\/\/www.seven.io\/de\/wp-json\/wp\/v2\/media\/84125"}],"wp:attachment":[{"href":"https:\/\/www.seven.io\/de\/wp-json\/wp\/v2\/media?parent=84127"}],"curies":[{"name":"wp","href":"https:\/\/api.w.org\/{rel}","templated":true}]}}