{"id":84356,"date":"2022-11-10T13:13:51","date_gmt":"2022-11-10T12:13:51","guid":{"rendered":"https:\/\/www.sms77.io\/?page_id=84356"},"modified":"2024-07-02T11:51:52","modified_gmt":"2024-07-02T09:51:52","slug":"appmixer","status":"publish","type":"page","link":"https:\/\/www.seven.io\/de\/loesungen\/integrationen\/appmixer\/","title":{"rendered":"Appmixer"},"content":{"rendered":"<section class=\"l-section wpb_row height_small\"><div class=\"l-section-h i-cf\"><div class=\"g-cols vc_row via_flex valign_middle type_default stacking_default\"><div class=\"vc_col-sm-6 wpb_column vc_column_container\"><div class=\"vc_column-inner\"><div class=\"wpb_wrapper\"><div class=\"wpb_text_column\"><div class=\"wpb_wrapper\"><p><strong>Appmixer ist eine Integrationsplattform. Einerseits k\u00f6nnen Unternehmen Appmixer nutzen, um Workflows umzusetzen, andererseits k\u00f6nnen sie Appmixer als White-Label-L\u00f6sung nutzen und eigenen Kunden passende Integrationsplattformen anbieten.<span class=\"Apple-converted-space\">\u00a0<\/span><\/strong><\/p>\n<p><strong>Es <a href=\"https:\/\/www.appmixer.com\/connectors\" target=\"_blank\" rel=\"noopener\">stehen diverse Apps zur Verf\u00fcgung<\/a>, die \u201eout of the box\u201c verkn\u00fcpft werden k\u00f6nnen, aber auch die Erstellung eigener Connectors ist m\u00f6glich. Somit k\u00f6nnen auch sehr individuelle Anspr\u00fcche realisiert werden. Sie k\u00f6nnen zum Beispiel ganz einfach SMS mit Appmixer versenden, wenn Sie unseren Dienst als Connector einrichten.<\/strong><\/p>\n<\/div><\/div><div class=\"w-btn-wrapper align_none\"><a class=\"w-btn us-btn-style_1 no-border\" target=\"_blank\" rel=\"nofollow noopener\" href=\"https:\/\/github.com\/seven-io\/appmixer\"><span class=\"w-btn-label\">Unsere Aktionen f\u00fcr Appmixer<\/span><\/a><\/div><\/div><\/div><\/div><div class=\"vc_col-sm-6 wpb_column vc_column_container\"><div class=\"vc_column-inner\"><div class=\"wpb_wrapper\"><div class=\"w-video align_none ratio_16x9 has_iframe\"><div class=\"w-video-h\"><iframe title=\"Youtube video player\" src=\"\/\/www.youtube.com\/embed\/GLucaLot_zU?autoplay=0&controls=1&origin=https:\/\/www.seven.io\/de\/&loop=0&mute=0\" allowfullscreen=\"1\" loading=\"lazy\"><\/iframe><\/div><\/div><\/div><\/div><\/div><\/div><\/div><\/section><section class=\"l-section wpb_row height_small color_alternate\"><div class=\"l-section-h i-cf\"><div class=\"g-cols vc_row via_flex valign_middle type_default stacking_default\"><div class=\"vc_col-sm-6 wpb_column vc_column_container\"><div class=\"vc_column-inner\"><div class=\"wpb_wrapper\"><div class=\"w-image align_center\"><div class=\"w-image-h\"><img decoding=\"async\" width=\"400\" height=\"400\" src=\"https:\/\/www.seven.io\/wp-content\/uploads\/integrationen_appmixer_mock_de-400x400.png\" class=\"attachment-us_400_0 size-us_400_0\" alt=\"Versenden Sie SMS mit Appmixer\" loading=\"lazy\" srcset=\"https:\/\/www.seven.io\/wp-content\/uploads\/integrationen_appmixer_mock_de-400x400.png 400w, https:\/\/www.seven.io\/wp-content\/uploads\/integrationen_appmixer_mock_de-300x300.png 300w, https:\/\/www.seven.io\/wp-content\/uploads\/integrationen_appmixer_mock_de-150x150.png 150w, https:\/\/www.seven.io\/wp-content\/uploads\/integrationen_appmixer_mock_de-350x350.png 350w, https:\/\/www.seven.io\/wp-content\/uploads\/integrationen_appmixer_mock_de-600x600.png 600w, https:\/\/www.seven.io\/wp-content\/uploads\/integrationen_appmixer_mock_de-250x250.png 250w, https:\/\/www.seven.io\/wp-content\/uploads\/integrationen_appmixer_mock_de-200x200.png 200w, https:\/\/www.seven.io\/wp-content\/uploads\/integrationen_appmixer_mock_de-500x500.png 500w, https:\/\/www.seven.io\/wp-content\/uploads\/integrationen_appmixer_mock_de.png 700w\" sizes=\"auto, (max-width: 400px) 100vw, 400px\" \/><\/div><\/div><\/div><\/div><\/div><div class=\"vc_col-sm-6 wpb_column vc_column_container\"><div class=\"vc_column-inner\"><div class=\"wpb_wrapper\"><div class=\"wpb_text_column\"><div class=\"wpb_wrapper\"><h3>Jetzt SMS mit Appmixer versenden<\/h3>\n<p>Wenn Sie einen individuellen Connector anlegen, k\u00f6nnen Sie nicht nur SMS mit Appmixer verschicken, sondern auch Text-to-Speech-Nachrichten, manchmal auch <a href=\"\/de\/produkte\/voice\/\">Voice-Nachrichten<\/a> genannt.<span class=\"Apple-converted-space\">\u00a0So binden Sie in wenigen Schritten besonders effektive Kommunikation in Ihren Workflow ein. SMS werden sowohl f\u00fcr rein informative Zwecke eingesetzt, wie Benachrichtigungen wenn ein bestimmtes Event eintritt, als<\/span><span class=\"Apple-converted-space\">\u00a0auch f\u00fcr Marketing-Nachrichten und andere Empf\u00e4nger-orientierte Mitteilungen.<\/span><\/p>\n<p>Text-to-Speech-Nachrichten werden besonders h\u00e4ufig f\u00fcr Alarme genutzt, da sie einen Anruf ausl\u00f6sen. Der Inhalt der Nachricht wird den Empf\u00e4ngern dann am Telefon vorgelesen. Durch die umfassenden Workflows sind Ihren Ideen nur wenige Klicks von der Realit\u00e4t entfernt \u2013 probieren Sie es aus!<\/p>\n<\/div><\/div><\/div><\/div><\/div><\/div><\/div><\/section><!-- Row Backgrounds --><div class=\"upb_color\" data-bg-override=\"0\" data-bg-color=\"#f4f4f4\" data-fadeout=\"\" data-fadeout-percentage=\"30\" data-parallax-content=\"\" data-parallax-content-sense=\"30\" data-row-effect-mobile-disable=\"true\" data-img-parallax-mobile-disable=\"true\" data-rtl=\"false\"  data-custom-vc-row=\"\"  data-vc=\"8.7.2\"  data-is_old_vc=\"\"  data-theme-support=\"disable\"   data-overlay=\"false\" data-overlay-color=\"\" data-overlay-pattern=\"\" data-overlay-pattern-opacity=\"\" data-overlay-pattern-size=\"\"    ><\/div><section class=\"l-section wpb_row height_small\"><div class=\"l-section-h i-cf\"><div class=\"g-cols vc_row via_flex valign_top type_default stacking_default\"><div class=\"vc_col-sm-12 wpb_column vc_column_container\"><div class=\"vc_column-inner\"><div class=\"wpb_wrapper\"><div class=\"w-actionbox us_custom_e47d7875 color_light controls_right\"><div class=\"w-actionbox-text\"><div class=\"w-actionbox-description\"><p>Sie brauchen Hilfe bei der Installation oder der Einrichtung der Funktionen?<br \/>\nAuf unserer GitHub-Seite finden Sie weitere Informationen.<\/p>\n<\/div><\/div><div class=\"w-actionbox-controls\"><a class=\"w-btn us-btn-style_5\" target=\"_blank\" rel=\"nofollow noopener\" href=\"https:\/\/github.com\/seven-io\/appmixer\"><span class=\"w-btn-label\">Zu GitHub<\/span><\/a><\/div><\/div><\/div><\/div><\/div><\/div><\/div><\/section><!-- Row Backgrounds --><div class=\"upb_color\" data-bg-override=\"0\" data-bg-color=\"#ffffff\" data-fadeout=\"\" data-fadeout-percentage=\"30\" data-parallax-content=\"\" data-parallax-content-sense=\"30\" data-row-effect-mobile-disable=\"true\" data-img-parallax-mobile-disable=\"true\" data-rtl=\"false\"  data-custom-vc-row=\"\"  data-vc=\"8.7.2\"  data-is_old_vc=\"\"  data-theme-support=\"disable\"   data-overlay=\"false\" data-overlay-color=\"\" data-overlay-pattern=\"\" data-overlay-pattern-opacity=\"\" data-overlay-pattern-size=\"\"    ><\/div>\n","protected":false},"excerpt":{"rendered":"Appmixer ist eine Integrationsplattform. Einerseits k\u00f6nnen Unternehmen Appmixer nutzen, um Workflows umzusetzen, andererseits k\u00f6nnen sie Appmixer als White-Label-L\u00f6sung nutzen und eigenen Kunden passende Integrationsplattformen anbieten.\u00a0 Es stehen diverse Apps zur Verf\u00fcgung, die \u201eout of the box\u201c verkn\u00fcpft werden k\u00f6nnen, aber auch die Erstellung eigener Connectors ist m\u00f6glich. Somit k\u00f6nnen auch sehr individuelle Anspr\u00fcche realisiert werden....","protected":false},"author":1,"featured_media":84477,"parent":17075,"menu_order":0,"comment_status":"closed","ping_status":"closed","template":"","meta":{"content-type":"","footnotes":""},"class_list":["post-84356","page","type-page","status-publish","has-post-thumbnail","hentry"],"_links":{"self":[{"href":"https:\/\/www.seven.io\/de\/wp-json\/wp\/v2\/pages\/84356","targetHints":{"allow":["GET"]}}],"collection":[{"href":"https:\/\/www.seven.io\/de\/wp-json\/wp\/v2\/pages"}],"about":[{"href":"https:\/\/www.seven.io\/de\/wp-json\/wp\/v2\/types\/page"}],"author":[{"embeddable":true,"href":"https:\/\/www.seven.io\/de\/wp-json\/wp\/v2\/users\/1"}],"replies":[{"embeddable":true,"href":"https:\/\/www.seven.io\/de\/wp-json\/wp\/v2\/comments?post=84356"}],"version-history":[{"count":13,"href":"https:\/\/www.seven.io\/de\/wp-json\/wp\/v2\/pages\/84356\/revisions"}],"predecessor-version":[{"id":92895,"href":"https:\/\/www.seven.io\/de\/wp-json\/wp\/v2\/pages\/84356\/revisions\/92895"}],"up":[{"embeddable":true,"href":"https:\/\/www.seven.io\/de\/wp-json\/wp\/v2\/pages\/17075"}],"wp:featuredmedia":[{"embeddable":true,"href":"https:\/\/www.seven.io\/de\/wp-json\/wp\/v2\/media\/84477"}],"wp:attachment":[{"href":"https:\/\/www.seven.io\/de\/wp-json\/wp\/v2\/media?parent=84356"}],"curies":[{"name":"wp","href":"https:\/\/api.w.org\/{rel}","templated":true}]}}