{"id":84358,"date":"2022-11-04T10:43:41","date_gmt":"2022-11-04T09:43:41","guid":{"rendered":"https:\/\/www.sms77.io\/?page_id=84358"},"modified":"2024-07-02T12:34:59","modified_gmt":"2024-07-02T10:34:59","slug":"pipedream","status":"publish","type":"page","link":"https:\/\/www.seven.io\/de\/loesungen\/integrationen\/pipedream\/","title":{"rendered":"Pipedream"},"content":{"rendered":"<section class=\"l-section wpb_row height_small\"><div class=\"l-section-h i-cf\"><div class=\"g-cols vc_row via_flex valign_middle type_default stacking_default\"><div class=\"vc_col-sm-6 wpb_column vc_column_container\"><div class=\"vc_column-inner\"><div class=\"wpb_wrapper\"><div class=\"wpb_text_column\"><div class=\"wpb_wrapper\"><p><strong>Pipedream ist eine Integrationsplattform. Nutzer k\u00f6nnen verschiedene Dienste miteinander verbinden und so individuelle Workflows erstellen. Entwickler k\u00f6nnen aber auch eigene Komponenten bauen, die mit den angebotenen Apps verkn\u00fcpft werden k\u00f6nnen. Kurz: Die Workflows sind auf Code-Ebene kontrollierbar, sind aber auch ohne gr\u00f6\u00dfere Programmierkenntnisse nutzbar.<\/strong><\/p>\n<p><strong>Dar\u00fcber hinaus sind die Workflows skalierbar und erlauben so eine riesige Bandbreite an Anwendungsm\u00f6glichkeiten. Mit <a href=\"https:\/\/pipedream.com\/explore\" target=\"_blank\" rel=\"noopener\">\u00fcber 1000 Apps<\/a> und den erw\u00e4hnten M\u00f6glichkeiten zur Individualisierung d\u00fcrfte f\u00fcr alle Bed\u00fcrfnisse eine L\u00f6sung dabei sein.<\/strong><br \/>\n<strong>Mit unserer Komponente binden Sie in wenigen Schritten den Versand von SMS in Pipedream ein. Auch der Versand von Text-to-Speech Nachrichten ist m\u00f6glich.<span class=\"Apple-converted-space\">\u00a0<\/span><\/strong><\/p>\n<\/div><\/div><div class=\"w-btn-wrapper align_none\"><a class=\"w-btn us-btn-style_1 no-border\" target=\"_blank\" rel=\"nofollow noopener\" href=\"https:\/\/github.com\/seven-io\/pipedream-component\"><span class=\"w-btn-label\">Unsere Pipedream-Komponente<\/span><\/a><\/div><\/div><\/div><\/div><div class=\"vc_col-sm-6 wpb_column vc_column_container\"><div class=\"vc_column-inner\"><div class=\"wpb_wrapper\"><div class=\"w-video align_none ratio_16x9 has_iframe\"><div class=\"w-video-h\"><iframe title=\"Youtube video player\" src=\"\/\/www.youtube.com\/embed\/pRHsQyyfYl0?autoplay=0&controls=1&origin=https:\/\/www.seven.io\/de\/&loop=0&mute=0\" allowfullscreen=\"1\" loading=\"lazy\"><\/iframe><\/div><\/div><\/div><\/div><\/div><\/div><\/div><\/section><section class=\"l-section wpb_row height_small color_alternate\"><div class=\"l-section-h i-cf\"><div class=\"g-cols vc_row via_flex valign_middle type_default stacking_default\"><div class=\"vc_col-sm-6 wpb_column vc_column_container\"><div class=\"vc_column-inner\"><div class=\"wpb_wrapper\"><div class=\"w-image align_center\"><div class=\"w-image-h\"><img decoding=\"async\" width=\"400\" height=\"401\" src=\"https:\/\/www.seven.io\/wp-content\/uploads\/integration_pipedream_mock_de-400x401.png\" class=\"attachment-us_400_0 size-us_400_0\" alt=\"Binden Sie den Versand von SMS in Pipedream ein, um Benachrichtigungen zu versenden\" loading=\"lazy\" srcset=\"https:\/\/www.seven.io\/wp-content\/uploads\/integration_pipedream_mock_de-400x401.png 400w, https:\/\/www.seven.io\/wp-content\/uploads\/integration_pipedream_mock_de-300x300.png 300w, https:\/\/www.seven.io\/wp-content\/uploads\/integration_pipedream_mock_de-150x150.png 150w, https:\/\/www.seven.io\/wp-content\/uploads\/integration_pipedream_mock_de-350x351.png 350w, https:\/\/www.seven.io\/wp-content\/uploads\/integration_pipedream_mock_de-600x601.png 600w, https:\/\/www.seven.io\/wp-content\/uploads\/integration_pipedream_mock_de-250x250.png 250w, https:\/\/www.seven.io\/wp-content\/uploads\/integration_pipedream_mock_de-399x400.png 399w, https:\/\/www.seven.io\/wp-content\/uploads\/integration_pipedream_mock_de-200x200.png 200w, https:\/\/www.seven.io\/wp-content\/uploads\/integration_pipedream_mock_de-500x501.png 500w, https:\/\/www.seven.io\/wp-content\/uploads\/integration_pipedream_mock_de.png 640w\" sizes=\"auto, (max-width: 400px) 100vw, 400px\" \/><\/div><\/div><\/div><\/div><\/div><div class=\"vc_col-sm-6 wpb_column vc_column_container\"><div class=\"vc_column-inner\"><div class=\"wpb_wrapper\"><div class=\"wpb_text_column\"><div class=\"wpb_wrapper\"><h3>Jetzt SMS in Pipedream versenden<\/h3>\n<p>Mit unserer Komponente k\u00f6nnen Sie sowohl Text-to-Speech-Nachrichten als auch SMS in Pipedream versenden. <a href=\"\/de\/produkte\/voice\/\">Text-to-Speech-Nachrichten<\/a> werden als Anruf zugestellt und der Inhalt dann am Telefon vorgelesen. Unsere Kunden nutzen diese Funktion gern als Alarm oder andere auf\u00admerk\u00adsam\u00adkeits\u00adstarke Benachrichtigung bei bestimmten Ereignissen.<span class=\"Apple-converted-space\">\u00a0<\/span><\/p>\n<p>F\u00fcr viele Situationen sind SMS ebenso geeignet, wenn kurzfristige Benachrichtigungen zugestellt werden m\u00fcssen. Da SMS durchschnittlich innerhalb der ersten f\u00fcnf Minuten nach Empfang gelesen werden, eignen sie sich zu diesem Zweck besser als E-Mails oder andere Benachrichtigungen. Nat\u00fcrlich sind auch zahlreiche andere Anwendungsf\u00e4lle denkbar \u2013 <a href=\"https:\/\/app.seven.io\/signup\" rel=\"noopener\">probieren Sie es am besten selbst einmal aus<\/a>.<span class=\"Apple-converted-space\">\u00a0<\/span><\/p>\n<\/div><\/div><\/div><\/div><\/div><\/div><\/div><\/section><!-- Row Backgrounds --><div class=\"upb_color\" data-bg-override=\"0\" data-bg-color=\"#f4f4f4\" data-fadeout=\"\" data-fadeout-percentage=\"30\" data-parallax-content=\"\" data-parallax-content-sense=\"30\" data-row-effect-mobile-disable=\"true\" data-img-parallax-mobile-disable=\"true\" data-rtl=\"false\"  data-custom-vc-row=\"\"  data-vc=\"8.7.2\"  data-is_old_vc=\"\"  data-theme-support=\"disable\"   data-overlay=\"false\" data-overlay-color=\"\" data-overlay-pattern=\"\" data-overlay-pattern-opacity=\"\" data-overlay-pattern-size=\"\"    ><\/div><section class=\"l-section wpb_row height_small\"><div class=\"l-section-h i-cf\"><div class=\"g-cols vc_row via_flex valign_top type_default stacking_default\"><div class=\"vc_col-sm-12 wpb_column vc_column_container\"><div class=\"vc_column-inner\"><div class=\"wpb_wrapper\"><div class=\"w-actionbox us_custom_e47d7875 color_light controls_right\"><div class=\"w-actionbox-text\"><div class=\"w-actionbox-description\"><p>Sie brauchen Hilfe bei der Installation oder der Einrichtung der Funktionen?<br \/>\nAuf unserer GitHub-Seite finden Sie weitere Informationen.<\/p>\n<\/div><\/div><div class=\"w-actionbox-controls\"><a class=\"w-btn us-btn-style_5\" target=\"_blank\" rel=\"nofollow noopener\" href=\"https:\/\/github.com\/seven-io\/pipedream-component\"><span class=\"w-btn-label\">Zu GitHub<\/span><\/a><\/div><\/div><\/div><\/div><\/div><\/div><\/div><\/section><!-- Row Backgrounds --><div class=\"upb_color\" data-bg-override=\"0\" data-bg-color=\"#ffffff\" data-fadeout=\"\" data-fadeout-percentage=\"30\" data-parallax-content=\"\" data-parallax-content-sense=\"30\" data-row-effect-mobile-disable=\"true\" data-img-parallax-mobile-disable=\"true\" data-rtl=\"false\"  data-custom-vc-row=\"\"  data-vc=\"8.7.2\"  data-is_old_vc=\"\"  data-theme-support=\"disable\"   data-overlay=\"false\" data-overlay-color=\"\" data-overlay-pattern=\"\" data-overlay-pattern-opacity=\"\" data-overlay-pattern-size=\"\"    ><\/div>\n","protected":false},"excerpt":{"rendered":"Pipedream ist eine Integrationsplattform. Nutzer k\u00f6nnen verschiedene Dienste miteinander verbinden und so individuelle Workflows erstellen. Entwickler k\u00f6nnen aber auch eigene Komponenten bauen, die mit den angebotenen Apps verkn\u00fcpft werden k\u00f6nnen. Kurz: Die Workflows sind auf Code-Ebene kontrollierbar, sind aber auch ohne gr\u00f6\u00dfere Programmierkenntnisse nutzbar. Dar\u00fcber hinaus sind die Workflows skalierbar und erlauben so eine riesige...","protected":false},"author":1,"featured_media":84381,"parent":17075,"menu_order":0,"comment_status":"closed","ping_status":"closed","template":"","meta":{"content-type":"","footnotes":""},"class_list":["post-84358","page","type-page","status-publish","has-post-thumbnail","hentry"],"_links":{"self":[{"href":"https:\/\/www.seven.io\/de\/wp-json\/wp\/v2\/pages\/84358","targetHints":{"allow":["GET"]}}],"collection":[{"href":"https:\/\/www.seven.io\/de\/wp-json\/wp\/v2\/pages"}],"about":[{"href":"https:\/\/www.seven.io\/de\/wp-json\/wp\/v2\/types\/page"}],"author":[{"embeddable":true,"href":"https:\/\/www.seven.io\/de\/wp-json\/wp\/v2\/users\/1"}],"replies":[{"embeddable":true,"href":"https:\/\/www.seven.io\/de\/wp-json\/wp\/v2\/comments?post=84358"}],"version-history":[{"count":14,"href":"https:\/\/www.seven.io\/de\/wp-json\/wp\/v2\/pages\/84358\/revisions"}],"predecessor-version":[{"id":92912,"href":"https:\/\/www.seven.io\/de\/wp-json\/wp\/v2\/pages\/84358\/revisions\/92912"}],"up":[{"embeddable":true,"href":"https:\/\/www.seven.io\/de\/wp-json\/wp\/v2\/pages\/17075"}],"wp:featuredmedia":[{"embeddable":true,"href":"https:\/\/www.seven.io\/de\/wp-json\/wp\/v2\/media\/84381"}],"wp:attachment":[{"href":"https:\/\/www.seven.io\/de\/wp-json\/wp\/v2\/media?parent=84358"}],"curies":[{"name":"wp","href":"https:\/\/api.w.org\/{rel}","templated":true}]}}