{"id":84409,"date":"2022-11-11T11:18:46","date_gmt":"2022-11-11T10:18:46","guid":{"rendered":"https:\/\/www.sms77.io\/?page_id=84409"},"modified":"2023-02-22T08:41:58","modified_gmt":"2023-02-22T07:41:58","slug":"prismatic","status":"publish","type":"page","link":"https:\/\/www.seven.io\/de\/loesungen\/integrationen\/prismatic\/","title":{"rendered":"Prismatic"},"content":{"rendered":"<section class=\"l-section wpb_row height_small\"><div class=\"l-section-h i-cf\"><div class=\"g-cols vc_row via_flex valign_middle type_default stacking_default\"><div class=\"vc_col-sm-6 wpb_column vc_column_container\"><div class=\"vc_column-inner\"><div class=\"wpb_wrapper\"><div class=\"wpb_text_column\"><div class=\"wpb_wrapper\"><p><strong>Prismatic ist eine Integrationsplattform, die sich auf die Bed\u00fcrfnisse des B2B Gesch\u00e4fts fokussiert hat. Ziel ist es, Integrationen zu vereinfachen, damit Sie Ihren Kunden genau das bieten k\u00f6nnen, was sie brauchen \u2013 auch eine eigene Integrationsplattform. Es k\u00f6nnen <a href=\"https:\/\/prismatic.io\/components\/\" target=\"_blank\" rel=\"noopener\">verschiedene SaaS Apps miteinander verbunden werden<\/a>, aber auch die Einbindung von eigenen Konnektoren ist m\u00f6glich. So ist die Funktionalit\u00e4t der jeweiligen Plattformen nicht durch die Verf\u00fcgbarkeit gewisser Apps eingeschr\u00e4nkt, sondern kann individuell erweitert werden.<span class=\"Apple-converted-space\">\u00a0<\/span><\/strong><\/p>\n<p><strong>Daher ist es einfach, auch unseren Service einzubinden und so in wenigen Schritten Text-to-Speech Nachrichten und SMS aus Prismatic zu versenden.<\/strong><\/p>\n<\/div><\/div><div class=\"w-btn-wrapper align_none\"><a class=\"w-btn us-btn-style_1 no-border\" target=\"_blank\" rel=\"nofollow noopener\" href=\"https:\/\/github.com\/seven-io\/prismatic\"><span class=\"w-btn-label\">Unsere Komponente f\u00fcr Prismatic<\/span><\/a><\/div><\/div><\/div><\/div><div class=\"vc_col-sm-6 wpb_column vc_column_container\"><div class=\"vc_column-inner\"><div class=\"wpb_wrapper\"><div class=\"w-image no-border align_center\"><div class=\"w-image-h\"><img decoding=\"async\" width=\"300\" height=\"300\" src=\"https:\/\/www.seven.io\/wp-content\/uploads\/integrationen_prismatic_logo-300x300.png\" class=\"attachment-medium size-medium\" alt=\"Prismatic Logo\" loading=\"lazy\" srcset=\"https:\/\/www.seven.io\/wp-content\/uploads\/integrationen_prismatic_logo-300x300.png 300w, https:\/\/www.seven.io\/wp-content\/uploads\/integrationen_prismatic_logo-150x150.png 150w, https:\/\/www.seven.io\/wp-content\/uploads\/integrationen_prismatic_logo-350x350.png 350w, https:\/\/www.seven.io\/wp-content\/uploads\/integrationen_prismatic_logo-250x250.png 250w, https:\/\/www.seven.io\/wp-content\/uploads\/integrationen_prismatic_logo-400x400.png 400w, https:\/\/www.seven.io\/wp-content\/uploads\/integrationen_prismatic_logo-200x200.png 200w, https:\/\/www.seven.io\/wp-content\/uploads\/integrationen_prismatic_logo.png 450w\" sizes=\"auto, (max-width: 300px) 100vw, 300px\" \/><\/div><\/div><\/div><\/div><\/div><\/div><\/div><\/section><section class=\"l-section wpb_row height_small color_alternate\"><div class=\"l-section-h i-cf\"><div class=\"g-cols vc_row via_flex valign_middle type_default stacking_default\"><div class=\"vc_col-sm-6 wpb_column vc_column_container\"><div class=\"vc_column-inner\"><div class=\"wpb_wrapper\"><div class=\"w-image align_center\"><div class=\"w-image-h\"><img decoding=\"async\" width=\"500\" height=\"499\" src=\"https:\/\/www.seven.io\/wp-content\/uploads\/integrationen_prismatic_mock_de-500x499.png\" class=\"attachment-us_500_0 size-us_500_0\" alt=\"Beispiel: Eine automatisch versendete SMS aus Prismatic\" loading=\"lazy\" srcset=\"https:\/\/www.seven.io\/wp-content\/uploads\/integrationen_prismatic_mock_de-500x499.png 500w, https:\/\/www.seven.io\/wp-content\/uploads\/integrationen_prismatic_mock_de-300x300.png 300w, https:\/\/www.seven.io\/wp-content\/uploads\/integrationen_prismatic_mock_de-150x150.png 150w, https:\/\/www.seven.io\/wp-content\/uploads\/integrationen_prismatic_mock_de-350x350.png 350w, https:\/\/www.seven.io\/wp-content\/uploads\/integrationen_prismatic_mock_de-600x599.png 600w, https:\/\/www.seven.io\/wp-content\/uploads\/integrationen_prismatic_mock_de-250x250.png 250w, https:\/\/www.seven.io\/wp-content\/uploads\/integrationen_prismatic_mock_de-400x399.png 400w, https:\/\/www.seven.io\/wp-content\/uploads\/integrationen_prismatic_mock_de-401x400.png 401w, https:\/\/www.seven.io\/wp-content\/uploads\/integrationen_prismatic_mock_de-200x200.png 200w, https:\/\/www.seven.io\/wp-content\/uploads\/integrationen_prismatic_mock_de.png 700w\" sizes=\"auto, (max-width: 500px) 100vw, 500px\" \/><\/div><\/div><\/div><\/div><\/div><div class=\"vc_col-sm-6 wpb_column vc_column_container\"><div class=\"vc_column-inner\"><div class=\"wpb_wrapper\"><div class=\"wpb_text_column\"><div class=\"wpb_wrapper\"><h3>Versenden Sie SMS aus Prismatic<\/h3>\n<p>Nutzen Sie unsere Komponenten, um nicht nur SMS aus Prismatic zu versenden, sondern auch Text-to-Speech-Nachrichten. F\u00fcr die meisten Anwendungsf\u00e4lle sind SMS popul\u00e4r, weil sie schnell gelesen werden und trotzdem eine asynchrone Kommunikation erm\u00f6glichen.<span class=\"Apple-converted-space\">\u00a0<\/span><\/p>\n<p>Text-to-Speech-Nachrichten werden als Anrufe zugestellt und werden daher gerne f\u00fcr Szenarien genutzt, in denen die Aufmerksamkeit der Empf\u00e4nger sofort gegeben sein muss \u2013 beispielsweise f\u00fcr Alarmierungen.<\/p>\n<p>Egal wof\u00fcr Sie sich entscheiden \u2013 nach einer kurzen Einrichtung k\u00f6nnen Sie loslegen. Sie ben\u00f6tigen hierf\u00fcr einen <a href=\"https:\/\/help.seven.io\/de\/api-key-zugriff\" rel=\"noopener\">API Key, den Sie selbst mit wenigen Klicks anlegen k\u00f6nnen<\/a>. Probieren Sie es einfach aus!<\/p>\n<\/div><\/div><\/div><\/div><\/div><\/div><\/div><\/section><!-- Row Backgrounds --><div class=\"upb_color\" data-bg-override=\"0\" data-bg-color=\"#f4f4f4\" data-fadeout=\"\" data-fadeout-percentage=\"30\" data-parallax-content=\"\" data-parallax-content-sense=\"30\" data-row-effect-mobile-disable=\"true\" data-img-parallax-mobile-disable=\"true\" data-rtl=\"false\"  data-custom-vc-row=\"\"  data-vc=\"8.7.2\"  data-is_old_vc=\"\"  data-theme-support=\"disable\"   data-overlay=\"false\" data-overlay-color=\"\" data-overlay-pattern=\"\" data-overlay-pattern-opacity=\"\" data-overlay-pattern-size=\"\"    ><\/div><section class=\"l-section wpb_row height_small\"><div class=\"l-section-h i-cf\"><div class=\"g-cols vc_row via_flex valign_top type_default stacking_default\"><div class=\"vc_col-sm-12 wpb_column vc_column_container\"><div class=\"vc_column-inner\"><div class=\"wpb_wrapper\"><div class=\"w-actionbox us_custom_e47d7875 color_light controls_right\"><div class=\"w-actionbox-text\"><div class=\"w-actionbox-description\"><p>Sie brauchen Hilfe bei der Installation oder der Einrichtung der Funktionen?<br \/>\nAuf unserer GitHub-Seite finden Sie weitere Informationen.<\/p>\n<\/div><\/div><div class=\"w-actionbox-controls\"><a class=\"w-btn us-btn-style_5\" target=\"_blank\" rel=\"nofollow noopener\" href=\"https:\/\/github.com\/seven-io\/prismatic\"><span class=\"w-btn-label\">Zu GitHub<\/span><\/a><\/div><\/div><\/div><\/div><\/div><\/div><\/div><\/section><!-- Row Backgrounds --><div class=\"upb_color\" data-bg-override=\"0\" data-bg-color=\"#ffffff\" data-fadeout=\"\" data-fadeout-percentage=\"30\" data-parallax-content=\"\" data-parallax-content-sense=\"30\" data-row-effect-mobile-disable=\"true\" data-img-parallax-mobile-disable=\"true\" data-rtl=\"false\"  data-custom-vc-row=\"\"  data-vc=\"8.7.2\"  data-is_old_vc=\"\"  data-theme-support=\"disable\"   data-overlay=\"false\" data-overlay-color=\"\" data-overlay-pattern=\"\" data-overlay-pattern-opacity=\"\" data-overlay-pattern-size=\"\"    ><\/div>\n","protected":false},"excerpt":{"rendered":"Prismatic ist eine Integrationsplattform, die sich auf die Bed\u00fcrfnisse des B2B Gesch\u00e4fts fokussiert hat. Ziel ist es, Integrationen zu vereinfachen, damit Sie Ihren Kunden genau das bieten k\u00f6nnen, was sie brauchen \u2013 auch eine eigene Integrationsplattform. Es k\u00f6nnen verschiedene SaaS Apps miteinander verbunden werden, aber auch die Einbindung von eigenen Konnektoren ist m\u00f6glich. So ist...","protected":false},"author":1,"featured_media":84411,"parent":17075,"menu_order":0,"comment_status":"closed","ping_status":"closed","template":"","meta":{"content-type":"","footnotes":""},"class_list":["post-84409","page","type-page","status-publish","has-post-thumbnail","hentry"],"_links":{"self":[{"href":"https:\/\/www.seven.io\/de\/wp-json\/wp\/v2\/pages\/84409","targetHints":{"allow":["GET"]}}],"collection":[{"href":"https:\/\/www.seven.io\/de\/wp-json\/wp\/v2\/pages"}],"about":[{"href":"https:\/\/www.seven.io\/de\/wp-json\/wp\/v2\/types\/page"}],"author":[{"embeddable":true,"href":"https:\/\/www.seven.io\/de\/wp-json\/wp\/v2\/users\/1"}],"replies":[{"embeddable":true,"href":"https:\/\/www.seven.io\/de\/wp-json\/wp\/v2\/comments?post=84409"}],"version-history":[{"count":20,"href":"https:\/\/www.seven.io\/de\/wp-json\/wp\/v2\/pages\/84409\/revisions"}],"predecessor-version":[{"id":88773,"href":"https:\/\/www.seven.io\/de\/wp-json\/wp\/v2\/pages\/84409\/revisions\/88773"}],"up":[{"embeddable":true,"href":"https:\/\/www.seven.io\/de\/wp-json\/wp\/v2\/pages\/17075"}],"wp:featuredmedia":[{"embeddable":true,"href":"https:\/\/www.seven.io\/de\/wp-json\/wp\/v2\/media\/84411"}],"wp:attachment":[{"href":"https:\/\/www.seven.io\/de\/wp-json\/wp\/v2\/media?parent=84409"}],"curies":[{"name":"wp","href":"https:\/\/api.w.org\/{rel}","templated":true}]}}