{"id":84484,"date":"2022-11-17T07:52:31","date_gmt":"2022-11-17T06:52:31","guid":{"rendered":"https:\/\/www.sms77.io\/?page_id=84484"},"modified":"2023-02-21T16:13:58","modified_gmt":"2023-02-21T15:13:58","slug":"logto","status":"publish","type":"page","link":"https:\/\/www.seven.io\/de\/loesungen\/integrationen\/logto\/","title":{"rendered":"Logto"},"content":{"rendered":"<section class=\"l-section wpb_row height_small\"><div class=\"l-section-h i-cf\"><div class=\"g-cols vc_row via_flex valign_middle type_default stacking_default\"><div class=\"vc_col-sm-6 wpb_column vc_column_container\"><div class=\"vc_column-inner\"><div class=\"wpb_wrapper\"><div class=\"wpb_text_column\"><div class=\"wpb_wrapper\"><p><strong>Logto ist eine Open-Source-L\u00f6sung zur Erstellung von Login-Oberfl\u00e4chen, sowie zur Verwaltung der entsprechenden Daten. Unter anderem stellt Logto verschiedene Login-Methoden zur Verf\u00fcgung, von der Authentifizierung durch Social-Media-Profile bis hin zum Versand von dynamischen Passw\u00f6rtern via Email oder SMS.<span class=\"Apple-converted-space\">\u00a0<\/span><\/strong><\/p>\n<p><strong>Neben den Konnektoren, die Logto bereitstellt, k\u00f6nnen Sie auch <a href=\"https:\/\/docs.logto.io\/docs\/recipes\/create-your-connector\/\" target=\"_blank\" rel=\"noopener\">eigene Konnektoren erstellen<\/a>. So ist es auch m\u00f6glich, den Versand von dynamischen Passw\u00f6rtern via SMS aus Logto mit seven zu realisieren.<\/strong><\/p>\n<\/div><\/div><div class=\"w-btn-wrapper align_none\"><a class=\"w-btn us-btn-style_1 no-border\" target=\"_blank\" rel=\"nofollow noopener\" href=\"https:\/\/github.com\/seven-io\/logto\"><span class=\"w-btn-label\">Unser Connector f\u00fcr Logto<\/span><\/a><\/div><\/div><\/div><\/div><div class=\"vc_col-sm-6 wpb_column vc_column_container\"><div class=\"vc_column-inner\"><div class=\"wpb_wrapper\"><div class=\"w-image align_center\"><div class=\"w-image-h\"><img decoding=\"async\" width=\"300\" height=\"300\" src=\"https:\/\/www.seven.io\/wp-content\/uploads\/integrationen_logto_logo-300x300.png\" class=\"attachment-us_300_0 size-us_300_0\" alt=\"Logto Logo\" loading=\"lazy\" srcset=\"https:\/\/www.seven.io\/wp-content\/uploads\/integrationen_logto_logo-300x300.png 300w, https:\/\/www.seven.io\/wp-content\/uploads\/integrationen_logto_logo-150x150.png 150w, https:\/\/www.seven.io\/wp-content\/uploads\/integrationen_logto_logo-350x350.png 350w, https:\/\/www.seven.io\/wp-content\/uploads\/integrationen_logto_logo-250x250.png 250w, https:\/\/www.seven.io\/wp-content\/uploads\/integrationen_logto_logo-400x400.png 400w, https:\/\/www.seven.io\/wp-content\/uploads\/integrationen_logto_logo-200x200.png 200w, https:\/\/www.seven.io\/wp-content\/uploads\/integrationen_logto_logo.png 450w\" sizes=\"auto, (max-width: 300px) 100vw, 300px\" \/><\/div><\/div><\/div><\/div><\/div><\/div><\/div><\/section><section class=\"l-section wpb_row height_small color_alternate\"><div class=\"l-section-h i-cf\"><div class=\"g-cols vc_row via_flex valign_middle type_default stacking_default\"><div class=\"vc_col-sm-6 wpb_column vc_column_container\"><div class=\"vc_column-inner\"><div class=\"wpb_wrapper\"><div class=\"w-image align_center\"><div class=\"w-image-h\"><img decoding=\"async\" width=\"400\" height=\"401\" src=\"https:\/\/www.seven.io\/wp-content\/uploads\/integrationen_logto_mock_de-400x401.png\" class=\"attachment-us_400_0 size-us_400_0\" alt=\"Senden Sie dynamische Passcodes via SMS aus Logto\" loading=\"lazy\" srcset=\"https:\/\/www.seven.io\/wp-content\/uploads\/integrationen_logto_mock_de-400x401.png 400w, https:\/\/www.seven.io\/wp-content\/uploads\/integrationen_logto_mock_de-300x301.png 300w, https:\/\/www.seven.io\/wp-content\/uploads\/integrationen_logto_mock_de-150x150.png 150w, https:\/\/www.seven.io\/wp-content\/uploads\/integrationen_logto_mock_de-350x351.png 350w, https:\/\/www.seven.io\/wp-content\/uploads\/integrationen_logto_mock_de-250x250.png 250w, https:\/\/www.seven.io\/wp-content\/uploads\/integrationen_logto_mock_de-399x400.png 399w, https:\/\/www.seven.io\/wp-content\/uploads\/integrationen_logto_mock_de-200x200.png 200w, https:\/\/www.seven.io\/wp-content\/uploads\/integrationen_logto_mock_de-500x501.png 500w, https:\/\/www.seven.io\/wp-content\/uploads\/integrationen_logto_mock_de.png 600w\" sizes=\"auto, (max-width: 400px) 100vw, 400px\" \/><\/div><\/div><\/div><\/div><\/div><div class=\"vc_col-sm-6 wpb_column vc_column_container\"><div class=\"vc_column-inner\"><div class=\"wpb_wrapper\"><div class=\"wpb_text_column\"><div class=\"wpb_wrapper\"><h3>Senden Sie dynamische Passcodes via SMS aus Logto<\/h3>\n<p>Wenn Sie unseren Service nutzen m\u00f6chten, um dynamische Passw\u00f6rter via SMS zu versenden, k\u00f6nnen Sie dies mit einem eigenen Connector umsetzen. <a href=\"https:\/\/github.com\/seven-io\/logto\" target=\"_blank\" rel=\"noopener\">In unserem GitHub-Repository<\/a> finden Sie entsprechende Details, die Sie beim Aufsetzen des Connectors ben\u00f6tigen.<\/p>\n<p>Ihnen steht auch die M\u00f6glichkeit zur Verf\u00fcgung, einen <a href=\"\/blog\/was-ist-eine-sms-sender-id\/\">alphanumerischen Absendernamen anzugeben<\/a>. Dieser wird den Empf\u00e4ngern als Absender angezeigt, wenn sie die SMS empfangen. Ihr alphanumerischer Absendername kann bis zu elf Zeichen enthalten. Geben Sie einen numerischen Absender an, sind bis zu 16 Zeichen m\u00f6glich.<span class=\"Apple-converted-space\">\u00a0Zur Einrichtung <a href=\"https:\/\/help.seven.io\/de\/api-key-zugriff\" rel=\"noopener\">ben\u00f6tigen Sie au\u00dferdem einen API Key<\/a>.\u00a0<\/span><\/p>\n<\/div><\/div><\/div><\/div><\/div><\/div><\/div><\/section><!-- Row Backgrounds --><div class=\"upb_color\" data-bg-override=\"0\" data-bg-color=\"#f4f4f4\" data-fadeout=\"\" data-fadeout-percentage=\"30\" data-parallax-content=\"\" data-parallax-content-sense=\"30\" data-row-effect-mobile-disable=\"true\" data-img-parallax-mobile-disable=\"true\" data-rtl=\"false\"  data-custom-vc-row=\"\"  data-vc=\"8.7.2\"  data-is_old_vc=\"\"  data-theme-support=\"disable\"   data-overlay=\"false\" data-overlay-color=\"\" data-overlay-pattern=\"\" data-overlay-pattern-opacity=\"\" data-overlay-pattern-size=\"\"    ><\/div><section class=\"l-section wpb_row height_small\"><div class=\"l-section-h i-cf\"><div class=\"g-cols vc_row via_flex valign_top type_default stacking_default\"><div class=\"vc_col-sm-12 wpb_column vc_column_container\"><div class=\"vc_column-inner\"><div class=\"wpb_wrapper\"><div class=\"w-actionbox us_custom_e47d7875 color_light controls_right\"><div class=\"w-actionbox-text\"><div class=\"w-actionbox-description\"><p>Sie brauchen Hilfe bei der Installation oder der Einrichtung der Funktionen?<br \/>\nAuf unserer GitHub-Seite finden Sie weitere Informationen.<\/p>\n<\/div><\/div><div class=\"w-actionbox-controls\"><a class=\"w-btn us-btn-style_5\" target=\"_blank\" rel=\"nofollow noopener\" href=\"https:\/\/github.com\/seven-io\/logto\"><span class=\"w-btn-label\">Zu GitHub<\/span><\/a><\/div><\/div><\/div><\/div><\/div><\/div><\/div><\/section><!-- Row Backgrounds --><div class=\"upb_color\" data-bg-override=\"0\" data-bg-color=\"#ffffff\" data-fadeout=\"\" data-fadeout-percentage=\"30\" data-parallax-content=\"\" data-parallax-content-sense=\"30\" data-row-effect-mobile-disable=\"true\" data-img-parallax-mobile-disable=\"true\" data-rtl=\"false\"  data-custom-vc-row=\"\"  data-vc=\"8.7.2\"  data-is_old_vc=\"\"  data-theme-support=\"disable\"   data-overlay=\"false\" data-overlay-color=\"\" data-overlay-pattern=\"\" data-overlay-pattern-opacity=\"\" data-overlay-pattern-size=\"\"    ><\/div>\n","protected":false},"excerpt":{"rendered":"Logto ist eine Open-Source-L\u00f6sung zur Erstellung von Login-Oberfl\u00e4chen, sowie zur Verwaltung der entsprechenden Daten. Unter anderem stellt Logto verschiedene Login-Methoden zur Verf\u00fcgung, von der Authentifizierung durch Social-Media-Profile bis hin zum Versand von dynamischen Passw\u00f6rtern via Email oder SMS.\u00a0 Neben den Konnektoren, die Logto bereitstellt, k\u00f6nnen Sie auch eigene Konnektoren erstellen. So ist es auch m\u00f6glich,...","protected":false},"author":1,"featured_media":84482,"parent":17075,"menu_order":0,"comment_status":"closed","ping_status":"closed","template":"","meta":{"content-type":"","footnotes":""},"class_list":["post-84484","page","type-page","status-publish","has-post-thumbnail","hentry"],"_links":{"self":[{"href":"https:\/\/www.seven.io\/de\/wp-json\/wp\/v2\/pages\/84484","targetHints":{"allow":["GET"]}}],"collection":[{"href":"https:\/\/www.seven.io\/de\/wp-json\/wp\/v2\/pages"}],"about":[{"href":"https:\/\/www.seven.io\/de\/wp-json\/wp\/v2\/types\/page"}],"author":[{"embeddable":true,"href":"https:\/\/www.seven.io\/de\/wp-json\/wp\/v2\/users\/1"}],"replies":[{"embeddable":true,"href":"https:\/\/www.seven.io\/de\/wp-json\/wp\/v2\/comments?post=84484"}],"version-history":[{"count":13,"href":"https:\/\/www.seven.io\/de\/wp-json\/wp\/v2\/pages\/84484\/revisions"}],"predecessor-version":[{"id":88712,"href":"https:\/\/www.seven.io\/de\/wp-json\/wp\/v2\/pages\/84484\/revisions\/88712"}],"up":[{"embeddable":true,"href":"https:\/\/www.seven.io\/de\/wp-json\/wp\/v2\/pages\/17075"}],"wp:featuredmedia":[{"embeddable":true,"href":"https:\/\/www.seven.io\/de\/wp-json\/wp\/v2\/media\/84482"}],"wp:attachment":[{"href":"https:\/\/www.seven.io\/de\/wp-json\/wp\/v2\/media?parent=84484"}],"curies":[{"name":"wp","href":"https:\/\/api.w.org\/{rel}","templated":true}]}}