{"id":84571,"date":"2022-12-02T09:26:43","date_gmt":"2022-12-02T08:26:43","guid":{"rendered":"https:\/\/www.sms77.io\/?page_id=84571"},"modified":"2024-07-02T16:03:01","modified_gmt":"2024-07-02T14:03:01","slug":"adalo","status":"publish","type":"page","link":"https:\/\/www.seven.io\/de\/loesungen\/integrationen\/adalo\/","title":{"rendered":"Adalo"},"content":{"rendered":"<section class=\"l-section wpb_row height_small\"><div class=\"l-section-h i-cf\"><div class=\"g-cols vc_row via_flex valign_middle type_default stacking_default\"><div class=\"vc_col-sm-6 wpb_column vc_column_container\"><div class=\"vc_column-inner\"><div class=\"wpb_wrapper\"><div class=\"wpb_text_column\"><div class=\"wpb_wrapper\"><p><strong>Adalo ist eine L\u00f6sung zur No-Code-Erstellung von mobilen Apps, die online genutzt werden kann. Es steht eine kostenlose Testversion zur Verf\u00fcgung, bei bestimmten Nutzungsumf\u00e4ngen gibt es verschiedene Preise.<span class=\"Apple-converted-space\">\u00a0<\/span><\/strong><\/p>\n<p><strong>Nutzer k\u00f6nnen verschiede Komponenten in ihre Apps einbinden, die auf dem <a href=\"https:\/\/www.adalo.com\/marketplace\" target=\"_blank\" rel=\"noopener\">Marktplatz von Adalo<\/a> verf\u00fcgbar sind. Neben den dort verf\u00fcgbaren Komponenten, die via Drag and Drop miteinander verbunden werden k\u00f6nnen, k\u00f6nnen Entwickler auch ihre eigenen Komponenten umsetzen und einbinden.<\/strong><\/p>\n<p><strong>Mit unserer Komponente k\u00f6nnen Sie beispielsweise Text-to-Speech-Nachrichten und SMS in Adalo versenden.<\/strong><\/p>\n<\/div><\/div><div class=\"w-btn-wrapper align_none\"><a class=\"w-btn us-btn-style_1 no-border\" target=\"_blank\" rel=\"nofollow noopener\" href=\"https:\/\/github.com\/seven-io\/adalo\"><span class=\"w-btn-label\">Unsere Komponente f\u00fcr Adalo<\/span><\/a><\/div><\/div><\/div><\/div><div class=\"vc_col-sm-6 wpb_column vc_column_container\"><div class=\"vc_column-inner\"><div class=\"wpb_wrapper\"><div class=\"w-video align_none ratio_16x9 has_iframe\"><div class=\"w-video-h\"><iframe title=\"Youtube video player\" src=\"\/\/www.youtube.com\/embed\/qicS8eZh-cs?autoplay=0&controls=1&origin=https:\/\/www.seven.io\/de\/&loop=0&mute=0\" allowfullscreen=\"1\" loading=\"lazy\"><\/iframe><\/div><\/div><\/div><\/div><\/div><\/div><\/div><\/section><section class=\"l-section wpb_row height_small color_alternate\"><div class=\"l-section-h i-cf\"><div class=\"g-cols vc_row via_flex valign_middle type_default stacking_default\"><div class=\"vc_col-sm-6 wpb_column vc_column_container\"><div class=\"vc_column-inner\"><div class=\"wpb_wrapper\"><div class=\"w-image align_center\"><div class=\"w-image-h\"><img decoding=\"async\" width=\"350\" height=\"438\" src=\"https:\/\/www.seven.io\/wp-content\/uploads\/integrationen-adalo_mood-350x438.png\" class=\"attachment-us_350_0 size-us_350_0\" alt=\"Versenden Sie Voice-Nachrichten und SMS in Adalo\" loading=\"lazy\" srcset=\"https:\/\/www.seven.io\/wp-content\/uploads\/integrationen-adalo_mood-350x438.png 350w, https:\/\/www.seven.io\/wp-content\/uploads\/integrationen-adalo_mood-240x300.png 240w, https:\/\/www.seven.io\/wp-content\/uploads\/integrationen-adalo_mood-250x313.png 250w, https:\/\/www.seven.io\/wp-content\/uploads\/integrationen-adalo_mood-300x375.png 300w, https:\/\/www.seven.io\/wp-content\/uploads\/integrationen-adalo_mood-400x500.png 400w, https:\/\/www.seven.io\/wp-content\/uploads\/integrationen-adalo_mood-320x400.png 320w, https:\/\/www.seven.io\/wp-content\/uploads\/integrationen-adalo_mood-200x250.png 200w, https:\/\/www.seven.io\/wp-content\/uploads\/integrationen-adalo_mood-500x625.png 500w, https:\/\/www.seven.io\/wp-content\/uploads\/integrationen-adalo_mood.png 512w\" sizes=\"auto, (max-width: 350px) 100vw, 350px\" \/><\/div><\/div><div class=\"w-separator size_custom\" style=\"height:10px\"><\/div><div class=\"wpb_text_column\"><div class=\"wpb_wrapper\"><p style=\"text-align: center;\"><em>Begeistern Sie Ihre Nutzer mit effektiven Benachrichtigungen<\/em><\/p>\n<\/div><\/div><\/div><\/div><\/div><div class=\"vc_col-sm-6 wpb_column vc_column_container\"><div class=\"vc_column-inner\"><div class=\"wpb_wrapper\"><div class=\"wpb_text_column\"><div class=\"wpb_wrapper\"><h3>Versenden Sie SMS in Adalo<\/h3>\n<p>Mit unserer Komponente ist nicht nur der Versand von SMS in Adalo schnell umgesetzt, sondern Sie k\u00f6nnen auch <a href=\"\/de\/produkte\/voice\/\">Text-to-Speech-Nachrichten<\/a> verschicken. Diese werden als Anruf zugestellt und deshalb besonders h\u00e4ufig f\u00fcr sehr dringende Nachrichten genutzt.<span class=\"Apple-converted-space\">\u00a0<\/span><\/p>\n<p>F\u00fcr den Versand von Nachrichten \u00fcber unser Gateway ben\u00f6tigen Sie, neben ausreichendem Guthaben, einen <a href=\"https:\/\/help.seven.io\/de\/api-key-zugriff\" rel=\"noopener\">API Key, den Sie in wenigen Schritten selbst anlegen k\u00f6nnen<\/a>. Nach einer kurzen Einrichtung k\u00f6nnen Sie loslegen und Ihre Komponente in Ihr Projekt einbauen.<\/p>\n<p>Wie verwenden Sie unsere Komponente in Adalo? <a href=\"mailto:hello@seven.io\">Schicken Sie uns eine Nachricht<\/a> \u2013 wir freuen uns, mehr \u00fcber Ihren Anwendungsfall zu erfahren.<\/p>\n<\/div><\/div><\/div><\/div><\/div><\/div><\/div><\/section><!-- Row Backgrounds --><div class=\"upb_color\" data-bg-override=\"0\" data-bg-color=\"#f4f4f4\" data-fadeout=\"\" data-fadeout-percentage=\"30\" data-parallax-content=\"\" data-parallax-content-sense=\"30\" data-row-effect-mobile-disable=\"true\" data-img-parallax-mobile-disable=\"true\" data-rtl=\"false\"  data-custom-vc-row=\"\"  data-vc=\"8.7.2\"  data-is_old_vc=\"\"  data-theme-support=\"disable\"   data-overlay=\"false\" data-overlay-color=\"\" data-overlay-pattern=\"\" data-overlay-pattern-opacity=\"\" data-overlay-pattern-size=\"\"    ><\/div><section class=\"l-section wpb_row height_small\"><div class=\"l-section-h i-cf\"><div class=\"g-cols vc_row via_flex valign_top type_default stacking_default\"><div class=\"vc_col-sm-12 wpb_column vc_column_container\"><div class=\"vc_column-inner\"><div class=\"wpb_wrapper\"><div class=\"w-actionbox us_custom_e47d7875 color_light controls_right\"><div class=\"w-actionbox-text\"><div class=\"w-actionbox-description\"><p>Sie brauchen Hilfe bei der Installation oder der Einrichtung der Funktionen?<br \/>\nAuf unserer GitHub-Seite finden Sie weitere Informationen.<\/p>\n<\/div><\/div><div class=\"w-actionbox-controls\"><a class=\"w-btn us-btn-style_5\" target=\"_blank\" rel=\"nofollow noopener\" href=\"https:\/\/github.com\/seven-io\/adalo\"><span class=\"w-btn-label\">Zu GitHub<\/span><\/a><\/div><\/div><\/div><\/div><\/div><\/div><\/div><\/section><!-- Row Backgrounds --><div class=\"upb_color\" data-bg-override=\"0\" data-bg-color=\"#ffffff\" data-fadeout=\"\" data-fadeout-percentage=\"30\" data-parallax-content=\"\" data-parallax-content-sense=\"30\" data-row-effect-mobile-disable=\"true\" data-img-parallax-mobile-disable=\"true\" data-rtl=\"false\"  data-custom-vc-row=\"\"  data-vc=\"8.7.2\"  data-is_old_vc=\"\"  data-theme-support=\"disable\"   data-overlay=\"false\" data-overlay-color=\"\" data-overlay-pattern=\"\" data-overlay-pattern-opacity=\"\" data-overlay-pattern-size=\"\"    ><\/div>\n","protected":false},"excerpt":{"rendered":"Adalo ist eine L\u00f6sung zur No-Code-Erstellung von mobilen Apps, die online genutzt werden kann. Es steht eine kostenlose Testversion zur Verf\u00fcgung, bei bestimmten Nutzungsumf\u00e4ngen gibt es verschiedene Preise.\u00a0 Nutzer k\u00f6nnen verschiede Komponenten in ihre Apps einbinden, die auf dem Marktplatz von Adalo verf\u00fcgbar sind. Neben den dort verf\u00fcgbaren Komponenten, die via Drag and Drop miteinander...","protected":false},"author":1,"featured_media":84569,"parent":17075,"menu_order":0,"comment_status":"closed","ping_status":"closed","template":"","meta":{"content-type":"","footnotes":""},"class_list":["post-84571","page","type-page","status-publish","has-post-thumbnail","hentry"],"_links":{"self":[{"href":"https:\/\/www.seven.io\/de\/wp-json\/wp\/v2\/pages\/84571","targetHints":{"allow":["GET"]}}],"collection":[{"href":"https:\/\/www.seven.io\/de\/wp-json\/wp\/v2\/pages"}],"about":[{"href":"https:\/\/www.seven.io\/de\/wp-json\/wp\/v2\/types\/page"}],"author":[{"embeddable":true,"href":"https:\/\/www.seven.io\/de\/wp-json\/wp\/v2\/users\/1"}],"replies":[{"embeddable":true,"href":"https:\/\/www.seven.io\/de\/wp-json\/wp\/v2\/comments?post=84571"}],"version-history":[{"count":17,"href":"https:\/\/www.seven.io\/de\/wp-json\/wp\/v2\/pages\/84571\/revisions"}],"predecessor-version":[{"id":92934,"href":"https:\/\/www.seven.io\/de\/wp-json\/wp\/v2\/pages\/84571\/revisions\/92934"}],"up":[{"embeddable":true,"href":"https:\/\/www.seven.io\/de\/wp-json\/wp\/v2\/pages\/17075"}],"wp:featuredmedia":[{"embeddable":true,"href":"https:\/\/www.seven.io\/de\/wp-json\/wp\/v2\/media\/84569"}],"wp:attachment":[{"href":"https:\/\/www.seven.io\/de\/wp-json\/wp\/v2\/media?parent=84571"}],"curies":[{"name":"wp","href":"https:\/\/api.w.org\/{rel}","templated":true}]}}