{"id":88945,"date":"2023-03-01T11:18:06","date_gmt":"2023-03-01T10:18:06","guid":{"rendered":"https:\/\/www.seven.io\/?page_id=88945"},"modified":"2024-03-27T09:37:29","modified_gmt":"2024-03-27T08:37:29","slug":"mantis-bug-tracker","status":"publish","type":"page","link":"https:\/\/www.seven.io\/de\/loesungen\/integrationen\/mantis-bug-tracker\/","title":{"rendered":"Mantis Bug Tracker"},"content":{"rendered":"<section class=\"l-section wpb_row height_small\"><div class=\"l-section-h i-cf\"><div class=\"g-cols vc_row via_flex valign_middle type_default stacking_default\"><div class=\"vc_col-sm-6 wpb_column vc_column_container\"><div class=\"vc_column-inner\"><div class=\"wpb_wrapper\"><div class=\"wpb_text_column\"><div class=\"wpb_wrapper\"><p>Mantis Bug Tracker ist ein Open Source Issue Tracker, der schnell einsatzbereit ist und an individuelle Bed\u00fcrfnisse angepasst werden kann. Die Software ist auch in einer SaaS-Variante erh\u00e4ltlich, die <a href=\"https:\/\/www.mantisbt.org\/demo.php\" target=\"_blank\" rel=\"noopener\">MantisHub<\/a> hei\u00dft. Au\u00dferdem ist eine mobil-optimierte Version verf\u00fcgbar.<\/p>\n<p>Durch verschiedene Plugins stehen schnell verschiedene Funktionen zur Verf\u00fcgung, die den Grundumfang erweitern. Mit unserem Plugin k\u00f6nnen Sie beispielsweise SMS mit Mantis Bug Tracker verschicken, um zust\u00e4ndige Mitarbeiter zuverl\u00e4ssig zu informieren.<\/p>\n<\/div><\/div><div class=\"w-btn-wrapper align_none\"><a class=\"w-btn us-btn-style_1 no-border\" target=\"_blank\" rel=\"nofollow noopener\" href=\"https:\/\/github.com\/seven-io\/mantisbt\"><span class=\"w-btn-label\">Unser Plugin f\u00fcr Mantis Bug Tracker<\/span><\/a><\/div><\/div><\/div><\/div><div class=\"vc_col-sm-6 wpb_column vc_column_container\"><div class=\"vc_column-inner\"><div class=\"wpb_wrapper\"><div class=\"w-video align_none ratio_16x9 has_iframe\"><div class=\"w-video-h\"><iframe title=\"Vimeo video player\" src=\"https:\/\/player.vimeo.com\/video\/268913506?autoplay=0&loop=0&autopause=0&color=00adef&portrait=0&byline=1&title=1&controls=1&muted=0\" frameborder=\"0\" allow=\"autoplay; fullscreen\" allowfullscreen loading=\"lazy\"><\/iframe><\/div><\/div><\/div><\/div><\/div><\/div><\/div><\/section><section class=\"l-section wpb_row height_small color_alternate\"><div class=\"l-section-h i-cf\"><div class=\"g-cols vc_row via_flex valign_middle type_default stacking_default\"><div class=\"vc_col-sm-6 wpb_column vc_column_container\"><div class=\"vc_column-inner\"><div class=\"wpb_wrapper\"><div class=\"w-image no-border align_center\"><a ref=\"magnificPopup\" href=\"https:\/\/www.seven.io\/wp-content\/uploads\/integrationen_mantisbugtracker_screen.png\" aria-label=\"integrationen_mantisbugtracker_screen\" class=\"w-image-h\"><img decoding=\"async\" width=\"400\" height=\"313\" src=\"https:\/\/www.seven.io\/wp-content\/uploads\/integrationen_mantisbugtracker_screen-400x313.png\" class=\"attachment-us_400_0 size-us_400_0\" alt=\"Versenden Sie SMS mit Mantis Bug Tracker\" loading=\"lazy\" srcset=\"https:\/\/www.seven.io\/wp-content\/uploads\/integrationen_mantisbugtracker_screen-400x313.png 400w, https:\/\/www.seven.io\/wp-content\/uploads\/integrationen_mantisbugtracker_screen-300x235.png 300w, https:\/\/www.seven.io\/wp-content\/uploads\/integrationen_mantisbugtracker_screen-1024x801.png 1024w, https:\/\/www.seven.io\/wp-content\/uploads\/integrationen_mantisbugtracker_screen-350x274.png 350w, https:\/\/www.seven.io\/wp-content\/uploads\/integrationen_mantisbugtracker_screen-250x196.png 250w, https:\/\/www.seven.io\/wp-content\/uploads\/integrationen_mantisbugtracker_screen-600x470.png 600w, https:\/\/www.seven.io\/wp-content\/uploads\/integrationen_mantisbugtracker_screen-768x601.png 768w, https:\/\/www.seven.io\/wp-content\/uploads\/integrationen_mantisbugtracker_screen-511x400.png 511w, https:\/\/www.seven.io\/wp-content\/uploads\/integrationen_mantisbugtracker_screen-200x157.png 200w, https:\/\/www.seven.io\/wp-content\/uploads\/integrationen_mantisbugtracker_screen-500x391.png 500w, https:\/\/www.seven.io\/wp-content\/uploads\/integrationen_mantisbugtracker_screen.png 1200w\" sizes=\"auto, (max-width: 400px) 100vw, 400px\" \/><\/a><\/div><div class=\"w-separator size_custom\" style=\"height:10px\"><\/div><div class=\"wpb_text_column\"><div class=\"wpb_wrapper\"><p style=\"text-align: center;\"><em>Einstellungen in Mantis Bug Tracker, zum Vergr\u00f6\u00dfern anklicken.<\/em><\/p>\n<\/div><\/div><\/div><\/div><\/div><div class=\"vc_col-sm-6 wpb_column vc_column_container\"><div class=\"vc_column-inner\"><div class=\"wpb_wrapper\"><div class=\"wpb_text_column\"><div class=\"wpb_wrapper\"><h3>Jetzt SMS mit Mantis Bug Tracker versenden<\/h3>\n<p>Mit unserem Plugin k\u00f6nnen Sie SMS mit Mantis Bug Tracker versenden \u2013 ohne Umwege, direkt aus einem Issue heraus. So werden zust\u00e4ndige Personen schnell und effektiv \u00fcber besonders wichtige Anliegen informiert. Dabei ist es m\u00f6glich, die Empf\u00e4ngernummer automatisch ausf\u00fcllen zu lassen oder sie h\u00e4ndisch einzugeben \u2013 je nachdem, welche Option f\u00fcr Sie sinnvoller ist.<span class=\"Apple-converted-space\">\u00a0<\/span><\/p>\n<p>Probieren Sie es einfach risikofrei aus: <a href=\"https:\/\/app.seven.io\/signup\" rel=\"noopener\">Die Anmeldung<\/a> bei unserem Service ist kostenlos und Sie k\u00f6nnen sich jederzeit wieder abmelden.<br \/>\nSie haben Fragen? <a href=\"mailto:support@seven.io\">Unser Support<\/a> k\u00fcmmert sich gerne um Ihr Anliegen.<\/p>\n<\/div><\/div><\/div><\/div><\/div><\/div><\/div><\/section><!-- Row Backgrounds --><div class=\"upb_color\" data-bg-override=\"0\" data-bg-color=\"#f4f4f4\" data-fadeout=\"\" data-fadeout-percentage=\"30\" data-parallax-content=\"\" data-parallax-content-sense=\"30\" data-row-effect-mobile-disable=\"true\" data-img-parallax-mobile-disable=\"true\" data-rtl=\"false\"  data-custom-vc-row=\"\"  data-vc=\"8.7.2\"  data-is_old_vc=\"\"  data-theme-support=\"disable\"   data-overlay=\"false\" data-overlay-color=\"\" data-overlay-pattern=\"\" data-overlay-pattern-opacity=\"\" data-overlay-pattern-size=\"\"    ><\/div><section class=\"l-section wpb_row height_small\"><div class=\"l-section-h i-cf\"><div class=\"g-cols vc_row via_flex valign_top type_default stacking_default\"><div class=\"vc_col-sm-12 wpb_column vc_column_container\"><div class=\"vc_column-inner\"><div class=\"wpb_wrapper\"><div class=\"w-actionbox us_custom_e47d7875 color_light controls_right\"><div class=\"w-actionbox-text\"><div class=\"w-actionbox-description\"><p>Sie brauchen Hilfe bei der Installation oder der Einrichtung der Funktionen?<br \/>\nAuf unserer GitHub-Seite finden Sie weitere Informationen.<\/p>\n<\/div><\/div><div class=\"w-actionbox-controls\"><a class=\"w-btn us-btn-style_5\" target=\"_blank\" rel=\"nofollow noopener\" href=\"https:\/\/github.com\/seven-io\/mantisbt\"><span class=\"w-btn-label\">Zu GitHub<\/span><\/a><\/div><\/div><\/div><\/div><\/div><\/div><\/div><\/section><!-- Row Backgrounds --><div class=\"upb_color\" data-bg-override=\"0\" data-bg-color=\"#ffffff\" data-fadeout=\"\" data-fadeout-percentage=\"30\" data-parallax-content=\"\" data-parallax-content-sense=\"30\" data-row-effect-mobile-disable=\"true\" data-img-parallax-mobile-disable=\"true\" data-rtl=\"false\"  data-custom-vc-row=\"\"  data-vc=\"8.7.2\"  data-is_old_vc=\"\"  data-theme-support=\"disable\"   data-overlay=\"false\" data-overlay-color=\"\" data-overlay-pattern=\"\" data-overlay-pattern-opacity=\"\" data-overlay-pattern-size=\"\"    ><\/div>\n","protected":false},"excerpt":{"rendered":"Mantis Bug Tracker ist ein Open Source Issue Tracker, der schnell einsatzbereit ist und an individuelle Bed\u00fcrfnisse angepasst werden kann. Die Software ist auch in einer SaaS-Variante erh\u00e4ltlich, die MantisHub hei\u00dft. Au\u00dferdem ist eine mobil-optimierte Version verf\u00fcgbar. Durch verschiedene Plugins stehen schnell verschiedene Funktionen zur Verf\u00fcgung, die den Grundumfang erweitern. Mit unserem Plugin k\u00f6nnen Sie...","protected":false},"author":1,"featured_media":88951,"parent":17075,"menu_order":0,"comment_status":"closed","ping_status":"closed","template":"","meta":{"content-type":"","footnotes":""},"class_list":["post-88945","page","type-page","status-publish","has-post-thumbnail","hentry"],"_links":{"self":[{"href":"https:\/\/www.seven.io\/de\/wp-json\/wp\/v2\/pages\/88945","targetHints":{"allow":["GET"]}}],"collection":[{"href":"https:\/\/www.seven.io\/de\/wp-json\/wp\/v2\/pages"}],"about":[{"href":"https:\/\/www.seven.io\/de\/wp-json\/wp\/v2\/types\/page"}],"author":[{"embeddable":true,"href":"https:\/\/www.seven.io\/de\/wp-json\/wp\/v2\/users\/1"}],"replies":[{"embeddable":true,"href":"https:\/\/www.seven.io\/de\/wp-json\/wp\/v2\/comments?post=88945"}],"version-history":[{"count":12,"href":"https:\/\/www.seven.io\/de\/wp-json\/wp\/v2\/pages\/88945\/revisions"}],"predecessor-version":[{"id":92388,"href":"https:\/\/www.seven.io\/de\/wp-json\/wp\/v2\/pages\/88945\/revisions\/92388"}],"up":[{"embeddable":true,"href":"https:\/\/www.seven.io\/de\/wp-json\/wp\/v2\/pages\/17075"}],"wp:featuredmedia":[{"embeddable":true,"href":"https:\/\/www.seven.io\/de\/wp-json\/wp\/v2\/media\/88951"}],"wp:attachment":[{"href":"https:\/\/www.seven.io\/de\/wp-json\/wp\/v2\/media?parent=88945"}],"curies":[{"name":"wp","href":"https:\/\/api.w.org\/{rel}","templated":true}]}}