{"id":89017,"date":"2023-03-01T12:03:57","date_gmt":"2023-03-01T11:03:57","guid":{"rendered":"https:\/\/www.seven.io\/?page_id=89017"},"modified":"2023-03-01T12:03:57","modified_gmt":"2023-03-01T11:03:57","slug":"cubecart","status":"publish","type":"page","link":"https:\/\/www.seven.io\/de\/loesungen\/integrationen\/cubecart\/","title":{"rendered":"CubeCart"},"content":{"rendered":"<section class=\"l-section wpb_row height_small\"><div class=\"l-section-h i-cf\"><div class=\"g-cols vc_row via_flex valign_middle type_default stacking_default\"><div class=\"vc_col-sm-6 wpb_column vc_column_container\"><div class=\"vc_column-inner\"><div class=\"wpb_wrapper\"><div class=\"wpb_text_column\"><div class=\"wpb_wrapper\"><p>CubeCart ist ein Open-Source-eCommerce-System. Die Software enth\u00e4lt von Anfang an vielen Grundfunktionen, sodass auch komplexere Projekte ohne Erg\u00e4nzungen realisiert werden k\u00f6nnen. FSollte Ihnen dennoch eine Funktion fehlen, stehen Ihnen verschiedene Erweiterungen zur Verf\u00fcgung, mit denen das System weiter angepasst werden kann, so dass Sie es auf Ihre individuellen Bed\u00fcrfnisse abstimmen k\u00f6nnen. Bei Bedarf ist auch eine gehostete Version verf\u00fcgbar.<\/p>\n<p>Mit unserer Extension k\u00f6nnen Sie den Versand von SMS in CubeCart hinzuf\u00fcgen, um Kunden effektiv per Kurznachricht zu informieren.<span class=\"Apple-converted-space\">\u00a0<\/span><\/p>\n<\/div><\/div><div class=\"w-btn-wrapper align_none\"><a class=\"w-btn us-btn-style_1 no-border\" target=\"_blank\" rel=\"nofollow noopener\" href=\"https:\/\/github.com\/seven-io\/cubecart\"><span class=\"w-btn-label\">Unser Plugin f\u00fcr CubeCart<\/span><\/a><\/div><\/div><\/div><\/div><div class=\"vc_col-sm-6 wpb_column vc_column_container\"><div class=\"vc_column-inner\"><div class=\"wpb_wrapper\"><div class=\"w-image align_center\"><div class=\"w-image-h\"><img decoding=\"async\" width=\"450\" height=\"450\" src=\"https:\/\/www.seven.io\/wp-content\/uploads\/integrationen_cubecart_logo.png\" class=\"attachment-full size-full\" alt=\"\" loading=\"lazy\" srcset=\"https:\/\/www.seven.io\/wp-content\/uploads\/integrationen_cubecart_logo.png 450w, https:\/\/www.seven.io\/wp-content\/uploads\/integrationen_cubecart_logo-300x300.png 300w, https:\/\/www.seven.io\/wp-content\/uploads\/integrationen_cubecart_logo-150x150.png 150w, https:\/\/www.seven.io\/wp-content\/uploads\/integrationen_cubecart_logo-350x350.png 350w, https:\/\/www.seven.io\/wp-content\/uploads\/integrationen_cubecart_logo-250x250.png 250w, https:\/\/www.seven.io\/wp-content\/uploads\/integrationen_cubecart_logo-400x400.png 400w, https:\/\/www.seven.io\/wp-content\/uploads\/integrationen_cubecart_logo-200x200.png 200w\" sizes=\"auto, (max-width: 450px) 100vw, 450px\" \/><\/div><\/div><\/div><\/div><\/div><\/div><\/div><\/section><section class=\"l-section wpb_row height_small color_alternate\"><div class=\"l-section-h i-cf\"><div class=\"g-cols vc_row via_flex valign_middle type_default stacking_default\"><div class=\"vc_col-sm-6 wpb_column vc_column_container\"><div class=\"vc_column-inner\"><div class=\"wpb_wrapper\"><div class=\"w-image align_center\"><div class=\"w-image-h\"><img decoding=\"async\" width=\"400\" height=\"400\" src=\"https:\/\/www.seven.io\/wp-content\/uploads\/integrationen_cubecart_mock_de.png\" class=\"attachment-us_400_0 size-us_400_0\" alt=\"Versenden Sie SMS in CubeCart und erreichen Sie Ihre Kunden pers\u00f6nlich\" loading=\"lazy\" srcset=\"https:\/\/www.seven.io\/wp-content\/uploads\/integrationen_cubecart_mock_de.png 400w, https:\/\/www.seven.io\/wp-content\/uploads\/integrationen_cubecart_mock_de-300x300.png 300w, https:\/\/www.seven.io\/wp-content\/uploads\/integrationen_cubecart_mock_de-150x150.png 150w, https:\/\/www.seven.io\/wp-content\/uploads\/integrationen_cubecart_mock_de-350x350.png 350w, https:\/\/www.seven.io\/wp-content\/uploads\/integrationen_cubecart_mock_de-250x250.png 250w, https:\/\/www.seven.io\/wp-content\/uploads\/integrationen_cubecart_mock_de-200x200.png 200w\" sizes=\"auto, (max-width: 400px) 100vw, 400px\" \/><\/div><\/div><\/div><\/div><\/div><div class=\"vc_col-sm-6 wpb_column vc_column_container\"><div class=\"vc_column-inner\"><div class=\"wpb_wrapper\"><div class=\"wpb_text_column\"><div class=\"wpb_wrapper\"><h3>SMS in CubeCart versenden<\/h3>\n<p>Extensions bringen Ihren Online-Shop auf das n\u00e4chste Level. Wenn Sie unsere Erweiterung einbinden, k\u00f6nnen Sie im Handumdrehen SMS in CubeCart verschicken und Ihre Kunden so besonders effektiv erreichen. Die meisten SMS werden in den ersten drei Minuten nach Erhalt gelesen. Der besonders pers\u00f6nliche Kontakt st\u00e4rkt au\u00dferdem die Kundenbindung und sorgt daf\u00fcr, dass Sie Ihren Kunden im Ged\u00e4chtnis bleiben.<span class=\"Apple-converted-space\">\u00a0<\/span><\/p>\n<p>Probieren Sie es einfach aus: Die <a href=\"https:\/\/app.seven.io\/signup\" rel=\"noopener\">Registrierung bei seven.io<\/a> ist kostenlos und Sie k\u00f6nnen sich jederzeit wieder abmelden. Sie haben noch Fragen? <a href=\"mailto:support@seven.io\">Unser Support<\/a> hilft Ihnen gerne weiter.<\/p>\n<\/div><\/div><\/div><\/div><\/div><\/div><\/div><\/section><!-- Row Backgrounds --><div class=\"upb_color\" data-bg-override=\"0\" data-bg-color=\"#f4f4f4\" data-fadeout=\"\" data-fadeout-percentage=\"30\" data-parallax-content=\"\" data-parallax-content-sense=\"30\" data-row-effect-mobile-disable=\"true\" data-img-parallax-mobile-disable=\"true\" data-rtl=\"false\"  data-custom-vc-row=\"\"  data-vc=\"8.7.2\"  data-is_old_vc=\"\"  data-theme-support=\"disable\"   data-overlay=\"false\" data-overlay-color=\"\" data-overlay-pattern=\"\" data-overlay-pattern-opacity=\"\" data-overlay-pattern-size=\"\"    ><\/div><section class=\"l-section wpb_row height_small\"><div class=\"l-section-h i-cf\"><div class=\"g-cols vc_row via_flex valign_top type_default stacking_default\"><div class=\"vc_col-sm-12 wpb_column vc_column_container\"><div class=\"vc_column-inner\"><div class=\"wpb_wrapper\"><div class=\"w-actionbox us_custom_e47d7875 color_light controls_right\"><div class=\"w-actionbox-text\"><div class=\"w-actionbox-description\"><p>Sie brauchen Hilfe bei der Installation oder der Einrichtung der Funktionen?<br \/>\nAuf unserer GitHub-Seite finden Sie weitere Informationen.<\/p>\n<\/div><\/div><div class=\"w-actionbox-controls\"><a class=\"w-btn us-btn-style_5\" target=\"_blank\" rel=\"nofollow noopener\" href=\"https:\/\/github.com\/seven-io\/cubecart\"><span class=\"w-btn-label\">Zu GitHub<\/span><\/a><\/div><\/div><\/div><\/div><\/div><\/div><\/div><\/section><!-- Row Backgrounds --><div class=\"upb_color\" data-bg-override=\"0\" data-bg-color=\"#ffffff\" data-fadeout=\"\" data-fadeout-percentage=\"30\" data-parallax-content=\"\" data-parallax-content-sense=\"30\" data-row-effect-mobile-disable=\"true\" data-img-parallax-mobile-disable=\"true\" data-rtl=\"false\"  data-custom-vc-row=\"\"  data-vc=\"8.7.2\"  data-is_old_vc=\"\"  data-theme-support=\"disable\"   data-overlay=\"false\" data-overlay-color=\"\" data-overlay-pattern=\"\" data-overlay-pattern-opacity=\"\" data-overlay-pattern-size=\"\"    ><\/div>\n","protected":false},"excerpt":{"rendered":"CubeCart ist ein Open-Source-eCommerce-System. Die Software enth\u00e4lt von Anfang an vielen Grundfunktionen, sodass auch komplexere Projekte ohne Erg\u00e4nzungen realisiert werden k\u00f6nnen. FSollte Ihnen dennoch eine Funktion fehlen, stehen Ihnen verschiedene Erweiterungen zur Verf\u00fcgung, mit denen das System weiter angepasst werden kann, so dass Sie es auf Ihre individuellen Bed\u00fcrfnisse abstimmen k\u00f6nnen. Bei Bedarf ist auch...","protected":false},"author":1,"featured_media":89020,"parent":17075,"menu_order":0,"comment_status":"closed","ping_status":"closed","template":"","meta":{"content-type":"","footnotes":""},"class_list":["post-89017","page","type-page","status-publish","has-post-thumbnail","hentry"],"_links":{"self":[{"href":"https:\/\/www.seven.io\/de\/wp-json\/wp\/v2\/pages\/89017","targetHints":{"allow":["GET"]}}],"collection":[{"href":"https:\/\/www.seven.io\/de\/wp-json\/wp\/v2\/pages"}],"about":[{"href":"https:\/\/www.seven.io\/de\/wp-json\/wp\/v2\/types\/page"}],"author":[{"embeddable":true,"href":"https:\/\/www.seven.io\/de\/wp-json\/wp\/v2\/users\/1"}],"replies":[{"embeddable":true,"href":"https:\/\/www.seven.io\/de\/wp-json\/wp\/v2\/comments?post=89017"}],"version-history":[{"count":10,"href":"https:\/\/www.seven.io\/de\/wp-json\/wp\/v2\/pages\/89017\/revisions"}],"predecessor-version":[{"id":89068,"href":"https:\/\/www.seven.io\/de\/wp-json\/wp\/v2\/pages\/89017\/revisions\/89068"}],"up":[{"embeddable":true,"href":"https:\/\/www.seven.io\/de\/wp-json\/wp\/v2\/pages\/17075"}],"wp:featuredmedia":[{"embeddable":true,"href":"https:\/\/www.seven.io\/de\/wp-json\/wp\/v2\/media\/89020"}],"wp:attachment":[{"href":"https:\/\/www.seven.io\/de\/wp-json\/wp\/v2\/media?parent=89017"}],"curies":[{"name":"wp","href":"https:\/\/api.w.org\/{rel}","templated":true}]}}