{"id":89939,"date":"2023-07-21T11:37:02","date_gmt":"2023-07-21T09:37:02","guid":{"rendered":"https:\/\/www.seven.io\/?page_id=89939"},"modified":"2023-07-21T11:37:02","modified_gmt":"2023-07-21T09:37:02","slug":"bodi-5","status":"publish","type":"page","link":"https:\/\/www.seven.io\/de\/loesungen\/integrationen\/bodi-5\/","title":{"rendered":"BODI 5"},"content":{"rendered":"<section class=\"l-section wpb_row height_small\"><div class=\"l-section-h i-cf\"><div class=\"g-cols vc_row via_flex valign_middle type_default stacking_default\"><div class=\"vc_col-sm-6 wpb_column vc_column_container\"><div class=\"vc_column-inner\"><div class=\"wpb_wrapper\"><div class=\"wpb_text_column\"><div class=\"wpb_wrapper\"><p>BODI 5 ist ein modulares Softwarepaket f\u00fcr Kfz-Werkst\u00e4tten, das flexible Anwendungsm\u00f6glichkeiten bietet. <a href=\"https:\/\/www.bodi-data.de\/bodi5.html\" target=\"_blank\" rel=\"noopener\">Neben wichtigen Standardfunktionen<\/a> wie der Auftrags- und Dokumentenverwaltung und dem Termin-Management gibt es weitere Funktionen, die Nutzer in anderen Systemen vermissen k\u00f6nnten, wie etwa eine App zur mobilen Direktannahme von Fahrzeugen.<\/p>\n<p>Um eine direkte Kommunikation mit Kunden noch effektiver zu gestalten, k\u00f6nnen Sie seven.io mit der Software verbinden, um im Handumdrehen SMS mit Bodi 5 zu versenden.<span class=\"Apple-converted-space\">\u00a0<\/span><\/p>\n<\/div><\/div><div class=\"w-btn-wrapper align_none\"><a class=\"w-btn us-btn-style_1 no-border\" target=\"_blank\" rel=\"nofollow\" href=\"https:\/\/www.seven.io\/wp-content\/uploads\/BODI5_SMS_Versand.pdf\"><span class=\"w-btn-label\">Direkt zur Anleitung (PDF)<\/span><\/a><\/div><\/div><\/div><\/div><div class=\"vc_col-sm-6 wpb_column vc_column_container\"><div class=\"vc_column-inner\"><div class=\"wpb_wrapper\"><div class=\"w-image align_center\"><div class=\"w-image-h\"><img decoding=\"async\" width=\"450\" height=\"450\" src=\"https:\/\/www.seven.io\/wp-content\/uploads\/integrationen_bodi5_logo.png\" class=\"attachment-full size-full\" alt=\"\" loading=\"lazy\" srcset=\"https:\/\/www.seven.io\/wp-content\/uploads\/integrationen_bodi5_logo.png 450w, https:\/\/www.seven.io\/wp-content\/uploads\/integrationen_bodi5_logo-300x300.png 300w, https:\/\/www.seven.io\/wp-content\/uploads\/integrationen_bodi5_logo-150x150.png 150w, https:\/\/www.seven.io\/wp-content\/uploads\/integrationen_bodi5_logo-350x350.png 350w, https:\/\/www.seven.io\/wp-content\/uploads\/integrationen_bodi5_logo-250x250.png 250w, https:\/\/www.seven.io\/wp-content\/uploads\/integrationen_bodi5_logo-400x400.png 400w, https:\/\/www.seven.io\/wp-content\/uploads\/integrationen_bodi5_logo-200x200.png 200w\" sizes=\"auto, (max-width: 450px) 100vw, 450px\" \/><\/div><\/div><\/div><\/div><\/div><\/div><\/div><\/section><section class=\"l-section wpb_row height_small color_alternate\"><div class=\"l-section-h i-cf\"><div class=\"g-cols vc_row via_flex valign_middle type_default stacking_default\"><div class=\"vc_col-sm-6 wpb_column vc_column_container\"><div class=\"vc_column-inner\"><div class=\"wpb_wrapper\"><div class=\"w-image align_center\"><a ref=\"magnificPopup\" href=\"https:\/\/www.seven.io\/wp-content\/uploads\/integrationen_bodi5_ausschnitt2.png\" aria-label=\"integrationen_bodi5_ausschnitt2\" class=\"w-image-h\"><img decoding=\"async\" width=\"1080\" height=\"720\" src=\"https:\/\/www.seven.io\/wp-content\/uploads\/integrationen_bodi5_ausschnitt2.png\" class=\"attachment-full size-full\" alt=\"Versenden Sie eine SMS mit Bodi 5\" loading=\"lazy\" srcset=\"https:\/\/www.seven.io\/wp-content\/uploads\/integrationen_bodi5_ausschnitt2.png 1080w, https:\/\/www.seven.io\/wp-content\/uploads\/integrationen_bodi5_ausschnitt2-300x200.png 300w, https:\/\/www.seven.io\/wp-content\/uploads\/integrationen_bodi5_ausschnitt2-1024x683.png 1024w, https:\/\/www.seven.io\/wp-content\/uploads\/integrationen_bodi5_ausschnitt2-350x233.png 350w, https:\/\/www.seven.io\/wp-content\/uploads\/integrationen_bodi5_ausschnitt2-250x167.png 250w, https:\/\/www.seven.io\/wp-content\/uploads\/integrationen_bodi5_ausschnitt2-600x400.png 600w, https:\/\/www.seven.io\/wp-content\/uploads\/integrationen_bodi5_ausschnitt2-768x512.png 768w, https:\/\/www.seven.io\/wp-content\/uploads\/integrationen_bodi5_ausschnitt2-400x267.png 400w, https:\/\/www.seven.io\/wp-content\/uploads\/integrationen_bodi5_ausschnitt2-200x133.png 200w, https:\/\/www.seven.io\/wp-content\/uploads\/integrationen_bodi5_ausschnitt2-500x333.png 500w\" sizes=\"auto, (max-width: 1080px) 100vw, 1080px\" \/><\/a><\/div><div class=\"wpb_text_column\"><div class=\"wpb_wrapper\"><p style=\"text-align: center;\"><em>Versenden Sie eine SMS mit Bodi, beispielsweise aus dem Terminplaner.<\/em><\/p>\n<\/div><\/div><\/div><\/div><\/div><div class=\"vc_col-sm-6 wpb_column vc_column_container\"><div class=\"vc_column-inner\"><div class=\"wpb_wrapper\"><div class=\"wpb_text_column\"><div class=\"wpb_wrapper\"><h3>Jetzt SMS mit BODI 5 versenden<\/h3>\n<p>Ein Auto ist zur Abholung bereit? Sie m\u00f6chten an eine Zahlung oder an einen Termin erinnern? Versenden Sie eine SMS mit Bodi 5, die Ihren Kunden unmittelbar zugestellt wird. SMS werden sehr viel schneller gelesen als Emails und erm\u00f6glichen eine Kommunikation, die nicht nur pers\u00f6nlich, sondern auch effektiv ist.<span class=\"Apple-converted-space\">\u00a0<\/span><\/p>\n<p>Ihre Kunden sollen eine individuelle Nachricht erhalten? Nutzen Sie Variablen, um Ihre Kunden auch in automatisierten Nachrichten pers\u00f6nlich ansprechen zu k\u00f6nnen. So sparen Sie Zeit und kommunizieren trotzdem pers\u00f6nlich und wirkungsvoll. Probieren Sie es aus und \u00fcberzeugen Sie sich selbst!<span class=\"Apple-converted-space\"> Die <a href=\"https:\/\/app.seven.io\/signup?create_account\" rel=\"noopener\">Anmeldung bei seven.io<\/a> ist kostenlos.<\/span><\/p>\n<\/div><\/div><\/div><\/div><\/div><\/div><\/div><\/section><!-- Row Backgrounds --><div class=\"upb_color\" data-bg-override=\"0\" data-bg-color=\"#f4f4f4\" data-fadeout=\"\" data-fadeout-percentage=\"30\" data-parallax-content=\"\" data-parallax-content-sense=\"30\" data-row-effect-mobile-disable=\"true\" data-img-parallax-mobile-disable=\"true\" data-rtl=\"false\"  data-custom-vc-row=\"\"  data-vc=\"8.7.2\"  data-is_old_vc=\"\"  data-theme-support=\"disable\"   data-overlay=\"false\" data-overlay-color=\"\" data-overlay-pattern=\"\" data-overlay-pattern-opacity=\"\" data-overlay-pattern-size=\"\"    ><\/div><section class=\"l-section wpb_row height_small\"><div class=\"l-section-h i-cf\"><div class=\"g-cols vc_row via_flex valign_top type_default stacking_default\"><div class=\"vc_col-sm-12 wpb_column vc_column_container\"><div class=\"vc_column-inner\"><div class=\"wpb_wrapper\"><div class=\"w-actionbox us_custom_e47d7875 color_light controls_bottom\"><div class=\"w-actionbox-text\"><div class=\"w-actionbox-description\"><p>Finden Sie hier eine Anleitung zur Einrichtung der SMS-Funktion in Bodi, zur Verf\u00fcgung gestellt von BODI-DATA.<\/p>\n<\/div><\/div><div class=\"w-actionbox-controls\"><a class=\"w-btn us-btn-style_5\" target=\"_blank\" rel=\"nofollow\" href=\"https:\/\/www.seven.io\/wp-content\/uploads\/BODI5_SMS_Versand.pdf\"><span class=\"w-btn-label\">Zur Anleitung (PDF)<\/span><\/a><a class=\"w-btn us-btn-style_5\" target=\"_blank\" rel=\"nofollow noopener\" href=\"https:\/\/www.bodi-data.de\"><span class=\"w-btn-label\">Zu BODI DATA<\/span><\/a><\/div><\/div><\/div><\/div><\/div><\/div><\/div><\/section><!-- Row Backgrounds --><div class=\"upb_color\" data-bg-override=\"0\" data-bg-color=\"#ffffff\" data-fadeout=\"\" data-fadeout-percentage=\"30\" data-parallax-content=\"\" data-parallax-content-sense=\"30\" data-row-effect-mobile-disable=\"true\" data-img-parallax-mobile-disable=\"true\" data-rtl=\"false\"  data-custom-vc-row=\"\"  data-vc=\"8.7.2\"  data-is_old_vc=\"\"  data-theme-support=\"disable\"   data-overlay=\"false\" data-overlay-color=\"\" data-overlay-pattern=\"\" data-overlay-pattern-opacity=\"\" data-overlay-pattern-size=\"\"    ><\/div>\n","protected":false},"excerpt":{"rendered":"BODI 5 ist ein modulares Softwarepaket f\u00fcr Kfz-Werkst\u00e4tten, das flexible Anwendungsm\u00f6glichkeiten bietet. Neben wichtigen Standardfunktionen wie der Auftrags- und Dokumentenverwaltung und dem Termin-Management gibt es weitere Funktionen, die Nutzer in anderen Systemen vermissen k\u00f6nnten, wie etwa eine App zur mobilen Direktannahme von Fahrzeugen. Um eine direkte Kommunikation mit Kunden noch effektiver zu gestalten, k\u00f6nnen Sie...","protected":false},"author":1,"featured_media":89943,"parent":17075,"menu_order":0,"comment_status":"closed","ping_status":"closed","template":"","meta":{"content-type":"","footnotes":""},"class_list":["post-89939","page","type-page","status-publish","has-post-thumbnail","hentry"],"_links":{"self":[{"href":"https:\/\/www.seven.io\/de\/wp-json\/wp\/v2\/pages\/89939","targetHints":{"allow":["GET"]}}],"collection":[{"href":"https:\/\/www.seven.io\/de\/wp-json\/wp\/v2\/pages"}],"about":[{"href":"https:\/\/www.seven.io\/de\/wp-json\/wp\/v2\/types\/page"}],"author":[{"embeddable":true,"href":"https:\/\/www.seven.io\/de\/wp-json\/wp\/v2\/users\/1"}],"replies":[{"embeddable":true,"href":"https:\/\/www.seven.io\/de\/wp-json\/wp\/v2\/comments?post=89939"}],"version-history":[{"count":29,"href":"https:\/\/www.seven.io\/de\/wp-json\/wp\/v2\/pages\/89939\/revisions"}],"predecessor-version":[{"id":90375,"href":"https:\/\/www.seven.io\/de\/wp-json\/wp\/v2\/pages\/89939\/revisions\/90375"}],"up":[{"embeddable":true,"href":"https:\/\/www.seven.io\/de\/wp-json\/wp\/v2\/pages\/17075"}],"wp:featuredmedia":[{"embeddable":true,"href":"https:\/\/www.seven.io\/de\/wp-json\/wp\/v2\/media\/89943"}],"wp:attachment":[{"href":"https:\/\/www.seven.io\/de\/wp-json\/wp\/v2\/media?parent=89939"}],"curies":[{"name":"wp","href":"https:\/\/api.w.org\/{rel}","templated":true}]}}