{"id":89948,"date":"2023-06-20T09:45:59","date_gmt":"2023-06-20T07:45:59","guid":{"rendered":"https:\/\/www.seven.io\/?page_id=89948"},"modified":"2023-06-20T09:45:59","modified_gmt":"2023-06-20T07:45:59","slug":"firmao","status":"publish","type":"page","link":"https:\/\/www.seven.io\/de\/loesungen\/integrationen\/firmao\/","title":{"rendered":"Firmao"},"content":{"rendered":"<section class=\"l-section wpb_row height_small\"><div class=\"l-section-h i-cf\"><div class=\"g-cols vc_row via_flex valign_middle type_default stacking_default\"><div class=\"vc_col-sm-6 wpb_column vc_column_container\"><div class=\"vc_column-inner\"><div class=\"wpb_wrapper\"><div class=\"wpb_text_column\"><div class=\"wpb_wrapper\"><p>Firmao bietet verschiedene Software f\u00fcr Unternehmen an. Der Fokus liegt auf dem <a href=\"https:\/\/firmao.net\/crm.php\" target=\"_blank\" rel=\"noopener\">CRM f\u00fcr kleine und mittelgro\u00dfe Unternehmen<\/a> das in verschiedenen Versionen verf\u00fcgbar ist \u2013 je nach Nutzungsumfang. Es kann an die unterschiedlichen Bed\u00fcrfnisse eines Unternehmens angepasst werden und enth\u00e4lt unter anderem auch eine Helpdesk-Software.<\/p>\n<p>Die Kommunikation mit Team und Kunden kann auf vielen verschiedenen Wege stattfinden. Wenn Sie SMS aus Firmao versenden m\u00f6chten, k\u00f6nnen Sie unseren Service in wenigen Schritten mit Firmao verkn\u00fcpfen.<\/p>\n<\/div><\/div><div class=\"w-btn-wrapper align_none\"><a class=\"w-btn us-btn-style_1 no-border\" target=\"_blank\" rel=\"nofollow noopener\" href=\"https:\/\/zapier.com\/apps\/seven\/integrations\"><span class=\"w-btn-label\">seven auf Zapier ansehen<\/span><\/a><\/div><div class=\"w-btn-wrapper align_none\"><a class=\"w-btn us-btn-style_1 no-border\" target=\"_blank\" rel=\"nofollow noopener\" href=\"https:\/\/zapier.com\/apps\/firmao\/integrations\"><span class=\"w-btn-label\">Firmao auf Zapier ansehen<\/span><\/a><\/div><\/div><\/div><\/div><div class=\"vc_col-sm-6 wpb_column vc_column_container\"><div class=\"vc_column-inner\"><div class=\"wpb_wrapper\"><div class=\"w-video align_none ratio_16x9 has_iframe\"><div class=\"w-video-h\"><iframe title=\"Youtube video player\" src=\"\/\/www.youtube.com\/embed\/JqlPF9DvlXI?autoplay=0&controls=1&origin=https:\/\/www.seven.io\/de\/&loop=0&mute=0\" allowfullscreen=\"1\" loading=\"lazy\"><\/iframe><\/div><\/div><\/div><\/div><\/div><\/div><\/div><\/section><section class=\"l-section wpb_row height_small color_alternate\"><div class=\"l-section-h i-cf\"><div class=\"g-cols vc_row via_flex valign_middle type_default stacking_default\"><div class=\"vc_col-sm-6 wpb_column vc_column_container\"><div class=\"vc_column-inner\"><div class=\"wpb_wrapper\"><div class=\"w-image align_center\"><div class=\"w-image-h\"><img decoding=\"async\" width=\"400\" height=\"400\" src=\"https:\/\/www.seven.io\/wp-content\/uploads\/integrationen_firmao_mock_de-400x400.png\" class=\"attachment-us_400_0 size-us_400_0\" alt=\"Versenden Sie SMS aus Firmao mit seven\" loading=\"lazy\" srcset=\"https:\/\/www.seven.io\/wp-content\/uploads\/integrationen_firmao_mock_de-400x400.png 400w, https:\/\/www.seven.io\/wp-content\/uploads\/integrationen_firmao_mock_de-300x300.png 300w, https:\/\/www.seven.io\/wp-content\/uploads\/integrationen_firmao_mock_de-150x150.png 150w, https:\/\/www.seven.io\/wp-content\/uploads\/integrationen_firmao_mock_de-350x350.png 350w, https:\/\/www.seven.io\/wp-content\/uploads\/integrationen_firmao_mock_de-250x250.png 250w, https:\/\/www.seven.io\/wp-content\/uploads\/integrationen_firmao_mock_de-200x200.png 200w, https:\/\/www.seven.io\/wp-content\/uploads\/integrationen_firmao_mock_de.png 450w\" sizes=\"auto, (max-width: 400px) 100vw, 400px\" \/><\/div><\/div><\/div><\/div><\/div><div class=\"vc_col-sm-6 wpb_column vc_column_container\"><div class=\"vc_column-inner\"><div class=\"wpb_wrapper\"><div class=\"wpb_text_column\"><div class=\"wpb_wrapper\"><h3>Jetzt SMS aus Firmao versenden<\/h3>\n<p>Es ist einfach, SMS aus Firmao an Ihre Kunden oder an Ihr Team zu senden. Mithilfe von <a href=\"https:\/\/www.seven.io\/de\/loesungen\/integrationen\/zapier\/\">Zapier<\/a> k\u00f6nnen Sie beispielsweise eine SMS versenden, wenn ein neuer Kunde, eine neue Aufgabe oder eine Sales Opportunity in Firmao angelegt wird. So automatisieren Sie im Handumdrehen wichtige Abl\u00e4ufe in Ihrer Kommunikation.<\/p>\n<p>Legen Sie einfach den gew\u00fcnschten Zap in Zapier an, beispielsweise: Wenn ein neuer Kunde in Firmao angelegt wird, sende eine SMS. Ausl\u00f6ser ist Firmao, seven f\u00fchrt die Aktion aus. Haben Sie den Zap angelegt, wird die Aktion jedes Mal automatisch ausgef\u00fchrt, wenn der jeweilige Ausl\u00f6ser angesprochen wird. Probieren Sie es einfach selbst einmal aus.<\/p>\n<\/div><\/div><\/div><\/div><\/div><\/div><\/div><\/section><!-- Row Backgrounds --><div class=\"upb_color\" data-bg-override=\"0\" data-bg-color=\"#f4f4f4\" data-fadeout=\"\" data-fadeout-percentage=\"30\" data-parallax-content=\"\" data-parallax-content-sense=\"30\" data-row-effect-mobile-disable=\"true\" data-img-parallax-mobile-disable=\"true\" data-rtl=\"false\"  data-custom-vc-row=\"\"  data-vc=\"8.7.2\"  data-is_old_vc=\"\"  data-theme-support=\"disable\"   data-overlay=\"false\" data-overlay-color=\"\" data-overlay-pattern=\"\" data-overlay-pattern-opacity=\"\" data-overlay-pattern-size=\"\"    ><\/div><section class=\"l-section wpb_row height_small\"><div class=\"l-section-h i-cf\"><div class=\"g-cols vc_row via_flex valign_top type_default stacking_default\"><div class=\"vc_col-sm-12 wpb_column vc_column_container\"><div class=\"vc_column-inner\"><div class=\"wpb_wrapper\"><div class=\"w-actionbox us_custom_e47d7875 color_light controls_right\"><div class=\"w-actionbox-text\"><div class=\"w-actionbox-description\"><p>Sie m\u00f6chten die Verkn\u00fcfung von seven und Firmao \u00fcber Zapier ausprobieren?<br \/>\nHier gelangen Sie zu unserer Zapier-\u00dcbersichtsseite.<\/p>\n<\/div><\/div><div class=\"w-actionbox-controls\"><a class=\"w-btn us-btn-style_5\" target=\"_blank\" rel=\"nofollow noopener\" href=\"https:\/\/zapier.com\/apps\/seven\/integrations\"><span class=\"w-btn-label\">Zu Zapier<\/span><\/a><\/div><\/div><\/div><\/div><\/div><\/div><\/div><\/section><!-- Row Backgrounds --><div class=\"upb_color\" data-bg-override=\"0\" data-bg-color=\"#ffffff\" data-fadeout=\"\" data-fadeout-percentage=\"30\" data-parallax-content=\"\" data-parallax-content-sense=\"30\" data-row-effect-mobile-disable=\"true\" data-img-parallax-mobile-disable=\"true\" data-rtl=\"false\"  data-custom-vc-row=\"\"  data-vc=\"8.7.2\"  data-is_old_vc=\"\"  data-theme-support=\"disable\"   data-overlay=\"false\" data-overlay-color=\"\" data-overlay-pattern=\"\" data-overlay-pattern-opacity=\"\" data-overlay-pattern-size=\"\"    ><\/div>\n","protected":false},"excerpt":{"rendered":"Firmao bietet verschiedene Software f\u00fcr Unternehmen an. Der Fokus liegt auf dem CRM f\u00fcr kleine und mittelgro\u00dfe Unternehmen das in verschiedenen Versionen verf\u00fcgbar ist \u2013 je nach Nutzungsumfang. Es kann an die unterschiedlichen Bed\u00fcrfnisse eines Unternehmens angepasst werden und enth\u00e4lt unter anderem auch eine Helpdesk-Software. Die Kommunikation mit Team und Kunden kann auf vielen verschiedenen...","protected":false},"author":1,"featured_media":89951,"parent":17075,"menu_order":0,"comment_status":"closed","ping_status":"closed","template":"","meta":{"content-type":"","footnotes":""},"class_list":["post-89948","page","type-page","status-publish","has-post-thumbnail","hentry"],"_links":{"self":[{"href":"https:\/\/www.seven.io\/de\/wp-json\/wp\/v2\/pages\/89948","targetHints":{"allow":["GET"]}}],"collection":[{"href":"https:\/\/www.seven.io\/de\/wp-json\/wp\/v2\/pages"}],"about":[{"href":"https:\/\/www.seven.io\/de\/wp-json\/wp\/v2\/types\/page"}],"author":[{"embeddable":true,"href":"https:\/\/www.seven.io\/de\/wp-json\/wp\/v2\/users\/1"}],"replies":[{"embeddable":true,"href":"https:\/\/www.seven.io\/de\/wp-json\/wp\/v2\/comments?post=89948"}],"version-history":[{"count":19,"href":"https:\/\/www.seven.io\/de\/wp-json\/wp\/v2\/pages\/89948\/revisions"}],"predecessor-version":[{"id":90209,"href":"https:\/\/www.seven.io\/de\/wp-json\/wp\/v2\/pages\/89948\/revisions\/90209"}],"up":[{"embeddable":true,"href":"https:\/\/www.seven.io\/de\/wp-json\/wp\/v2\/pages\/17075"}],"wp:featuredmedia":[{"embeddable":true,"href":"https:\/\/www.seven.io\/de\/wp-json\/wp\/v2\/media\/89951"}],"wp:attachment":[{"href":"https:\/\/www.seven.io\/de\/wp-json\/wp\/v2\/media?parent=89948"}],"curies":[{"name":"wp","href":"https:\/\/api.w.org\/{rel}","templated":true}]}}