{"id":93078,"date":"2024-10-02T16:50:02","date_gmt":"2024-10-02T14:50:02","guid":{"rendered":"https:\/\/www.seven.io\/?page_id=93078"},"modified":"2024-10-02T16:52:26","modified_gmt":"2024-10-02T14:52:26","slug":"whmcs","status":"publish","type":"page","link":"https:\/\/www.seven.io\/de\/loesungen\/integrationen\/whmcs\/","title":{"rendered":"WHMCS"},"content":{"rendered":"<section class=\"l-section wpb_row height_small color_alternate\"><div class=\"l-section-h i-cf\"><div class=\"g-cols vc_row via_flex valign_middle type_default stacking_default\"><div class=\"vc_col-sm-4 wpb_column vc_column_container\"><div class=\"vc_column-inner\"><div class=\"wpb_wrapper\"><div class=\"w-image align_none\"><div class=\"w-image-h\"><img decoding=\"async\" width=\"1024\" height=\"341\" src=\"https:\/\/www.seven.io\/wp-content\/uploads\/whmcs-logo-1024x341.png\" class=\"attachment-large size-large\" alt=\"\" loading=\"lazy\" srcset=\"https:\/\/www.seven.io\/wp-content\/uploads\/whmcs-logo-1024x341.png 1024w, https:\/\/www.seven.io\/wp-content\/uploads\/whmcs-logo-300x100.png 300w, https:\/\/www.seven.io\/wp-content\/uploads\/whmcs-logo-350x117.png 350w, https:\/\/www.seven.io\/wp-content\/uploads\/whmcs-logo-250x83.png 250w, https:\/\/www.seven.io\/wp-content\/uploads\/whmcs-logo-600x200.png 600w, https:\/\/www.seven.io\/wp-content\/uploads\/whmcs-logo-768x256.png 768w, https:\/\/www.seven.io\/wp-content\/uploads\/whmcs-logo-400x133.png 400w, https:\/\/www.seven.io\/wp-content\/uploads\/whmcs-logo-200x67.png 200w, https:\/\/www.seven.io\/wp-content\/uploads\/whmcs-logo-500x167.png 500w, https:\/\/www.seven.io\/wp-content\/uploads\/whmcs-logo.png 1500w\" sizes=\"auto, (max-width: 1024px) 100vw, 1024px\" \/><\/div><\/div><\/div><\/div><\/div><div class=\"vc_col-sm-8 wpb_column vc_column_container\"><div class=\"vc_column-inner\"><div class=\"wpb_wrapper\"><div class=\"wpb_text_column\"><div class=\"wpb_wrapper\"><h2>Unsere Integration in WHMCS<\/h2>\n<p class=\"p1\">Erweitern Sie Ihre WHMCS-Plattform mit leistungsstarken SMS-Benachrichtigungen dank unserer nahtlosen Integration mit WHMCSservices. Bleiben Sie mit Ihren Kunden in Kontakt, indem Sie wichtige Updates, Erinnerungen und Warnungen direkt per SMS senden.<\/p>\n<\/div><\/div><\/div><\/div><\/div><\/div><\/div><\/section><!-- Row Backgrounds --><div class=\"upb_color\" data-bg-override=\"0\" data-bg-color=\"#f4f4f4\" data-fadeout=\"\" data-fadeout-percentage=\"30\" data-parallax-content=\"\" data-parallax-content-sense=\"30\" data-row-effect-mobile-disable=\"true\" data-img-parallax-mobile-disable=\"true\" data-rtl=\"false\"  data-custom-vc-row=\"\"  data-vc=\"8.7.2\"  data-is_old_vc=\"\"  data-theme-support=\"disable\"   data-overlay=\"false\" data-overlay-color=\"\" data-overlay-pattern=\"\" data-overlay-pattern-opacity=\"\" data-overlay-pattern-size=\"\"    ><\/div><section class=\"l-section wpb_row height_small\"><div class=\"l-section-h i-cf\"><div class=\"g-cols vc_row via_flex valign_top type_default stacking_default\"><div class=\"vc_col-sm-12 wpb_column vc_column_container\"><div class=\"vc_column-inner\"><div class=\"wpb_wrapper\"><div class=\"wpb_text_column\"><div class=\"wpb_wrapper\"><h2 class=\"p1\">Was ist WHMCS?<\/h2>\n<p class=\"p1\">WHMCS (Web Host Manager Complete Solution) ist eine All-in-One-Plattform f\u00fcr die Automatisierung von Hosting- und Abrechnungsprozessen. Sie wird vor allem von Webhosting-Anbietern genutzt, um Kundenmanagement, Rechnungsstellung und Support zu verwalten. Mit WHMCS k\u00f6nnen Sie die gesamte Kundenbetreuung, einschlie\u00dflich automatisierter Rechnungsstellung und Bestellverarbeitung, in einer zentralen Oberfl\u00e4che abwickeln.<\/p>\n<p class=\"p1\">Durch die Integration von SMS-Benachrichtigungen in WHMCS k\u00f6nnen Sie Ihre Kommunikation noch weiter automatisieren und verbessern.<\/p>\n<\/div><\/div><\/div><\/div><\/div><\/div><\/div><\/section><section class=\"l-section wpb_row height_small\"><div class=\"l-section-h i-cf\"><div class=\"g-cols vc_row via_flex valign_top type_default stacking_default\"><div class=\"vc_col-sm-12 wpb_column vc_column_container\"><div class=\"vc_column-inner us_custom_2c45f91b\"><div class=\"wpb_wrapper\"><div class=\"w-actionbox us_custom_1933f2ce has_text_color color_light controls_bottom\"><div class=\"w-actionbox-text\"><h2 class=\"w-actionbox-title\">Starten Sie jetzt mit WHMCS und seven<\/h2><\/div><div class=\"w-actionbox-controls\"><a class=\"w-btn us-btn-style_1\" href=\"https:\/\/www.whmcsservices.com\/smsmanager.php\" rel=\"noopener\"><span class=\"w-btn-label\">Zum WHMCSService<\/span><\/a><\/div><\/div><\/div><\/div><\/div><\/div><\/div><\/section><section class=\"l-section wpb_row height_small\"><div class=\"l-section-h i-cf\"><div class=\"g-cols vc_row via_flex valign_top type_default stacking_default\"><div class=\"vc_col-sm-12 wpb_column vc_column_container\"><div class=\"vc_column-inner\"><div class=\"wpb_wrapper\"><div class=\"wpb_text_column\"><div class=\"wpb_wrapper\"><h2 style=\"text-align: center;\">Wichtige Funktionen der SMS-Integration<\/h2>\n<\/div><\/div><div class=\"w-iconbox iconpos_left style_default color_primary align_none\"><div class=\"w-iconbox-icon\" style=\"font-size:3rem;\"><i class=\"fal fa-paper-plane\"><\/i><\/div><div class=\"w-iconbox-meta\"><h3 class=\"w-iconbox-title\">Automatisierte SMS-Benachrichtigungen<\/h3><div class=\"w-iconbox-text\"><p class=\"p1\">Senden Sie sofortige Benachrichtigungen f\u00fcr Rechnungen, Support-Tickets und andere wichtige Ereignisse.<\/p>\n<\/div><\/div><\/div><div class=\"w-iconbox iconpos_left style_default color_primary align_none\"><div class=\"w-iconbox-icon\" style=\"font-size:3rem;\"><i class=\"fal fa-gauge-max\"><\/i><\/div><div class=\"w-iconbox-meta\"><h3 class=\"w-iconbox-title\">Echtzeit-Zustellung<\/h3><div class=\"w-iconbox-text\"><p class=\"p1\">Ihre Nachrichten erreichen die Empf\u00e4nger sofort und zuverl\u00e4ssig.<\/p>\n<\/div><\/div><\/div><div class=\"w-iconbox iconpos_left style_default color_primary align_none\"><div class=\"w-iconbox-icon\" style=\"font-size:3rem;\"><i class=\"fal fa-earth-europe\"><\/i><\/div><div class=\"w-iconbox-meta\"><h3 class=\"w-iconbox-title\">Globale Reichweite<\/h3><div class=\"w-iconbox-text\"><p class=\"p1\">Senden Sie SMS-Nachrichten an Kunden auf der ganzen Welt.<\/p>\n<\/div><\/div><\/div><div class=\"w-iconbox iconpos_left style_default color_primary align_none\"><div class=\"w-iconbox-icon\" style=\"font-size:3rem;\"><i class=\"fal fa-up-right\"><\/i><\/div><div class=\"w-iconbox-meta\"><h3 class=\"w-iconbox-title\">Einfache Einrichtung<\/h3><div class=\"w-iconbox-text\"><p class=\"p1\">Mit der WHMCSservices-Integration richten Sie SMS-Benachrichtigungen in wenigen Schritten ein.<\/p>\n<\/div><\/div><\/div><\/div><\/div><\/div><\/div><\/div><\/section>\n","protected":false},"excerpt":{"rendered":"Unsere Integration in WHMCS Erweitern Sie Ihre WHMCS-Plattform mit leistungsstarken SMS-Benachrichtigungen dank unserer nahtlosen Integration mit WHMCSservices. Bleiben Sie mit Ihren Kunden in Kontakt, indem Sie wichtige Updates, Erinnerungen und Warnungen direkt per SMS senden. Was ist WHMCS? WHMCS (Web Host Manager Complete Solution) ist eine All-in-One-Plattform f\u00fcr die Automatisierung von Hosting- und Abrechnungsprozessen. Sie...","protected":false},"author":1,"featured_media":93079,"parent":17075,"menu_order":0,"comment_status":"closed","ping_status":"closed","template":"","meta":{"content-type":"","footnotes":""},"class_list":["post-93078","page","type-page","status-publish","has-post-thumbnail","hentry"],"_links":{"self":[{"href":"https:\/\/www.seven.io\/de\/wp-json\/wp\/v2\/pages\/93078","targetHints":{"allow":["GET"]}}],"collection":[{"href":"https:\/\/www.seven.io\/de\/wp-json\/wp\/v2\/pages"}],"about":[{"href":"https:\/\/www.seven.io\/de\/wp-json\/wp\/v2\/types\/page"}],"author":[{"embeddable":true,"href":"https:\/\/www.seven.io\/de\/wp-json\/wp\/v2\/users\/1"}],"replies":[{"embeddable":true,"href":"https:\/\/www.seven.io\/de\/wp-json\/wp\/v2\/comments?post=93078"}],"version-history":[{"count":5,"href":"https:\/\/www.seven.io\/de\/wp-json\/wp\/v2\/pages\/93078\/revisions"}],"predecessor-version":[{"id":93087,"href":"https:\/\/www.seven.io\/de\/wp-json\/wp\/v2\/pages\/93078\/revisions\/93087"}],"up":[{"embeddable":true,"href":"https:\/\/www.seven.io\/de\/wp-json\/wp\/v2\/pages\/17075"}],"wp:featuredmedia":[{"embeddable":true,"href":"https:\/\/www.seven.io\/de\/wp-json\/wp\/v2\/media\/93079"}],"wp:attachment":[{"href":"https:\/\/www.seven.io\/de\/wp-json\/wp\/v2\/media?parent=93078"}],"curies":[{"name":"wp","href":"https:\/\/api.w.org\/{rel}","templated":true}]}}