{"id":93164,"date":"2025-01-31T04:45:32","date_gmt":"2025-01-31T03:45:32","guid":{"rendered":"https:\/\/www.seven.io\/?page_id=93164"},"modified":"2025-02-03T18:47:43","modified_gmt":"2025-02-03T17:47:43","slug":"termine-de","status":"publish","type":"page","link":"https:\/\/www.seven.io\/de\/loesungen\/integrationen\/termine-de\/","title":{"rendered":"Termine.de"},"content":{"rendered":"<section class=\"l-section wpb_row height_small\"><div class=\"l-section-h i-cf\"><div class=\"g-cols vc_row via_flex valign_middle type_default stacking_default\"><div class=\"vc_col-sm-6 wpb_column vc_column_container\"><div class=\"vc_column-inner\"><div class=\"wpb_wrapper\"><div class=\"wpb_text_column\"><div class=\"wpb_wrapper\"><p data-pm-slice=\"1 1 &#091;&#093;\"><strong>Termine.de ist eine leistungsstarke Plattform zur Online-Terminbuchung, die Unternehmen hilft, ihre Terminverwaltung zu optimieren und Kunden eine einfache M\u00f6glichkeit zur Buchung zu bieten. Durch die Integration mit seven.io k\u00f6nnen Unternehmen automatisierte SMS-Erinnerungen an ihre Kunden senden, um die Termintreue zu verbessern und Ausf\u00e4lle zu reduzieren.<\/strong><\/p>\n<p><span>Diese Integration wurde von Termine.de entwickelt und erm\u00f6glicht eine nahtlose Verbindung zwischen beiden Systemen. Als Drittanbieter-Integration profitieren Sie von der Partnerschaft zwischen Termine.de und seven.io, ohne eine eigene SMS-L\u00f6sung entwickeln zu m\u00fcssen.<\/span><\/p>\n<\/div><\/div><div class=\"w-btn-wrapper align_none\"><a class=\"w-btn us-btn-style_1 no-border\" target=\"_blank\" rel=\"nofollow noopener\" href=\"https:\/\/termine.de\/online-terminbuchung\"><span class=\"w-btn-label\">Termine.de<\/span><\/a><\/div><\/div><\/div><\/div><div class=\"vc_col-sm-6 wpb_column vc_column_container\"><div class=\"vc_column-inner\"><div class=\"wpb_wrapper\"><div class=\"w-image align_center\"><div class=\"w-image-h\"><img decoding=\"async\" width=\"803\" height=\"173\" src=\"https:\/\/www.seven.io\/wp-content\/uploads\/termine.de_logo.webp\" class=\"attachment-large size-large\" alt=\"\" loading=\"lazy\" srcset=\"https:\/\/www.seven.io\/wp-content\/uploads\/termine.de_logo.webp 803w, https:\/\/www.seven.io\/wp-content\/uploads\/termine.de_logo-300x65.webp 300w, https:\/\/www.seven.io\/wp-content\/uploads\/termine.de_logo-350x75.webp 350w, https:\/\/www.seven.io\/wp-content\/uploads\/termine.de_logo-250x54.webp 250w, https:\/\/www.seven.io\/wp-content\/uploads\/termine.de_logo-600x129.webp 600w, https:\/\/www.seven.io\/wp-content\/uploads\/termine.de_logo-768x165.webp 768w, https:\/\/www.seven.io\/wp-content\/uploads\/termine.de_logo-400x86.webp 400w, https:\/\/www.seven.io\/wp-content\/uploads\/termine.de_logo-200x43.webp 200w, https:\/\/www.seven.io\/wp-content\/uploads\/termine.de_logo-500x108.webp 500w\" sizes=\"auto, (max-width: 803px) 100vw, 803px\" \/><\/div><\/div><\/div><\/div><\/div><\/div><\/div><\/section><section class=\"l-section wpb_row height_small\"><div class=\"l-section-h i-cf\"><div class=\"g-cols vc_row via_flex valign_top type_default stacking_default\"><div class=\"vc_col-sm-12 wpb_column vc_column_container\"><div class=\"vc_column-inner\"><div class=\"wpb_wrapper\"><div class=\"wpb_text_column\"><div class=\"wpb_wrapper\"><h2 data-pm-slice=\"1 3 &#091;&#093;\"><span>So aktivieren Sie die SMS-Erinnerung in Termine.de<\/span><\/h2>\n<h3><span>1. Testversion starten<\/span><\/h3>\n<p><span>Besuchen Sie <\/span><a href=\"https:\/\/termine.de\/online-terminbuchungen-fuer-dein-unternehmen\" rel=\"noopener\"><span>Termine.de<\/span><\/a><span> und starten Sie eine kostenlose Testversion mit allen Funktionen. Sobald Sie ein Benutzerkonto angelegt haben, kann die Online-Terminbuchung f\u00fcr einen Firmenstandort freigeschaltet werden.<\/span><\/p>\n<h3><span>2. Integration einrichten<\/span><\/h3>\n<p><span>Um SMS-Erinnerungen zu aktivieren, m\u00fcssen Sie Ihren seven.io API-Key in Termine.de hinterlegen. Dies funktioniert wie folgt:<\/span><\/p>\n<\/div><\/div><\/div><\/div><\/div><\/div><\/div><\/section><!-- Row Backgrounds --><div class=\"upb_color\" data-bg-override=\"0\" data-bg-color=\"#ffffff\" data-fadeout=\"\" data-fadeout-percentage=\"30\" data-parallax-content=\"\" data-parallax-content-sense=\"30\" data-row-effect-mobile-disable=\"true\" data-img-parallax-mobile-disable=\"true\" data-rtl=\"false\"  data-custom-vc-row=\"\"  data-vc=\"8.7.2\"  data-is_old_vc=\"\"  data-theme-support=\"disable\"   data-overlay=\"false\" data-overlay-color=\"\" data-overlay-pattern=\"\" data-overlay-pattern-opacity=\"\" data-overlay-pattern-size=\"\"    ><\/div><section class=\"l-section wpb_row height_small\"><div class=\"l-section-h i-cf\"><div class=\"g-cols vc_row via_flex valign_top type_default stacking_default\"><div class=\"vc_col-sm-6 wpb_column vc_column_container\"><div class=\"vc_column-inner\"><div class=\"wpb_wrapper\"><div class=\"wpb_text_column\"><div class=\"wpb_wrapper\"><p data-pm-slice=\"1 1 &#091;&quot;ordered_list&quot;,{&quot;spread&quot;:true,&quot;startingNumber&quot;:1,&quot;start&quot;:1211,&quot;end&quot;:3294},&quot;regular_list_item&quot;,{&quot;start&quot;:1211,&quot;end&quot;:1617}&#093;\"><span><strong>1. Firmenstandort bearbeiten<\/strong><\/span><\/p>\n<p data-pm-slice=\"1 1 &#091;&quot;ordered_list&quot;,{&quot;spread&quot;:true,&quot;startingNumber&quot;:1,&quot;start&quot;:1211,&quot;end&quot;:3294},&quot;regular_list_item&quot;,{&quot;start&quot;:1211,&quot;end&quot;:1617}&#093;\"><span>Gehen Sie in Ihren Kalender und klicken Sie auf den Stift, um die Einstellungen f\u00fcr Ihren Standort zu \u00f6ffnen.<\/span><\/p>\n<\/div><\/div><\/div><\/div><\/div><div class=\"vc_col-sm-6 wpb_column vc_column_container\"><div class=\"vc_column-inner\"><div class=\"wpb_wrapper\"><div class=\"w-image style_shadow-1 align_none\"><div class=\"w-image-h\"><img decoding=\"async\" width=\"863\" height=\"219\" src=\"https:\/\/www.seven.io\/wp-content\/uploads\/1.png\" class=\"attachment-large size-large\" alt=\"\" loading=\"lazy\" srcset=\"https:\/\/www.seven.io\/wp-content\/uploads\/1.png 863w, https:\/\/www.seven.io\/wp-content\/uploads\/1-300x76.png 300w, https:\/\/www.seven.io\/wp-content\/uploads\/1-350x89.png 350w, https:\/\/www.seven.io\/wp-content\/uploads\/1-250x63.png 250w, https:\/\/www.seven.io\/wp-content\/uploads\/1-600x152.png 600w, https:\/\/www.seven.io\/wp-content\/uploads\/1-768x195.png 768w, https:\/\/www.seven.io\/wp-content\/uploads\/1-400x102.png 400w, https:\/\/www.seven.io\/wp-content\/uploads\/1-200x51.png 200w, https:\/\/www.seven.io\/wp-content\/uploads\/1-500x127.png 500w\" sizes=\"auto, (max-width: 863px) 100vw, 863px\" \/><\/div><\/div><\/div><\/div><\/div><\/div><\/div><\/section><section class=\"l-section wpb_row height_small\"><div class=\"l-section-h i-cf\"><div class=\"g-cols vc_row via_flex valign_top type_default stacking_default\"><div class=\"vc_col-sm-6 wpb_column vc_column_container\"><div class=\"vc_column-inner\"><div class=\"wpb_wrapper\"><div class=\"wpb_text_column\"><div class=\"wpb_wrapper\"><p><strong>2. Terminerinnerungen aktivieren<\/strong><\/p>\n<p>Scrollen Sie im Tab \u201eAllgemein\u201c bis zum Punkt \u201eTerminerinnerungen\u201c und klicken Sie auf \u201eAPI-Key hinterlegen\u201c.<\/p>\n<\/div><\/div><\/div><\/div><\/div><div class=\"vc_col-sm-6 wpb_column vc_column_container\"><div class=\"vc_column-inner\"><div class=\"wpb_wrapper\"><div class=\"w-image style_shadow-1 align_none\"><div class=\"w-image-h\"><img decoding=\"async\" width=\"922\" height=\"445\" src=\"https:\/\/www.seven.io\/wp-content\/uploads\/2-1.png\" class=\"attachment-large size-large\" alt=\"\" loading=\"lazy\" srcset=\"https:\/\/www.seven.io\/wp-content\/uploads\/2-1.png 922w, https:\/\/www.seven.io\/wp-content\/uploads\/2-1-300x145.png 300w, https:\/\/www.seven.io\/wp-content\/uploads\/2-1-350x169.png 350w, https:\/\/www.seven.io\/wp-content\/uploads\/2-1-250x121.png 250w, https:\/\/www.seven.io\/wp-content\/uploads\/2-1-600x290.png 600w, https:\/\/www.seven.io\/wp-content\/uploads\/2-1-768x371.png 768w, https:\/\/www.seven.io\/wp-content\/uploads\/2-1-400x193.png 400w, https:\/\/www.seven.io\/wp-content\/uploads\/2-1-200x97.png 200w, https:\/\/www.seven.io\/wp-content\/uploads\/2-1-500x241.png 500w\" sizes=\"auto, (max-width: 922px) 100vw, 922px\" \/><\/div><\/div><div class=\"ult-spacer spacer-69f20e03ceadf\" data-id=\"69f20e03ceadf\" data-height=\"10\" data-height-mobile=\"10\" data-height-tab=\"10\" data-height-tab-portrait=\"\" data-height-mobile-landscape=\"\" style=\"clear:both;display:block;\"><\/div><div class=\"w-image style_shadow-1 align_none\"><div class=\"w-image-h\"><img decoding=\"async\" width=\"882\" height=\"315\" src=\"https:\/\/www.seven.io\/wp-content\/uploads\/3.png\" class=\"attachment-large size-large\" alt=\"\" loading=\"lazy\" srcset=\"https:\/\/www.seven.io\/wp-content\/uploads\/3.png 882w, https:\/\/www.seven.io\/wp-content\/uploads\/3-300x107.png 300w, https:\/\/www.seven.io\/wp-content\/uploads\/3-350x125.png 350w, https:\/\/www.seven.io\/wp-content\/uploads\/3-250x89.png 250w, https:\/\/www.seven.io\/wp-content\/uploads\/3-600x214.png 600w, https:\/\/www.seven.io\/wp-content\/uploads\/3-768x274.png 768w, https:\/\/www.seven.io\/wp-content\/uploads\/3-400x143.png 400w, https:\/\/www.seven.io\/wp-content\/uploads\/3-200x71.png 200w, https:\/\/www.seven.io\/wp-content\/uploads\/3-500x179.png 500w\" sizes=\"auto, (max-width: 882px) 100vw, 882px\" \/><\/div><\/div><\/div><\/div><\/div><\/div><\/div><\/section><section class=\"l-section wpb_row height_small\"><div class=\"l-section-h i-cf\"><div class=\"g-cols vc_row via_flex valign_top type_default stacking_default\"><div class=\"vc_col-sm-6 wpb_column vc_column_container\"><div class=\"vc_column-inner\"><div class=\"wpb_wrapper\"><div class=\"wpb_text_column\"><div class=\"wpb_wrapper\"><p><strong>3. API-Key eingeben<\/strong><\/p>\n<p>Geben Sie in dem Dialog Ihren API-Schl\u00fcssel von seven.io ein. Diesen finden Sie in Ihrem seven.io-Account.<\/p>\n<\/div><\/div><\/div><\/div><\/div><div class=\"vc_col-sm-6 wpb_column vc_column_container\"><div class=\"vc_column-inner\"><div class=\"wpb_wrapper\"><div class=\"w-image style_shadow-1 align_none\"><div class=\"w-image-h\"><img decoding=\"async\" width=\"587\" height=\"300\" src=\"https:\/\/www.seven.io\/wp-content\/uploads\/4.png\" class=\"attachment-large size-large\" alt=\"\" loading=\"lazy\" srcset=\"https:\/\/www.seven.io\/wp-content\/uploads\/4.png 587w, https:\/\/www.seven.io\/wp-content\/uploads\/4-300x153.png 300w, https:\/\/www.seven.io\/wp-content\/uploads\/4-350x179.png 350w, https:\/\/www.seven.io\/wp-content\/uploads\/4-250x128.png 250w, https:\/\/www.seven.io\/wp-content\/uploads\/4-400x204.png 400w, https:\/\/www.seven.io\/wp-content\/uploads\/4-200x102.png 200w, https:\/\/www.seven.io\/wp-content\/uploads\/4-500x256.png 500w\" sizes=\"auto, (max-width: 587px) 100vw, 587px\" \/><\/div><\/div><\/div><\/div><\/div><\/div><\/div><\/section><section class=\"l-section wpb_row height_small\"><div class=\"l-section-h i-cf\"><div class=\"g-cols vc_row via_flex valign_top type_default stacking_default\"><div class=\"vc_col-sm-6 wpb_column vc_column_container\"><div class=\"vc_column-inner\"><div class=\"wpb_wrapper\"><div class=\"wpb_text_column\"><div class=\"wpb_wrapper\"><p><strong>3. SMS-Erinnerungen aktivieren<\/strong><\/p>\n<p>Sobald der API-Key validiert wurde, k\u00f6nnen Sie im Dropdown \u201eSoll der Kunde eine Erinnerung per SMS bekommen?\u201c die Option \u201eJa\u201c ausw\u00e4hlen.<\/p>\n<\/div><\/div><\/div><\/div><\/div><div class=\"vc_col-sm-6 wpb_column vc_column_container\"><div class=\"vc_column-inner\"><div class=\"wpb_wrapper\"><div class=\"w-image style_shadow-1 align_none\"><div class=\"w-image-h\"><img decoding=\"async\" width=\"872\" height=\"299\" src=\"https:\/\/www.seven.io\/wp-content\/uploads\/6.png\" class=\"attachment-large size-large\" alt=\"\" loading=\"lazy\" srcset=\"https:\/\/www.seven.io\/wp-content\/uploads\/6.png 872w, https:\/\/www.seven.io\/wp-content\/uploads\/6-300x103.png 300w, https:\/\/www.seven.io\/wp-content\/uploads\/6-350x120.png 350w, https:\/\/www.seven.io\/wp-content\/uploads\/6-250x86.png 250w, https:\/\/www.seven.io\/wp-content\/uploads\/6-600x206.png 600w, https:\/\/www.seven.io\/wp-content\/uploads\/6-768x263.png 768w, https:\/\/www.seven.io\/wp-content\/uploads\/6-400x137.png 400w, https:\/\/www.seven.io\/wp-content\/uploads\/6-200x69.png 200w, https:\/\/www.seven.io\/wp-content\/uploads\/6-500x171.png 500w\" sizes=\"auto, (max-width: 872px) 100vw, 872px\" \/><\/div><\/div><\/div><\/div><\/div><\/div><\/div><\/section><section class=\"l-section wpb_row height_small\"><div class=\"l-section-h i-cf\"><div class=\"g-cols vc_row via_flex valign_top type_default stacking_default\"><div class=\"vc_col-sm-6 wpb_column vc_column_container\"><div class=\"vc_column-inner\"><div class=\"wpb_wrapper\"><div class=\"wpb_text_column\"><div class=\"wpb_wrapper\"><p><strong>4. Termine mit SMS-Erinnerung anlegen<\/strong><\/p>\n<p>Bei der Erstellung neuer Termine im internen Kalender haben Sie nun die M\u00f6glichkeit, SMS-Erinnerungen 24 Stunden vor dem Termin automatisch zu versenden.<\/p>\n<\/div><\/div><\/div><\/div><\/div><div class=\"vc_col-sm-6 wpb_column vc_column_container\"><div class=\"vc_column-inner\"><div class=\"wpb_wrapper\"><div class=\"w-image style_shadow-1 align_none\"><div class=\"w-image-h\"><img decoding=\"async\" width=\"472\" height=\"569\" src=\"https:\/\/www.seven.io\/wp-content\/uploads\/7.png\" class=\"attachment-large size-large\" alt=\"\" loading=\"lazy\" srcset=\"https:\/\/www.seven.io\/wp-content\/uploads\/7.png 472w, https:\/\/www.seven.io\/wp-content\/uploads\/7-249x300.png 249w, https:\/\/www.seven.io\/wp-content\/uploads\/7-350x422.png 350w, https:\/\/www.seven.io\/wp-content\/uploads\/7-250x301.png 250w, https:\/\/www.seven.io\/wp-content\/uploads\/7-300x362.png 300w, https:\/\/www.seven.io\/wp-content\/uploads\/7-400x482.png 400w, https:\/\/www.seven.io\/wp-content\/uploads\/7-332x400.png 332w, https:\/\/www.seven.io\/wp-content\/uploads\/7-200x241.png 200w\" sizes=\"auto, (max-width: 472px) 100vw, 472px\" \/><\/div><\/div><\/div><\/div><\/div><\/div><\/div><\/section><section class=\"l-section wpb_row height_small\"><div class=\"l-section-h i-cf\"><div class=\"g-cols vc_row via_flex valign_top type_default stacking_default\"><div class=\"vc_col-sm-12 wpb_column vc_column_container\"><div class=\"vc_column-inner\"><div class=\"wpb_wrapper\"><div class=\"wpb_text_column\"><div class=\"wpb_wrapper\"><h2 data-pm-slice=\"1 1 &#091;&#093;\"><span>Fazit<\/span><\/h2>\n<p><span>Dank der Partnerschaft zwischen Termine.de und seven.io k\u00f6nnen Sie Ihre Terminverwaltung effizienter gestalten und sicherstellen, dass Kunden ihre gebuchten Termine nicht vergessen. Die einfache Integration erm\u00f6glicht eine schnelle Einrichtung und einen zuverl\u00e4ssigen Versand von Terminerinnerungen per SMS. Starten Sie noch heute Ihre Testversion und optimieren Sie Ihr Terminmanagement!<\/span><\/p>\n<\/div><\/div><\/div><\/div><\/div><\/div><\/div><\/section>\n","protected":false},"excerpt":{"rendered":"Termine.de ist eine leistungsstarke Plattform zur Online-Terminbuchung, die Unternehmen hilft, ihre Terminverwaltung zu optimieren und Kunden eine einfache M\u00f6glichkeit zur Buchung zu bieten. Durch die Integration mit seven.io k\u00f6nnen Unternehmen automatisierte SMS-Erinnerungen an ihre Kunden senden, um die Termintreue zu verbessern und Ausf\u00e4lle zu reduzieren. Diese Integration wurde von Termine.de entwickelt und erm\u00f6glicht eine nahtlose...","protected":false},"author":1,"featured_media":0,"parent":17075,"menu_order":0,"comment_status":"closed","ping_status":"closed","template":"","meta":{"content-type":"","footnotes":""},"class_list":["post-93164","page","type-page","status-publish","hentry"],"_links":{"self":[{"href":"https:\/\/www.seven.io\/de\/wp-json\/wp\/v2\/pages\/93164","targetHints":{"allow":["GET"]}}],"collection":[{"href":"https:\/\/www.seven.io\/de\/wp-json\/wp\/v2\/pages"}],"about":[{"href":"https:\/\/www.seven.io\/de\/wp-json\/wp\/v2\/types\/page"}],"author":[{"embeddable":true,"href":"https:\/\/www.seven.io\/de\/wp-json\/wp\/v2\/users\/1"}],"replies":[{"embeddable":true,"href":"https:\/\/www.seven.io\/de\/wp-json\/wp\/v2\/comments?post=93164"}],"version-history":[{"count":16,"href":"https:\/\/www.seven.io\/de\/wp-json\/wp\/v2\/pages\/93164\/revisions"}],"predecessor-version":[{"id":93196,"href":"https:\/\/www.seven.io\/de\/wp-json\/wp\/v2\/pages\/93164\/revisions\/93196"}],"up":[{"embeddable":true,"href":"https:\/\/www.seven.io\/de\/wp-json\/wp\/v2\/pages\/17075"}],"wp:attachment":[{"href":"https:\/\/www.seven.io\/de\/wp-json\/wp\/v2\/media?parent=93164"}],"curies":[{"name":"wp","href":"https:\/\/api.w.org\/{rel}","templated":true}]}}