{"id":93225,"date":"2025-03-14T10:43:44","date_gmt":"2025-03-14T09:43:44","guid":{"rendered":"https:\/\/www.seven.io\/?page_id=93225"},"modified":"2025-03-14T10:52:57","modified_gmt":"2025-03-14T09:52:57","slug":"compliance","status":"publish","type":"page","link":"https:\/\/www.seven.io\/de\/unternehmen\/compliance\/","title":{"rendered":"Compliance &#038; information security"},"content":{"rendered":"<p><span>Bei seven.io legen wir gro\u00dfen Wert auf <\/span><span><strong>Datenschutz, Sicherheit und Compliance<\/strong><\/span><span>. Unser Ziel ist es, die h\u00f6chsten Standards f\u00fcr die Verarbeitung und den Schutz von Informationen einzuhalten.<\/span><\/p>\n<div>\n<hr \/>\n<\/div>\n<h3>Hosting &amp; Infrastruktur<\/h3>\n<p><span>Unsere Infrastruktur wird in <\/span><span><strong>ISO 27001-zertifizierten Rechenzentren<\/strong><\/span><span> betrieben, die strenge Sicherheits- und Datenschutzrichtlinien erf\u00fcllen. Dies gew\u00e4hrleistet eine <\/span><span><strong>hohe Verf\u00fcgbarkeit, Ausfallsicherheit und Datensicherheit<\/strong><\/span><span>f\u00fcr unsere Kunden.<\/span><\/p>\n<div>\n<hr \/>\n<\/div>\n<h3>Unser Weg zur ISO 27001-Zertifizierung<\/h3>\n<p><span>Wir arbeiten aktiv daran, unser <\/span><span><strong>Informationssicherheits-Managementsystem (ISMS) gem\u00e4\u00df ISO 27001 aufzubauen und umzusetzen<\/strong><\/span><span>. Dabei orientieren wir uns an den besten Sicherheitspraktiken und Prozessen, um unsere Systeme kontinuierlich zu verbessern.<\/span><\/p>\n<div>\n<hr \/>\n<\/div>\n<h3>Datenschutz &amp; DSGVO<\/h3>\n<p><span>Wir sind DSGVO-konform und sorgen daf\u00fcr, dass <\/span><span><strong>personenbezogene Daten sicher verarbeitet<\/strong><\/span><span> werden. Unser Ansatz umfasst:<\/span><\/p>\n<ul data-spread=\"false\">\n<li><span><strong>Datenminimierung<\/strong><\/span><span>: Nur die absolut notwendigen Informationen werden gespeichert.<\/span><\/li>\n<li><span><strong>Verschl\u00fcsselung<\/strong><\/span><span>: Alle sensiblen Daten werden verschl\u00fcsselt \u00fcbertragen und gespeichert.<\/span><\/li>\n<li><span><strong>Rechte der Nutzer<\/strong><\/span><span>: Unsere Kunden haben volle Kontrolle \u00fcber ihre Daten.<\/span><\/li>\n<\/ul>\n<p><span>Weitere Informationen zu unseren Datenschutzrichtlinien finden Sie in unserer <\/span><span><a href=\"https:\/\/www.seven.io\/de\/unternehmen\/datenschutz\/\"><strong>Datenschutzerkl\u00e4rung<\/strong><\/a><\/span><span>.<\/span><\/p>\n<div>\n<hr \/>\n<\/div>\n<h3>Informationssicherheitsleitlinie anfordern<\/h3>\n<p><span>Wir setzen uns aktiv f\u00fcr Informationssicherheit ein. Unsere <\/span><span><strong>Informationssicherheitsleitlinie<\/strong><\/span><span> kann von interessierten Parteien auf Anfrage bereitgestellt werden. Falls Sie weitere Informationen ben\u00f6tigen, kontaktieren Sie uns gern<\/span><span>.<\/span><\/p>\n<div>\n<hr \/>\n<\/div>\n<h3>Regulatorische Compliance &amp; Branchenstandards<\/h3>\n<p><span>Wir orientieren uns an branchen\u00fcbergreifenden Best Practices und Sicherheitsstandards. Dies umfasst unter anderem:<\/span><\/p>\n<ul data-spread=\"false\">\n<li><span><strong>ISO 27001 (in Umsetzung)<\/strong><\/span><\/li>\n<li><span><strong>DSGVO (EU Datenschutz-Grundverordnung)<\/strong><\/span><\/li>\n<li><span><strong>Einhaltung lokaler Telekommunikationsvorschriften<\/strong><\/span><\/li>\n<\/ul>\n<div>\n<hr \/>\n<\/div>\n<p><span>Falls Sie Fragen zu unserer Compliance-Strategie haben oder weitere Informationen ben\u00f6tigen, stehen wir Ihnen gerne zur Verf\u00fcgung.<\/span><\/p>\n","protected":false},"excerpt":{"rendered":"<p>Bei seven.io legen wir gro\u00dfen Wert auf Datenschutz, Sicherheit und Compliance. Unser Ziel ist es, die h\u00f6chsten Standards f\u00fcr die Verarbeitung und den Schutz von Informationen einzuhalten. Hosting &amp; Infrastruktur Unsere Infrastruktur wird in ISO 27001-zertifizierten Rechenzentren betrieben, die strenge Sicherheits- und Datenschutzrichtlinien erf\u00fcllen. Dies gew\u00e4hrleistet eine hohe Verf\u00fcgbarkeit, Ausfallsicherheit und Datensicherheitf\u00fcr unsere Kunden. Unser&#8230;<\/p>\n","protected":false},"author":1,"featured_media":0,"parent":16169,"menu_order":0,"comment_status":"closed","ping_status":"closed","template":"","meta":{"content-type":"","footnotes":""},"class_list":["post-93225","page","type-page","status-publish","hentry"],"_links":{"self":[{"href":"https:\/\/www.seven.io\/de\/wp-json\/wp\/v2\/pages\/93225","targetHints":{"allow":["GET"]}}],"collection":[{"href":"https:\/\/www.seven.io\/de\/wp-json\/wp\/v2\/pages"}],"about":[{"href":"https:\/\/www.seven.io\/de\/wp-json\/wp\/v2\/types\/page"}],"author":[{"embeddable":true,"href":"https:\/\/www.seven.io\/de\/wp-json\/wp\/v2\/users\/1"}],"replies":[{"embeddable":true,"href":"https:\/\/www.seven.io\/de\/wp-json\/wp\/v2\/comments?post=93225"}],"version-history":[{"count":6,"href":"https:\/\/www.seven.io\/de\/wp-json\/wp\/v2\/pages\/93225\/revisions"}],"predecessor-version":[{"id":93236,"href":"https:\/\/www.seven.io\/de\/wp-json\/wp\/v2\/pages\/93225\/revisions\/93236"}],"up":[{"embeddable":true,"href":"https:\/\/www.seven.io\/de\/wp-json\/wp\/v2\/pages\/16169"}],"wp:attachment":[{"href":"https:\/\/www.seven.io\/de\/wp-json\/wp\/v2\/media?parent=93225"}],"curies":[{"name":"wp","href":"https:\/\/api.w.org\/{rel}","templated":true}]}}