{"id":10604,"date":"2017-09-22T12:54:24","date_gmt":"2017-09-22T10:54:24","guid":{"rendered":"https:\/\/www.sms77.io\/prices"},"modified":"2024-12-17T16:02:07","modified_gmt":"2024-12-17T15:02:07","slug":"prices","status":"publish","type":"page","link":"https:\/\/www.seven.io\/en\/prices\/","title":{"rendered":"Prices"},"content":{"rendered":"<section class=\"l-section wpb_row height_small\"><div class=\"l-section-h i-cf\"><div class=\"g-cols vc_row via_flex valign_top type_default stacking_default\"><div class=\"vc_col-sm-12 wpb_column vc_column_container\"><div class=\"vc_column-inner\"><div class=\"wpb_wrapper\"><div class=\"wpb_text_column\"><div class=\"wpb_wrapper\"><p style=\"text-align: center;\">Simply top up your balance and pay only for the messages you send. There will be no additional costs for you. All features like the API, Email2SMS etc. are available free of charge for each account.<\/p>\n<\/div><\/div><div class=\"w-pricing style_flat items_1\"><div class=\"w-pricing-item type_featured\"><div class=\"w-pricing-item-h\"><div class=\"w-pricing-item-header\"><div class=\"w-pricing-item-title\">Current price<\/div><div class=\"w-pricing-item-price\">0,075 \u20ac<small>per SMS*<\/small><\/div><\/div><ul class=\"w-pricing-item-features\"><li class=\"w-pricing-item-feature\">Worldwide sending<\/li><li class=\"w-pricing-item-feature\">Own sender<\/li><li class=\"w-pricing-item-feature\">Free response<\/li><li class=\"w-pricing-item-feature\">Port numbers<\/li><li class=\"w-pricing-item-feature\">Delivery report<\/li><li class=\"w-pricing-item-feature\">Flash SMS<\/li><li class=\"w-pricing-item-feature\">Unicode messages<\/li><li class=\"w-pricing-item-feature\"><strong>100% Guaranteed delivery<\/strong><\/li><\/ul><div class=\"w-pricing-item-footer\"><a class=\"w-btn us-btn-style_14\" style=\"font-size:15px\" href=\"https:\/\/app.sms77.io\/anmelden\" rel=\"noopener\"><span class=\"w-btn-label\">Test for free<\/span><\/a><\/div><\/div><\/div><\/div><div class=\"wpb_text_column\"><div class=\"wpb_wrapper\"><p class=\"text_small\" style=\"text-align: center;\">*All prices are subject to value added tax at the statutory state. Prices for non-EU countries may vary. <a href=\"\/en\/full-sms-pricelist\/\">Please check our full price list by country<\/a>. The prices are valid for a sent SMS with 160 characters. Messages with more than 160 characters are calculated according to the number of sent SMS, in which for each SMS message 8 characters less are available. An SMS with e.g. 310 characters would thus be calculated with the triple SMS price. For SMS with unicode characters, ie characters which are not included in the\u00a0<a href=\"https:\/\/en.wikipedia.org\/wiki\/GSM_03.38\" target=\"_blank\" rel=\"noopener noreferrer\">standard GSM alphabet<\/a>\u00a0(e.g. cyrillic, arabic, etc.), only 70 character per SMS are possible. The price is then for 70 characters. No transmission to special call numbers.<\/p>\n<\/div><\/div><\/div><\/div><\/div><\/div><\/div><\/section><section class=\"l-section wpb_row height_large color_primary with_img parallax_ver\"><div class=\"l-section-img\" role=\"img\" aria-label=\"Unsere Preise f\u00fcr den SMS-Versand f\u00fcr Gro\u00dfkunden richten sich nach Ihren individuellen Anforderungen\" data-img-width=\"1000\" data-img-height=\"1000\" style=\"background-image: url(https:\/\/www.seven.io\/wp-content\/uploads\/2016\/11\/stars-1.jpg);background-repeat: no-repeat;\"><\/div><div class=\"l-section-h i-cf\"><div class=\"g-cols vc_row via_flex valign_middle type_default stacking_default\"><div class=\"vc_col-sm-12 wpb_column vc_column_container\"><div class=\"vc_column-inner\"><div class=\"wpb_wrapper\"><div class=\"wpb_text_column\"><div class=\"wpb_wrapper\"><h3 style=\"font-size: 55px; text-align: center;\">Key accounts<\/h3>\n<p style=\"text-align: center; font-size: 20px;\">You send <strong>10,000<\/strong> SMS per month or more? We would be happy to support you with your project. <a href=\"\/company\/contact\">Contact us<\/a> for our rates for key accounts and partners.<\/p>\n<\/div><\/div><\/div><\/div><\/div><\/div><\/div><\/section><section class=\"l-section wpb_row height_small color_alternate\" id=\"additional\"><div class=\"l-section-h i-cf\"><div class=\"g-cols vc_row via_flex valign_top type_default stacking_default\"><div class=\"vc_col-sm-12 wpb_column vc_column_container\"><div class=\"vc_column-inner\"><div class=\"wpb_wrapper\"><div class=\"wpb_text_column\"><div class=\"wpb_wrapper\"><h3>Additional services<\/h3>\n<p>The following additional services are available at an additional charge.<\/p>\n<\/div><\/div><div class=\"g-cols wpb_row via_flex valign_middle type_default stacking_default\"><div class=\"vc_col-sm-8 wpb_column vc_column_container\"><div class=\"vc_column-inner\"><div class=\"wpb_wrapper\"><div class=\"wpb_text_column\"><div class=\"wpb_wrapper\"><p><strong>MNP Lookup<\/strong><br \/>\nCheck which network operator a number belongs to.<\/p>\n<\/div><\/div><\/div><\/div><\/div><div class=\"vc_col-sm-4 wpb_column vc_column_container\"><div class=\"vc_column-inner\"><div class=\"wpb_wrapper\"><div class=\"wpb_text_column\"><div class=\"wpb_wrapper\"><p style=\"text-align: right;\">per request <span style=\"color: #cccccc; font-size: 36px;\">0,005\u20ac<\/span><\/p>\n<\/div><\/div><\/div><\/div><\/div><\/div><div class=\"w-separator size_medium with_line width_default thick_1 style_solid color_border align_center\"><div class=\"w-separator-h\"><\/div><\/div><div class=\"g-cols wpb_row via_flex valign_middle type_default stacking_default\"><div class=\"vc_col-sm-8 wpb_column vc_column_container\"><div class=\"vc_column-inner\"><div class=\"wpb_wrapper\"><div class=\"wpb_text_column\"><div class=\"wpb_wrapper\"><p><strong>HLR Lookup<\/strong><br \/>\nThe validation of a number in the\u00a0<a href=\"https:\/\/en.wikipedia.org\/wiki\/Network_switching_subsystem#Home_location_register_.28HLR.29\" target=\"_blank\" rel=\"noopener noreferrer\">Home Location Register<\/a> (HLR)\u00a0is available worldwide and provides significantly more information on a phone number, e.g. roaming, network operator, and much more.<\/p>\n<\/div><\/div><\/div><\/div><\/div><div class=\"vc_col-sm-4 wpb_column vc_column_container\"><div class=\"vc_column-inner\"><div class=\"wpb_wrapper\"><div class=\"wpb_text_column\"><div class=\"wpb_wrapper\"><p style=\"text-align: right;\">per request\u00a0<span style=\"color: #cccccc; font-size: 36px;\">0,01\u20ac<\/span><\/p>\n<\/div><\/div><\/div><\/div><\/div><\/div><div class=\"w-separator size_medium with_line width_default thick_1 style_solid color_border align_center\"><div class=\"w-separator-h\"><\/div><\/div><div class=\"g-cols wpb_row via_flex valign_middle type_default stacking_default\"><div class=\"vc_col-sm-8 wpb_column vc_column_container\"><div class=\"vc_column-inner\"><div class=\"wpb_wrapper\"><div class=\"wpb_text_column\"><div class=\"wpb_wrapper\"><p><strong>CNAM Lookup<\/strong><br \/>\nQuery the caller ID name for any number worldwide.<\/p>\n<\/div><\/div><\/div><\/div><\/div><div class=\"vc_col-sm-4 wpb_column vc_column_container\"><div class=\"vc_column-inner\"><div class=\"wpb_wrapper\"><div class=\"wpb_text_column\"><div class=\"wpb_wrapper\"><p style=\"text-align: right;\">per request\u00a0<span style=\"color: #cccccc; font-size: 36px;\">0,0075\u20ac<\/span><\/p>\n<\/div><\/div><\/div><\/div><\/div><\/div><div class=\"w-separator size_medium with_line width_default thick_1 style_solid color_border align_center\"><div class=\"w-separator-h\"><\/div><\/div><div class=\"g-cols wpb_row via_flex valign_middle type_default stacking_default\"><div class=\"vc_col-sm-8 wpb_column vc_column_container\"><div class=\"vc_column-inner\"><div class=\"wpb_wrapper\"><div class=\"wpb_text_column\"><div class=\"wpb_wrapper\"><p><strong>Voice \/ Text2Speech<\/strong><br \/>\nLet any number be called automatically and read out a defined text.<\/p>\n<\/div><\/div><\/div><\/div><\/div><div class=\"vc_col-sm-4 wpb_column vc_column_container\"><div class=\"vc_column-inner\"><div class=\"wpb_wrapper\"><div class=\"wpb_text_column\"><div class=\"wpb_wrapper\"><p style=\"text-align: right;\">for each started minute from<br \/><span style=\"color: #cccccc; font-size: 36px;\">0,015\u20ac<\/span><br \/><a href=\"https:\/\/www.seven.io\/en\/voice-pricelist\/\">See more here<\/a><\/p>\n<\/div><\/div><\/div><\/div><\/div><\/div><div class=\"w-separator size_medium with_line width_default thick_1 style_solid color_border align_center\"><div class=\"w-separator-h\"><\/div><\/div><div class=\"g-cols wpb_row via_flex valign_middle type_default stacking_default\"><div class=\"vc_col-sm-8 wpb_column vc_column_container\"><div class=\"vc_column-inner\"><div class=\"wpb_wrapper\"><div class=\"wpb_text_column\"><div class=\"wpb_wrapper\"><p><strong>Phone numbers<\/strong><br \/>\nRegister your own phone number at seven to <a href=\"\/en\/products\/inbound-sms\/\">receive dedicated SMS<\/a> via our inbound system. We offer numbers from a variety of countries.<\/p>\n<\/div><\/div><\/div><\/div><\/div><div class=\"vc_col-sm-4 wpb_column vc_column_container\"><div class=\"vc_column-inner\"><div class=\"wpb_wrapper\"><div class=\"wpb_text_column\"><div class=\"wpb_wrapper\"><p style=\"text-align: right;\">monthly from <span style=\"color: #cccccc; font-size: 36px;\">19,90\u20ac<\/span><\/p>\n<p style=\"text-align: right;\">Setup from <span style=\"color: #cccccc; font-size: 36px;\">9,90\u20ac<\/span><\/p>\n<p style=\"text-align: right;\">per incoming SMS <span style=\"color: #cccccc; font-size: 36px;\">0,01\u20ac<\/span><\/p>\n<\/div><\/div><\/div><\/div><\/div><\/div><div class=\"w-separator size_medium with_line width_default thick_1 style_solid color_border align_center\"><div class=\"w-separator-h\"><\/div><\/div><div class=\"g-cols wpb_row via_flex valign_middle type_default stacking_default\"><div class=\"vc_col-sm-8 wpb_column vc_column_container\"><div class=\"vc_column-inner\"><div class=\"wpb_wrapper\"><div class=\"wpb_text_column\"><div class=\"wpb_wrapper\"><p><strong>SIM Hosting<br \/>\n<\/strong>You send us a SIM card and use your own physical phone number in our system.<\/p>\n<\/div><\/div><\/div><\/div><\/div><div class=\"vc_col-sm-4 wpb_column vc_column_container\"><div class=\"vc_column-inner\"><div class=\"wpb_wrapper\"><div class=\"wpb_text_column\"><div class=\"wpb_wrapper\"><p style=\"text-align: right;\">monthly from <span style=\"color: #cccccc; font-size: 36px;\">19,90\u20ac<\/span><\/p>\n<p style=\"text-align: right;\">Setup from <span style=\"color: #cccccc; font-size: 36px;\">9,90\u20ac<\/span><\/p>\n<p style=\"text-align: right;\">per incoming SMS <span style=\"color: #cccccc; font-size: 36px;\">0,01\u20ac<\/span><\/p>\n<\/div><\/div><\/div><\/div><\/div><\/div><div class=\"w-separator size_medium with_line width_default thick_1 style_solid color_border align_center\"><div class=\"w-separator-h\"><\/div><\/div><\/div><\/div><\/div><\/div><\/div><\/section><section class=\"l-section wpb_row height_small\"><div class=\"l-section-h i-cf\"><div class=\"g-cols vc_row via_flex valign_top type_default stacking_default\"><div class=\"vc_col-sm-4 wpb_column vc_column_container\"><div class=\"vc_column-inner\"><div class=\"wpb_wrapper\"><div class=\"w-iconbox iconpos_top style_default color_contrast align_center\"><div class=\"w-iconbox-icon\" style=\"font-size:2rem;\"><i class=\"far fa-credit-card\"><\/i><\/div><div class=\"w-iconbox-meta\"><h4 class=\"w-iconbox-title\">Credit card<\/h4><div class=\"w-iconbox-text\"><p>Pay comfortably and quickly with your credit card.<\/p>\n<\/div><\/div><\/div><\/div><\/div><\/div><div class=\"vc_col-sm-4 wpb_column vc_column_container\"><div class=\"vc_column-inner\"><div class=\"wpb_wrapper\"><div class=\"w-iconbox iconpos_top style_default color_contrast align_center\"><div class=\"w-iconbox-icon\" style=\"font-size:2rem;\"><i class=\"fas fa-euro-sign\"><\/i><\/div><div class=\"w-iconbox-meta\"><h4 class=\"w-iconbox-title\">Instant Payment<\/h4><div class=\"w-iconbox-text\"><p>The easy and quicker alternative to bank transfer. Your credit is available immediately after payment.<\/p>\n<\/div><\/div><\/div><\/div><\/div><\/div><div class=\"vc_col-sm-4 wpb_column vc_column_container\"><div class=\"vc_column-inner\"><div class=\"wpb_wrapper\"><div class=\"w-iconbox iconpos_top style_default color_contrast align_center\"><div class=\"w-iconbox-icon\" style=\"font-size:2rem;\"><i class=\"fas fa-university\"><\/i><\/div><div class=\"w-iconbox-meta\"><h4 class=\"w-iconbox-title\">Bank transfer<\/h4><div class=\"w-iconbox-text\"><p>The simplest way to top up your credit. 2-3 working days may pass before your credit is active.<\/p>\n<\/div><\/div><\/div><\/div><\/div><\/div><\/div><\/div><\/section><section class=\"l-section wpb_row height_small\"><div class=\"l-section-h i-cf\"><div class=\"g-cols vc_row via_flex valign_top type_default stacking_default\"><div class=\"vc_col-sm-4 wpb_column vc_column_container\"><div class=\"vc_column-inner\"><div class=\"wpb_wrapper\"><div class=\"w-iconbox iconpos_top style_default color_contrast align_center\"><div class=\"w-iconbox-icon\" style=\"font-size:2rem;\"><i class=\"fab fa-paypal\"><\/i><\/div><div class=\"w-iconbox-meta\"><h4 class=\"w-iconbox-title\">PayPal<\/h4><div class=\"w-iconbox-text\"><p>PayPal allows easy payments with immediate credit via PayPal credit or by credit card.<\/p>\n<\/div><\/div><\/div><\/div><\/div><\/div><div class=\"vc_col-sm-4 wpb_column vc_column_container\"><div class=\"vc_column-inner\"><div class=\"wpb_wrapper\"><div class=\"w-iconbox iconpos_top style_default color_contrast align_center\"><div class=\"w-iconbox-icon\" style=\"font-size:2rem;\"><i class=\"far fa-credit-card-blank\"><\/i><\/div><div class=\"w-iconbox-meta\"><h4 class=\"w-iconbox-title\">Direct debit<\/h4><div class=\"w-iconbox-text\"><p>Give us a SEPA mandate and conveniently top up by direct debit. Have your account automatically topped up below a certain credit level.<\/p>\n<\/div><\/div><\/div><\/div><\/div><\/div><div class=\"vc_col-sm-4 wpb_column vc_column_container\"><div class=\"vc_column-inner\"><div class=\"wpb_wrapper\"><div class=\"w-iconbox iconpos_top style_default color_contrast align_center\"><div class=\"w-iconbox-icon\" style=\"font-size:2rem;\"><i class=\"fab fa-btc\"><\/i><\/div><div class=\"w-iconbox-meta\"><h4 class=\"w-iconbox-title\">Cryptocurrencies<\/h4><div class=\"w-iconbox-text\"><p>Bitcoin, Ethereum, Bitcoin Cash, Ripple, Dash, Litecoin, Monero and many more cryptocurrencies.<\/p>\n<\/div><\/div><\/div><\/div><\/div><\/div><\/div><\/div><\/section><section class=\"l-section wpb_row height_small\"><div class=\"l-section-h i-cf\"><div class=\"g-cols vc_row via_flex valign_top type_default stacking_default\"><div class=\"vc_col-sm-12 wpb_column vc_column_container\"><div class=\"vc_column-inner\"><div class=\"wpb_wrapper\"><div class=\"wpb_text_column\"><div class=\"wpb_wrapper\"><p class=\"text_small\" style=\"text-align: center;\">Prices as of: 02.12.2016. This offer is aimed at professionals, freelancers, clubs, parties and religious communities. All prices are net plus 19% VAT. EU companies with valid VAT ID. receive an invoice without VAT on request. The same applies to companies outside the EU (tax-reversed).<\/p>\n<\/div><\/div><\/div><\/div><\/div><\/div><\/div><\/section>\n","protected":false},"excerpt":{"rendered":"Simply top up your balance and pay only for the messages you send. There will be no additional costs for you. All features like the API, Email2SMS etc. are available free of charge for each account. Current price0,075 \u20acper SMS*Worldwide sendingOwn senderFree responsePort numbersDelivery reportFlash SMSUnicode messages100% Guaranteed deliveryTest for free*All prices are subject to...","protected":false},"author":1,"featured_media":86676,"parent":0,"menu_order":0,"comment_status":"closed","ping_status":"closed","template":"","meta":{"content-type":"","footnotes":""},"class_list":["post-10604","page","type-page","status-publish","has-post-thumbnail","hentry"],"_links":{"self":[{"href":"https:\/\/www.seven.io\/en\/wp-json\/wp\/v2\/pages\/10604","targetHints":{"allow":["GET"]}}],"collection":[{"href":"https:\/\/www.seven.io\/en\/wp-json\/wp\/v2\/pages"}],"about":[{"href":"https:\/\/www.seven.io\/en\/wp-json\/wp\/v2\/types\/page"}],"author":[{"embeddable":true,"href":"https:\/\/www.seven.io\/en\/wp-json\/wp\/v2\/users\/1"}],"replies":[{"embeddable":true,"href":"https:\/\/www.seven.io\/en\/wp-json\/wp\/v2\/comments?post=10604"}],"version-history":[{"count":61,"href":"https:\/\/www.seven.io\/en\/wp-json\/wp\/v2\/pages\/10604\/revisions"}],"predecessor-version":[{"id":93157,"href":"https:\/\/www.seven.io\/en\/wp-json\/wp\/v2\/pages\/10604\/revisions\/93157"}],"wp:featuredmedia":[{"embeddable":true,"href":"https:\/\/www.seven.io\/en\/wp-json\/wp\/v2\/media\/86676"}],"wp:attachment":[{"href":"https:\/\/www.seven.io\/en\/wp-json\/wp\/v2\/media?parent=10604"}],"curies":[{"name":"wp","href":"https:\/\/api.w.org\/{rel}","templated":true}]}}