{"id":23423,"date":"2021-01-11T10:54:15","date_gmt":"2021-01-11T09:54:15","guid":{"rendered":"https:\/\/www.sms77.io\/?page_id=23423"},"modified":"2023-02-22T12:00:23","modified_gmt":"2023-02-22T11:00:23","slug":"synology","status":"publish","type":"page","link":"https:\/\/www.seven.io\/en\/solutions\/integrations\/synology\/","title":{"rendered":"Synology"},"content":{"rendered":"<section class=\"l-section wpb_row height_small\"><div class=\"l-section-h i-cf\"><div class=\"g-cols vc_row via_flex valign_middle type_default stacking_default\"><div class=\"vc_col-sm-6 wpb_column vc_column_container\"><div class=\"vc_column-inner\"><div class=\"wpb_wrapper\"><div class=\"wpb_text_column\"><div class=\"wpb_wrapper\"><p><strong><a href=\"https:\/\/www.synology.com\" target=\"_blank\" rel=\"noopener\" data-schema-attribute=\"\">Synology<\/a> produces servers and NAS-Systems and thus offers its customers the possibility to store and access data in a variety of ways. Security and accessibility are Synology&#8217;s top priorities. Not only big businesses can benefit from the solutions, but also small business owners, other self-employed people, as well as private individuals. Synology also offers Linux-based operating systems for its own devices. A cloud-based file hosting system is part of the offer as well.<\/strong><\/p>\n<\/div><\/div><div class=\"w-btn-wrapper align_none\"><a class=\"w-btn us-btn-style_1 no-border\" target=\"_blank\" rel=\"nofollow noopener\" href=\"https:\/\/help.seven.io\/de\/wie-lasse-ich-mein-synology-nas-sms-senden\"><span class=\"w-btn-label\">Add seven to Synology<\/span><\/a><\/div><\/div><\/div><\/div><div class=\"vc_col-sm-6 wpb_column vc_column_container\"><div class=\"vc_column-inner\"><div class=\"wpb_wrapper\"><div class=\"w-video align_none ratio_16x9 has_iframe\"><div class=\"w-video-h\"><iframe title=\"Youtube video player\" src=\"\/\/www.youtube.com\/embed\/W2R2SarlOls?autoplay=0&controls=0&origin=https:\/\/www.seven.io\/en\/&loop=0&mute=0\" allowfullscreen=\"1\" loading=\"lazy\"><\/iframe><\/div><\/div><\/div><\/div><\/div><\/div><\/div><\/section><section class=\"l-section wpb_row height_small color_alternate\"><div class=\"l-section-h i-cf\"><div class=\"g-cols vc_row via_flex valign_middle type_default stacking_default\"><div class=\"vc_col-sm-6 wpb_column vc_column_container\"><div class=\"vc_column-inner\"><div class=\"wpb_wrapper\"><div class=\"w-image align_left\"><div class=\"w-image-h\"><img decoding=\"async\" width=\"400\" height=\"267\" src=\"https:\/\/www.seven.io\/wp-content\/uploads\/cloud_storage_mood-400x267.png\" class=\"attachment-us_400_0 size-us_400_0\" alt=\"Die NAS-Ger\u00e4te von Synology k\u00f6nnen SMS-Benachrichtigungen \u00fcber sms77 senden\" loading=\"lazy\" srcset=\"https:\/\/www.seven.io\/wp-content\/uploads\/cloud_storage_mood-400x267.png 400w, https:\/\/www.seven.io\/wp-content\/uploads\/cloud_storage_mood-300x200.png 300w, https:\/\/www.seven.io\/wp-content\/uploads\/cloud_storage_mood-1024x682.png 1024w, https:\/\/www.seven.io\/wp-content\/uploads\/cloud_storage_mood-250x167.png 250w, https:\/\/www.seven.io\/wp-content\/uploads\/cloud_storage_mood-600x400.png 600w, https:\/\/www.seven.io\/wp-content\/uploads\/cloud_storage_mood-768x512.png 768w, https:\/\/www.seven.io\/wp-content\/uploads\/cloud_storage_mood-200x133.png 200w, https:\/\/www.seven.io\/wp-content\/uploads\/cloud_storage_mood.png 1280w\" sizes=\"auto, (max-width: 400px) 100vw, 400px\" \/><\/div><\/div><\/div><\/div><\/div><div class=\"vc_col-sm-6 wpb_column vc_column_container\"><div class=\"vc_column-inner\"><div class=\"wpb_wrapper\"><div class=\"wpb_text_column\"><div class=\"wpb_wrapper\"><h3>seven as SMS service provider in Synology<\/h3>\n<p>If you integrate seven as SMS service provider, you can easily get notifications sent to your cell phone. So when certain events or errors occur, your NAS will trigger an SMS dispatch and you will know within seconds. Possible events include a lost connection or power failure, low storage capacity on the volume, changes in fan behavior, backup errors, and others. Since SMS attract much more attention than e-mails, your response time to the problem will be shortened.<span class=\"Apple-converted-space\"> For details on how to set up seven in your Synology NAS, please visit our <a href=\"https:\/\/help.seven.io\/de\/wie-lasse-ich-mein-synology-nas-sms-senden\" rel=\"noopener\">helpdesk<\/a><\/span>.<\/p>\n<\/div><\/div><\/div><\/div><\/div><\/div><\/div><\/section><!-- Row Backgrounds --><div class=\"upb_color\" data-bg-override=\"0\" data-bg-color=\"#f4f4f4\" data-fadeout=\"\" data-fadeout-percentage=\"30\" data-parallax-content=\"\" data-parallax-content-sense=\"30\" data-row-effect-mobile-disable=\"true\" data-img-parallax-mobile-disable=\"true\" data-rtl=\"false\"  data-custom-vc-row=\"\"  data-vc=\"8.7.2\"  data-is_old_vc=\"\"  data-theme-support=\"disable\"   data-overlay=\"false\" data-overlay-color=\"\" data-overlay-pattern=\"\" data-overlay-pattern-opacity=\"\" data-overlay-pattern-size=\"\"    ><\/div><section class=\"l-section wpb_row height_small\"><div class=\"l-section-h i-cf\"><div class=\"g-cols vc_row via_flex valign_middle type_default stacking_default\"><div class=\"vc_col-sm-6 wpb_column vc_column_container\"><div class=\"vc_column-inner\"><div class=\"wpb_wrapper\"><div class=\"wpb_text_column\"><div class=\"wpb_wrapper\"><h3>Automated sending of SMS notifications<\/h3>\n<\/div><\/div><div class=\"uavc-list-icon uavc-list-icon-wrapper ult-adjust-bottom-margin   \"><ul class=\"uavc-list\"><li><div class=\"uavc-list-content\" id=\"list-icon-wrap-4896\">\n<div class=\"uavc-list-icon  \" data-animation=\"\" data-animation-delay=\"03\" style=\"margin-right:25px;\"><div class=\"ult-just-icon-wrapper  \"><div class=\"align-icon\" style=\"text-align:center;\">\n<div class=\"aio-icon none \"  style=\"color:#52c0fa;font-size:40px;display:inline-block;\">\n\t<i class=\"Defaults-envelope-o\"><\/i>\n<\/div><\/div><\/div>\n<\/div><span  data-ultimate-target='#list-icon-wrap-4896 .uavc-list-desc'  data-responsive-json-new='{\"font-size\":\"\",\"line-height\":\"\"}'  class=\"uavc-list-desc ult-responsive\" style=\"\">When your NAS detects an error, fan behavior changes, or runs out of storage space, it will send an SMS with the respective content. You can set the sender name and destination number to stay informed at any time.<\/span><\/div><\/li><\/ul><\/div><\/div><\/div><\/div><div class=\"vc_col-sm-6 wpb_column vc_column_container\"><div class=\"vc_column-inner\"><div class=\"wpb_wrapper\"><div class=\"w-image align_center\"><div class=\"w-image-h\"><img decoding=\"async\" width=\"300\" height=\"200\" src=\"https:\/\/www.seven.io\/wp-content\/uploads\/integration_synology_mockerror-300x200.png\" class=\"attachment-us_300_0 size-us_300_0\" alt=\"Lassen Sie Ihr Synology-NAS SMS senden\" loading=\"lazy\" srcset=\"https:\/\/www.seven.io\/wp-content\/uploads\/integration_synology_mockerror-300x200.png 300w, https:\/\/www.seven.io\/wp-content\/uploads\/integration_synology_mockerror-250x166.png 250w, https:\/\/www.seven.io\/wp-content\/uploads\/integration_synology_mockerror-400x266.png 400w, https:\/\/www.seven.io\/wp-content\/uploads\/integration_synology_mockerror-200x133.png 200w, https:\/\/www.seven.io\/wp-content\/uploads\/integration_synology_mockerror.png 600w\" sizes=\"auto, (max-width: 300px) 100vw, 300px\" \/><\/div><\/div><\/div><\/div><\/div><\/div><\/div><\/section><section class=\"l-section wpb_row height_small\"><div class=\"l-section-h i-cf\"><div class=\"g-cols vc_row via_flex valign_top type_default stacking_default\"><div class=\"vc_col-sm-12 wpb_column vc_column_container\"><div class=\"vc_column-inner\"><div class=\"wpb_wrapper\"><div class=\"w-actionbox color_light controls_right\"><div class=\"w-actionbox-text\"><div class=\"w-actionbox-description\"><p>Need help setting up the SMS feature?<br \/>\nHead to our helpdesk to see how to do it.<\/p>\n<\/div><\/div><div class=\"w-actionbox-controls\"><a class=\"w-btn us-btn-style_5\" href=\"https:\/\/help.seven.io\/de\/wie-lasse-ich-mein-synology-nas-sms-senden\" rel=\"noopener\"><span class=\"w-btn-label\">Go to helpdesk<\/span><\/a><\/div><\/div><\/div><\/div><\/div><\/div><\/div><\/section><!-- Row Backgrounds --><div class=\"upb_color\" data-bg-override=\"0\" data-bg-color=\"#ffffff\" data-fadeout=\"\" data-fadeout-percentage=\"30\" data-parallax-content=\"\" data-parallax-content-sense=\"30\" data-row-effect-mobile-disable=\"true\" data-img-parallax-mobile-disable=\"true\" data-rtl=\"false\"  data-custom-vc-row=\"\"  data-vc=\"8.7.2\"  data-is_old_vc=\"\"  data-theme-support=\"disable\"   data-overlay=\"false\" data-overlay-color=\"\" data-overlay-pattern=\"\" data-overlay-pattern-opacity=\"\" data-overlay-pattern-size=\"\"    ><\/div>\n","protected":false},"excerpt":{"rendered":"Synology produces servers and NAS-Systems and thus offers its customers the possibility to store and access data in a variety of ways. Security and accessibility are Synology&#8217;s top priorities. Not only big businesses can benefit from the solutions, but also small business owners, other self-employed people, as well as private individuals. Synology also offers Linux-based...","protected":false},"author":1,"featured_media":23441,"parent":22688,"menu_order":0,"comment_status":"closed","ping_status":"closed","template":"","meta":{"content-type":"","footnotes":""},"class_list":["post-23423","page","type-page","status-publish","has-post-thumbnail","hentry"],"_links":{"self":[{"href":"https:\/\/www.seven.io\/en\/wp-json\/wp\/v2\/pages\/23423","targetHints":{"allow":["GET"]}}],"collection":[{"href":"https:\/\/www.seven.io\/en\/wp-json\/wp\/v2\/pages"}],"about":[{"href":"https:\/\/www.seven.io\/en\/wp-json\/wp\/v2\/types\/page"}],"author":[{"embeddable":true,"href":"https:\/\/www.seven.io\/en\/wp-json\/wp\/v2\/users\/1"}],"replies":[{"embeddable":true,"href":"https:\/\/www.seven.io\/en\/wp-json\/wp\/v2\/comments?post=23423"}],"version-history":[{"count":22,"href":"https:\/\/www.seven.io\/en\/wp-json\/wp\/v2\/pages\/23423\/revisions"}],"predecessor-version":[{"id":88832,"href":"https:\/\/www.seven.io\/en\/wp-json\/wp\/v2\/pages\/23423\/revisions\/88832"}],"up":[{"embeddable":true,"href":"https:\/\/www.seven.io\/en\/wp-json\/wp\/v2\/pages\/22688"}],"wp:featuredmedia":[{"embeddable":true,"href":"https:\/\/www.seven.io\/en\/wp-json\/wp\/v2\/media\/23441"}],"wp:attachment":[{"href":"https:\/\/www.seven.io\/en\/wp-json\/wp\/v2\/media?parent=23423"}],"curies":[{"name":"wp","href":"https:\/\/api.w.org\/{rel}","templated":true}]}}