{"id":26639,"date":"2021-04-26T09:45:10","date_gmt":"2021-04-26T07:45:10","guid":{"rendered":"https:\/\/www.sms77.io\/?page_id=26639"},"modified":"2024-07-02T11:18:19","modified_gmt":"2024-07-02T09:18:19","slug":"craft","status":"publish","type":"page","link":"https:\/\/www.seven.io\/en\/solutions\/integrations\/craft\/","title":{"rendered":"Craft"},"content":{"rendered":"<section class=\"l-section wpb_row height_small\"><div class=\"l-section-h i-cf\"><div class=\"g-cols vc_row via_flex valign_middle type_default stacking_default\"><div class=\"vc_col-sm-6 wpb_column vc_column_container\"><div class=\"vc_column-inner\"><div class=\"wpb_wrapper\"><div class=\"wpb_text_column\"><div class=\"wpb_wrapper\"><p><strong>Craft is an open source content management system. The software&#8217;s approach is characterized mainly by the focus on design, clarity and usability. Craft can be extended by a commerce system, which is subject to the same aspirations. Of course, you can also extend the functions of the CMS with plugins.<\/strong><\/p>\n<p><strong>With our Craft SMS Plugin, for example, you can easily send SMS and voice messages (sometimes called Text2Speech messages) to customers or other users of your website without leaving Craft. In Craft Commerce, bulk SMS and bulk Text2Speech messages are also availabe with the help of our extensions. You can use bulk SMS for many different purposes along the customer journey. Text2Speech messages allow you, among other things, to provide additional accessibility if your recipients are unable to read or have limited reading capabilities.<\/strong><\/p>\n<\/div><\/div><div class=\"w-btn-wrapper align_none\"><a class=\"w-btn us-btn-style_1 no-border\" target=\"_blank\" rel=\"nofollow noopener\" href=\"https:\/\/github.com\/seven-io\/craft\"><span class=\"w-btn-label\">Get our Craft SMS Plugin<\/span><\/a><\/div><\/div><\/div><\/div><div class=\"vc_col-sm-6 wpb_column vc_column_container\"><div class=\"vc_column-inner\"><div class=\"wpb_wrapper\"><div class=\"w-image align_center\"><div class=\"w-image-h\"><img decoding=\"async\" width=\"600\" height=\"600\" src=\"https:\/\/www.seven.io\/wp-content\/uploads\/integrationen_craftCMS_logo.png\" class=\"attachment-large size-large\" alt=\"Einfache SMS Integration f\u00fcr Craft CMS\" loading=\"lazy\" srcset=\"https:\/\/www.seven.io\/wp-content\/uploads\/integrationen_craftCMS_logo.png 600w, https:\/\/www.seven.io\/wp-content\/uploads\/integrationen_craftCMS_logo-300x300.png 300w, https:\/\/www.seven.io\/wp-content\/uploads\/integrationen_craftCMS_logo-150x150.png 150w, https:\/\/www.seven.io\/wp-content\/uploads\/integrationen_craftCMS_logo-350x350.png 350w, https:\/\/www.seven.io\/wp-content\/uploads\/integrationen_craftCMS_logo-250x250.png 250w, https:\/\/www.seven.io\/wp-content\/uploads\/integrationen_craftCMS_logo-400x400.png 400w, https:\/\/www.seven.io\/wp-content\/uploads\/integrationen_craftCMS_logo-200x200.png 200w\" sizes=\"auto, (max-width: 600px) 100vw, 600px\" \/><\/div><\/div><\/div><\/div><\/div><\/div><\/div><\/section><section class=\"l-section wpb_row height_small color_alternate\"><div class=\"l-section-h i-cf\"><div class=\"g-cols vc_row via_flex valign_middle type_default stacking_default\"><div class=\"vc_col-sm-6 wpb_column vc_column_container\"><div class=\"vc_column-inner\"><div class=\"wpb_wrapper\"><div class=\"w-image align_center\"><div class=\"w-image-h\"><img decoding=\"async\" width=\"400\" height=\"501\" src=\"https:\/\/www.seven.io\/wp-content\/uploads\/integrationen_craft_mock_en-400x501.png\" class=\"attachment-us_400_0 size-us_400_0\" alt=\"\" loading=\"lazy\" srcset=\"https:\/\/www.seven.io\/wp-content\/uploads\/integrationen_craft_mock_en-400x501.png 400w, https:\/\/www.seven.io\/wp-content\/uploads\/integrationen_craft_mock_en-240x300.png 240w, https:\/\/www.seven.io\/wp-content\/uploads\/integrationen_craft_mock_en-250x313.png 250w, https:\/\/www.seven.io\/wp-content\/uploads\/integrationen_craft_mock_en-600x751.png 600w, https:\/\/www.seven.io\/wp-content\/uploads\/integrationen_craft_mock_en-768x961.png 768w, https:\/\/www.seven.io\/wp-content\/uploads\/integrationen_craft_mock_en-300x375.png 300w, https:\/\/www.seven.io\/wp-content\/uploads\/integrationen_craft_mock_en-320x400.png 320w, https:\/\/www.seven.io\/wp-content\/uploads\/integrationen_craft_mock_en-200x250.png 200w, https:\/\/www.seven.io\/wp-content\/uploads\/integrationen_craft_mock_en.png 800w\" sizes=\"auto, (max-width: 400px) 100vw, 400px\" \/><\/div><\/div><\/div><\/div><\/div><div class=\"vc_col-sm-6 wpb_column vc_column_container\"><div class=\"vc_column-inner\"><div class=\"wpb_wrapper\"><div class=\"wpb_text_column\"><div class=\"wpb_wrapper\"><h3>Our Craft SMS Plugin<\/h3>\n<p>With <a href=\"https:\/\/craftcms.com\" target=\"_blank\" rel=\"noopener\" data-schema-attribute=\"\">Craft CMS<\/a> and Craft Commerce you are flexible and have full control over your website. Why should you cut back on your communication? With our Craft SMS Plugin you expand your marketing mix with a strong communication partner. You can send SMS and Text2Speech messages directly from the user interface, reaching your recipients effectively, personally and reliably \u2013 regardless of whether they are currently connected to the Internet.<\/p>\n<p>No matter if you need to contact your partners or your customers: SMS are a great choice. Not only are they read particularly quickly, they are also perceived as very personal messages. Additionally, you benefit from our flexible SMS gateway that always meets your needs, no matter if you send 10 or 10,000 SMS per day. You would like to test our products first?\u00a0<a href=\"https:\/\/app.seven.io\/signup\" rel=\"noopener\">Register for free<\/a> and discover what you can do.<\/p>\n<\/div><\/div><\/div><\/div><\/div><\/div><\/div><\/section><!-- Row Backgrounds --><div class=\"upb_color\" data-bg-override=\"0\" data-bg-color=\"#f4f4f4\" data-fadeout=\"\" data-fadeout-percentage=\"30\" data-parallax-content=\"\" data-parallax-content-sense=\"30\" data-row-effect-mobile-disable=\"true\" data-img-parallax-mobile-disable=\"true\" data-rtl=\"false\"  data-custom-vc-row=\"\"  data-vc=\"8.7.2\"  data-is_old_vc=\"\"  data-theme-support=\"disable\"   data-overlay=\"false\" data-overlay-color=\"\" data-overlay-pattern=\"\" data-overlay-pattern-opacity=\"\" data-overlay-pattern-size=\"\"    ><\/div><section class=\"l-section wpb_row height_small\"><div class=\"l-section-h i-cf\"><div class=\"g-cols vc_row via_flex valign_middle type_default stacking_default\"><div class=\"vc_col-sm-6 wpb_column vc_column_container\"><div class=\"vc_column-inner\"><div class=\"wpb_wrapper\"><div class=\"wpb_text_column\"><div class=\"wpb_wrapper\"><h3>Send SMS<\/h3>\n<\/div><\/div><div class=\"uavc-list-icon uavc-list-icon-wrapper ult-adjust-bottom-margin   \"><ul class=\"uavc-list\"><li><div class=\"uavc-list-content\" id=\"list-icon-wrap-6046\">\n<div class=\"uavc-list-icon  \" data-animation=\"\" data-animation-delay=\"03\" style=\"margin-right:25px;\"><div class=\"ult-just-icon-wrapper  \"><div class=\"align-icon\" style=\"text-align:center;\">\n<div class=\"aio-icon none \"  style=\"color:#52c0fa;font-size:40px;display:inline-block;\">\n\t<i class=\"Defaults-envelope-o\"><\/i>\n<\/div><\/div><\/div>\n<\/div><span  data-ultimate-target='#list-icon-wrap-6046 .uavc-list-desc'  data-responsive-json-new='{\"font-size\":\"\",\"line-height\":\"\"}'  class=\"uavc-list-desc ult-responsive\" style=\"\">Send SMS directly from the Craft user interface. In Craft Commerce you can also send bulk SMS, which can be used for sending exclusive offers, invitations to an event and in many other scenarios along the <a href=\"\/en\/blog\/a-flying-start-creating-a-great-customer-journey-with-sms\/\" data-schema-attribute=\"\">customer journey<\/a>.<\/span><\/div><\/li><\/ul><\/div><div class=\"wpb_text_column\"><div class=\"wpb_wrapper\"><h3>Text to Speech messages<\/h3>\n<\/div><\/div><div class=\"uavc-list-icon uavc-list-icon-wrapper ult-adjust-bottom-margin   \"><ul class=\"uavc-list\"><li><div class=\"uavc-list-content\" id=\"list-icon-wrap-9298\">\n<div class=\"uavc-list-icon  \" data-animation=\"\" data-animation-delay=\"03\" style=\"margin-right:25px;\"><div class=\"ult-just-icon-wrapper  \"><div class=\"align-icon\" style=\"text-align:center;\">\n<div class=\"aio-icon none \"  style=\"color:#52c0fa;font-size:40px;display:inline-block;\">\n\t<i class=\"Defaults-phone\"><\/i>\n<\/div><\/div><\/div>\n<\/div><span  data-ultimate-target='#list-icon-wrap-9298 .uavc-list-desc'  data-responsive-json-new='{\"font-size\":\"\",\"line-height\":\"\"}'  class=\"uavc-list-desc ult-responsive\" style=\"\">Text2Speech messages, sometimes also called voice messages, are text messages that are read aloud to your recipients on the phone. They are suitable for accessible communication, but our customers also like to use them for alerts. In Craft Commerce, you can send bulk voice messages as well as regular ones.<\/span><\/div><\/li><\/ul><\/div><div class=\"wpb_text_column\"><div class=\"wpb_wrapper\"><h3>Sender ID<\/h3>\n<\/div><\/div><div class=\"uavc-list-icon uavc-list-icon-wrapper ult-adjust-bottom-margin   \"><ul class=\"uavc-list\"><li><div class=\"uavc-list-content\" id=\"list-icon-wrap-9949\">\n<div class=\"uavc-list-icon  \" data-animation=\"\" data-animation-delay=\"03\" style=\"margin-right:25px;\"><div class=\"ult-just-icon-wrapper  \"><div class=\"align-icon\" style=\"text-align:center;\">\n<div class=\"aio-icon none \"  style=\"color:#52c0fa;font-size:40px;display:inline-block;\">\n\t<i class=\"Defaults-user\"><\/i>\n<\/div><\/div><\/div>\n<\/div><span  data-ultimate-target='#list-icon-wrap-9949 .uavc-list-desc'  data-responsive-json-new='{\"font-size\":\"\",\"line-height\":\"\"}'  class=\"uavc-list-desc ult-responsive\" style=\"\">SMS are a very personal medium. Therefore, sender IDs are used to immediately show your recipients that it is you who is sending them a message. Out plugin allows you to set a custom Caller ID that your recipients will see as the sender.<\/span><\/div><\/li><\/ul><\/div><\/div><\/div><\/div><div class=\"vc_col-sm-6 wpb_column vc_column_container\"><div class=\"vc_column-inner\"><div class=\"wpb_wrapper\"><div class=\"w-image no-border align_center\"><a ref=\"magnificPopup\" href=\"https:\/\/www.seven.io\/wp-content\/uploads\/integrationen_craft_screen_sms.png\" aria-label=\"integrationen_craft_screen_sms\" class=\"w-image-h\"><img decoding=\"async\" width=\"768\" height=\"614\" src=\"https:\/\/www.seven.io\/wp-content\/uploads\/integrationen_craft_screen_sms-768x614.png\" class=\"attachment-us_768_0 size-us_768_0\" alt=\"Einstellungsm\u00f6glichkeiten f\u00fcr unser SMS Plugin f\u00fcr Craft\" loading=\"lazy\" srcset=\"https:\/\/www.seven.io\/wp-content\/uploads\/integrationen_craft_screen_sms-768x614.png 768w, https:\/\/www.seven.io\/wp-content\/uploads\/integrationen_craft_screen_sms-300x240.png 300w, https:\/\/www.seven.io\/wp-content\/uploads\/integrationen_craft_screen_sms-250x200.png 250w, https:\/\/www.seven.io\/wp-content\/uploads\/integrationen_craft_screen_sms-600x480.png 600w, https:\/\/www.seven.io\/wp-content\/uploads\/integrationen_craft_screen_sms-400x320.png 400w, https:\/\/www.seven.io\/wp-content\/uploads\/integrationen_craft_screen_sms-500x400.png 500w, https:\/\/www.seven.io\/wp-content\/uploads\/integrationen_craft_screen_sms-200x160.png 200w, https:\/\/www.seven.io\/wp-content\/uploads\/integrationen_craft_screen_sms.png 800w\" sizes=\"auto, (max-width: 768px) 100vw, 768px\" \/><\/a><\/div><div class=\"w-separator size_custom\" style=\"height:10px\"><\/div><div class=\"wpb_text_column\"><div class=\"wpb_wrapper\"><p style=\"text-align: center;\"><em>Settings options for sending with our Craft SMS plugin, click to enlarge<\/em><\/p>\n<\/div><\/div><\/div><\/div><\/div><\/div><\/div><\/section><section class=\"l-section wpb_row height_small\"><div class=\"l-section-h i-cf\"><div class=\"g-cols vc_row via_flex valign_top type_default stacking_default\"><div class=\"vc_col-sm-6 wpb_column vc_column_container\"><div class=\"vc_column-inner\"><div class=\"wpb_wrapper\"><div class=\"wpb_text_column\"><div class=\"wpb_wrapper\"><h3>Delayed sending<\/h3>\n<\/div><\/div><div class=\"uavc-list-icon uavc-list-icon-wrapper ult-adjust-bottom-margin   \"><ul class=\"uavc-list\"><li><div class=\"uavc-list-content\" id=\"list-icon-wrap-1731\">\n<div class=\"uavc-list-icon  \" data-animation=\"\" data-animation-delay=\"03\" style=\"margin-right:25px;\"><div class=\"ult-just-icon-wrapper  \"><div class=\"align-icon\" style=\"text-align:center;\">\n<div class=\"aio-icon none \"  style=\"color:#52c0fa;font-size:40px;display:inline-block;\">\n\t<i class=\"Defaults-clock-o\"><\/i>\n<\/div><\/div><\/div>\n<\/div><span  data-ultimate-target='#list-icon-wrap-1731 .uavc-list-desc'  data-responsive-json-new='{\"font-size\":\"\",\"line-height\":\"\"}'  class=\"uavc-list-desc ult-responsive\" style=\"\">You want to send your SMS at a later time? With the delay option, you can conveniently schedule your SMS dispatch in advance.\u00a0Perfect for sending offers on holidays or to remind your team of important dates.<\/span><\/div><\/li><\/ul><\/div><\/div><\/div><\/div><div class=\"vc_col-sm-6 wpb_column vc_column_container\"><div class=\"vc_column-inner\"><div class=\"wpb_wrapper\"><div class=\"wpb_text_column\"><div class=\"wpb_wrapper\"><h3>Performance Tracking<\/h3>\n<\/div><\/div><div class=\"uavc-list-icon uavc-list-icon-wrapper ult-adjust-bottom-margin   \"><ul class=\"uavc-list\"><li><div class=\"uavc-list-content\" id=\"list-icon-wrap-2797\">\n<div class=\"uavc-list-icon  \" data-animation=\"\" data-animation-delay=\"03\" style=\"margin-right:25px;\"><div class=\"ult-just-icon-wrapper  \"><div class=\"align-icon\" style=\"text-align:center;\">\n<div class=\"aio-icon none \"  style=\"color:#52c0fa;font-size:40px;display:inline-block;\">\n\t<i class=\"Defaults-search\"><\/i>\n<\/div><\/div><\/div>\n<\/div><span  data-ultimate-target='#list-icon-wrap-2797 .uavc-list-desc'  data-responsive-json-new='{\"font-size\":\"\",\"line-height\":\"\"}'  class=\"uavc-list-desc ult-responsive\" style=\"\">Are you sending links to offers via SMS? Activate our performance tracking to get information about which recipients visited your link and how often they did.<\/span><\/div><\/li><\/ul><\/div><\/div><\/div><\/div><\/div><\/div><\/section><section class=\"l-section wpb_row height_small\"><div class=\"l-section-h i-cf\"><div class=\"g-cols vc_row via_flex valign_top type_default stacking_default\"><div class=\"vc_col-sm-6 wpb_column vc_column_container\"><div class=\"vc_column-inner\"><div class=\"wpb_wrapper\"><div class=\"wpb_text_column\"><div class=\"wpb_wrapper\"><h3>Label<\/h3>\n<\/div><\/div><div class=\"uavc-list-icon uavc-list-icon-wrapper ult-adjust-bottom-margin   \"><ul class=\"uavc-list\"><li><div class=\"uavc-list-content\" id=\"list-icon-wrap-8043\">\n<div class=\"uavc-list-icon  \" data-animation=\"\" data-animation-delay=\"03\" style=\"margin-right:25px;\"><div class=\"ult-just-icon-wrapper  \"><div class=\"align-icon\" style=\"text-align:center;\">\n<div class=\"aio-icon none \"  style=\"color:#52c0fa;font-size:40px;display:inline-block;\">\n\t<i class=\"Defaults-tags\"><\/i>\n<\/div><\/div><\/div>\n<\/div><span  data-ultimate-target='#list-icon-wrap-8043 .uavc-list-desc'  data-responsive-json-new='{\"font-size\":\"\",\"line-height\":\"\"}'  class=\"uavc-list-desc ult-responsive\" style=\"\">Are you currently using our SMS plugin for Craft to send a marketing message, offer or information to your employees? Mark your SMS with different labels to be able to filter them effectively in your later analysis.<\/span><\/div><\/li><\/ul><\/div><\/div><\/div><\/div><div class=\"vc_col-sm-6 wpb_column vc_column_container\"><div class=\"vc_column-inner\"><div class=\"wpb_wrapper\"><div class=\"wpb_text_column\"><div class=\"wpb_wrapper\"><h3>More options<\/h3>\n<\/div><\/div><div class=\"uavc-list-icon uavc-list-icon-wrapper ult-adjust-bottom-margin   \"><ul class=\"uavc-list\"><li><div class=\"uavc-list-content\" id=\"list-icon-wrap-8241\">\n<div class=\"uavc-list-icon  \" data-animation=\"\" data-animation-delay=\"03\" style=\"margin-right:25px;\"><div class=\"ult-just-icon-wrapper  \"><div class=\"align-icon\" style=\"text-align:center;\">\n<div class=\"aio-icon none \"  style=\"color:#52c0fa;font-size:40px;display:inline-block;\">\n\t<i class=\"Defaults-cogs gears\"><\/i>\n<\/div><\/div><\/div>\n<\/div><span  data-ultimate-target='#list-icon-wrap-8241 .uavc-list-desc'  data-responsive-json-new='{\"font-size\":\"\",\"line-height\":\"\"}'  class=\"uavc-list-desc ult-responsive\" style=\"\">Benefit from other features, such as the ability to filter by recipient country, send Flash SMS and set a reload lock. A debug function, an optional foreign ID and the possibility of JSON output are also available to you in our plugin.<\/span><\/div><\/li><\/ul><\/div><\/div><\/div><\/div><\/div><\/div><\/section><section class=\"l-section wpb_row height_small\"><div class=\"l-section-h i-cf\"><div class=\"g-cols vc_row via_flex valign_top type_default stacking_default\"><div class=\"vc_col-sm-12 wpb_column vc_column_container\"><div class=\"vc_column-inner\"><div class=\"wpb_wrapper\"><div class=\"w-actionbox us_custom_e47d7875 color_light controls_right\"><div class=\"w-actionbox-text\"><div class=\"w-actionbox-description\"><p>Need help installing or setting up the features?<br \/>\nGo to our GitHub page for more information.<\/p>\n<\/div><\/div><div class=\"w-actionbox-controls\"><a class=\"w-btn us-btn-style_5\" target=\"_blank\" href=\"https:\/\/github.com\/seven-io\/craft\" rel=\"noopener\"><span class=\"w-btn-label\">Visit GitHub<\/span><\/a><\/div><\/div><\/div><\/div><\/div><\/div><\/div><\/section><!-- Row Backgrounds --><div class=\"upb_color\" data-bg-override=\"0\" data-bg-color=\"#ffffff\" data-fadeout=\"\" data-fadeout-percentage=\"30\" data-parallax-content=\"\" data-parallax-content-sense=\"30\" data-row-effect-mobile-disable=\"true\" data-img-parallax-mobile-disable=\"true\" data-rtl=\"false\"  data-custom-vc-row=\"\"  data-vc=\"8.7.2\"  data-is_old_vc=\"\"  data-theme-support=\"disable\"   data-overlay=\"false\" data-overlay-color=\"\" data-overlay-pattern=\"\" data-overlay-pattern-opacity=\"\" data-overlay-pattern-size=\"\"    ><\/div>\n","protected":false},"excerpt":{"rendered":"Craft is an open source content management system. The software&#8217;s approach is characterized mainly by the focus on design, clarity and usability. Craft can be extended by a commerce system, which is subject to the same aspirations. Of course, you can also extend the functions of the CMS with plugins. With our Craft SMS Plugin,...","protected":false},"author":1,"featured_media":26587,"parent":22688,"menu_order":0,"comment_status":"closed","ping_status":"closed","template":"","meta":{"content-type":"","footnotes":""},"class_list":["post-26639","page","type-page","status-publish","has-post-thumbnail","hentry"],"_links":{"self":[{"href":"https:\/\/www.seven.io\/en\/wp-json\/wp\/v2\/pages\/26639","targetHints":{"allow":["GET"]}}],"collection":[{"href":"https:\/\/www.seven.io\/en\/wp-json\/wp\/v2\/pages"}],"about":[{"href":"https:\/\/www.seven.io\/en\/wp-json\/wp\/v2\/types\/page"}],"author":[{"embeddable":true,"href":"https:\/\/www.seven.io\/en\/wp-json\/wp\/v2\/users\/1"}],"replies":[{"embeddable":true,"href":"https:\/\/www.seven.io\/en\/wp-json\/wp\/v2\/comments?post=26639"}],"version-history":[{"count":21,"href":"https:\/\/www.seven.io\/en\/wp-json\/wp\/v2\/pages\/26639\/revisions"}],"predecessor-version":[{"id":92882,"href":"https:\/\/www.seven.io\/en\/wp-json\/wp\/v2\/pages\/26639\/revisions\/92882"}],"up":[{"embeddable":true,"href":"https:\/\/www.seven.io\/en\/wp-json\/wp\/v2\/pages\/22688"}],"wp:featuredmedia":[{"embeddable":true,"href":"https:\/\/www.seven.io\/en\/wp-json\/wp\/v2\/media\/26587"}],"wp:attachment":[{"href":"https:\/\/www.seven.io\/en\/wp-json\/wp\/v2\/media?parent=26639"}],"curies":[{"name":"wp","href":"https:\/\/api.w.org\/{rel}","templated":true}]}}