{"id":31465,"date":"2022-02-15T11:18:11","date_gmt":"2022-02-15T10:18:11","guid":{"rendered":"https:\/\/www.sms77.io\/?page_id=31465"},"modified":"2024-07-02T12:02:44","modified_gmt":"2024-07-02T10:02:44","slug":"homebridge","status":"publish","type":"page","link":"https:\/\/www.seven.io\/en\/solutions\/integrations\/homebridge\/","title":{"rendered":"Homebridge"},"content":{"rendered":"<section class=\"l-section wpb_row height_small\"><div class=\"l-section-h i-cf\"><div class=\"g-cols vc_row via_flex valign_middle type_default stacking_default\"><div class=\"vc_col-sm-6 wpb_column vc_column_container\"><div class=\"vc_column-inner\"><div class=\"wpb_wrapper\"><div class=\"wpb_text_column\"><div class=\"wpb_wrapper\"><p><strong>Homebridge is an open-source software that enables the integration of devices into Apple&#8217;s HomeKit if they are not natively supported. Homebridge can be operated on all common systems, but operation via a Raspberry Pi is particularly popular in the community.<\/strong><\/p>\n<p><strong>Currently, more than <a href=\"https:\/\/www.npmjs.com\/search?q=keywords%3Ahomebridge-plugin\" target=\"_blank\" rel=\"noopener\">4000 packages<\/a> are available that extend the functions of Homekit. Users thus have the opportunity to use extensive functions and automations in their smart home that would otherwise not be available to them. If you include our plugin, you can send voice messages and SMS with Homebridge.<\/strong><\/p>\n<\/div><\/div><div class=\"w-btn-wrapper align_none\"><a class=\"w-btn us-btn-style_1 no-border\" target=\"_blank\" rel=\"nofollow noopener\" href=\"https:\/\/github.com\/seven-io\/homebridge-sms\"><span class=\"w-btn-label\">Our SMS plugin for Homebridge<\/span><\/a><\/div><div class=\"w-btn-wrapper align_none\"><a class=\"w-btn us-btn-style_1 no-border\" target=\"_blank\" rel=\"nofollow noopener\" href=\"https:\/\/github.com\/seven-io\/homebridge-voice\"><span class=\"w-btn-label\">Our Voice Plugin for Homebridge<\/span><\/a><\/div><\/div><\/div><\/div><div class=\"vc_col-sm-6 wpb_column vc_column_container\"><div class=\"vc_column-inner\"><div class=\"wpb_wrapper\"><div class=\"w-image align_center\"><div class=\"w-image-h\"><img decoding=\"async\" width=\"300\" height=\"300\" src=\"https:\/\/www.seven.io\/wp-content\/uploads\/integrationen_homebridge_logo-300x300.png\" class=\"attachment-us_300_0 size-us_300_0\" alt=\"Homebridge Logo\" loading=\"lazy\" srcset=\"https:\/\/www.seven.io\/wp-content\/uploads\/integrationen_homebridge_logo-300x300.png 300w, https:\/\/www.seven.io\/wp-content\/uploads\/integrationen_homebridge_logo-150x150.png 150w, https:\/\/www.seven.io\/wp-content\/uploads\/integrationen_homebridge_logo-350x350.png 350w, https:\/\/www.seven.io\/wp-content\/uploads\/integrationen_homebridge_logo-250x250.png 250w, https:\/\/www.seven.io\/wp-content\/uploads\/integrationen_homebridge_logo-400x400.png 400w, https:\/\/www.seven.io\/wp-content\/uploads\/integrationen_homebridge_logo-200x200.png 200w, https:\/\/www.seven.io\/wp-content\/uploads\/integrationen_homebridge_logo.png 450w\" sizes=\"auto, (max-width: 300px) 100vw, 300px\" \/><\/div><\/div><\/div><\/div><\/div><\/div><\/div><\/section><section class=\"l-section wpb_row height_small color_alternate\"><div class=\"l-section-h i-cf\"><div class=\"g-cols vc_row via_flex valign_middle type_default stacking_default\"><div class=\"vc_col-sm-6 wpb_column vc_column_container\"><div class=\"vc_column-inner\"><div class=\"wpb_wrapper\"><div class=\"w-image align_center\"><div class=\"w-image-h\"><img decoding=\"async\" width=\"400\" height=\"501\" src=\"https:\/\/www.seven.io\/wp-content\/uploads\/integrationen_homebridge_abewegungsmelder_EN-400x501.png\" class=\"attachment-us_400_0 size-us_400_0\" alt=\"Use SMS with Homebridge to be informed about certain events\" loading=\"lazy\" srcset=\"https:\/\/www.seven.io\/wp-content\/uploads\/integrationen_homebridge_abewegungsmelder_EN-400x501.png 400w, https:\/\/www.seven.io\/wp-content\/uploads\/integrationen_homebridge_abewegungsmelder_EN-240x300.png 240w, https:\/\/www.seven.io\/wp-content\/uploads\/integrationen_homebridge_abewegungsmelder_EN-350x438.png 350w, https:\/\/www.seven.io\/wp-content\/uploads\/integrationen_homebridge_abewegungsmelder_EN-250x313.png 250w, https:\/\/www.seven.io\/wp-content\/uploads\/integrationen_homebridge_abewegungsmelder_EN-300x376.png 300w, https:\/\/www.seven.io\/wp-content\/uploads\/integrationen_homebridge_abewegungsmelder_EN-319x400.png 319w, https:\/\/www.seven.io\/wp-content\/uploads\/integrationen_homebridge_abewegungsmelder_EN-200x250.png 200w, https:\/\/www.seven.io\/wp-content\/uploads\/integrationen_homebridge_abewegungsmelder_EN.png 511w\" sizes=\"auto, (max-width: 400px) 100vw, 400px\" \/><\/div><\/div><\/div><\/div><\/div><div class=\"vc_col-sm-6 wpb_column vc_column_container\"><div class=\"vc_column-inner\"><div class=\"wpb_wrapper\"><div class=\"wpb_text_column\"><div class=\"wpb_wrapper\"><h3>Send voice messages and SMS with Homebridge<\/h3>\n<p>Our plugin allows you to send voice messages and SMS in Homebridge and thus, for example, create automations that inform you about important events when needed. The large number of available plugins and devices leaves little to be desired, so you can surely realize your individual project.<\/p>\n<p>Common use cases are, for example, sending an SMS when measuring devices notice that a specified limit is exceeded or when a certain motion detector is triggered.\u00a0Many of our customers like to use the <a href=\"\/en\/products\/voice\/\">voice function<\/a> for alarms, where a call is triggered instead of an SMS.<\/p>\n<\/div><\/div><\/div><\/div><\/div><\/div><\/div><\/section><!-- Row Backgrounds --><div class=\"upb_color\" data-bg-override=\"0\" data-bg-color=\"#f4f4f4\" data-fadeout=\"\" data-fadeout-percentage=\"30\" data-parallax-content=\"\" data-parallax-content-sense=\"30\" data-row-effect-mobile-disable=\"true\" data-img-parallax-mobile-disable=\"true\" data-rtl=\"false\"  data-custom-vc-row=\"\"  data-vc=\"8.7.2\"  data-is_old_vc=\"\"  data-theme-support=\"disable\"   data-overlay=\"false\" data-overlay-color=\"\" data-overlay-pattern=\"\" data-overlay-pattern-opacity=\"\" data-overlay-pattern-size=\"\"    ><\/div><section class=\"l-section wpb_row height_small\"><div class=\"l-section-h i-cf\"><div class=\"g-cols vc_row via_flex valign_middle type_default stacking_default\"><div class=\"vc_col-sm-6 wpb_column vc_column_container\"><div class=\"vc_column-inner\"><div class=\"wpb_wrapper\"><div class=\"wpb_text_column\"><div class=\"wpb_wrapper\"><h3>SMS dispatch<\/h3>\n<\/div><\/div><div class=\"uavc-list-icon uavc-list-icon-wrapper ult-adjust-bottom-margin   \"><ul class=\"uavc-list\"><li><div class=\"uavc-list-content\" id=\"list-icon-wrap-4677\">\n<div class=\"uavc-list-icon  \" data-animation=\"\" data-animation-delay=\"03\" style=\"margin-right:25px;\"><div class=\"ult-just-icon-wrapper  \"><div class=\"align-icon\" style=\"text-align:center;\">\n<div class=\"aio-icon none \"  style=\"color:#52c0fa;font-size:40px;display:inline-block;\">\n\t<i class=\"Defaults-envelope-o\"><\/i>\n<\/div><\/div><\/div>\n<\/div><span  data-ultimate-target='#list-icon-wrap-4677 .uavc-list-desc'  data-responsive-json-new='{\"font-size\":\"\",\"line-height\":\"\"}'  class=\"uavc-list-desc ult-responsive\" style=\"\">With our plugin you will receive automated SMS with Homebridge \u2013 reliably and exactly the way that is easiest for you.<\/span><\/div><\/li><\/ul><\/div><div class=\"wpb_text_column\"><div class=\"wpb_wrapper\"><h3>Voice messages<\/h3>\n<\/div><\/div><div class=\"uavc-list-icon uavc-list-icon-wrapper ult-adjust-bottom-margin   \"><ul class=\"uavc-list\"><li><div class=\"uavc-list-content\" id=\"list-icon-wrap-6098\">\n<div class=\"uavc-list-icon  \" data-animation=\"\" data-animation-delay=\"03\" style=\"margin-right:25px;\"><div class=\"ult-just-icon-wrapper  \"><div class=\"align-icon\" style=\"text-align:center;\">\n<div class=\"aio-icon none \"  style=\"color:#52c0fa;font-size:40px;display:inline-block;\">\n\t<i class=\"Defaults-phone\"><\/i>\n<\/div><\/div><\/div>\n<\/div><span  data-ultimate-target='#list-icon-wrap-6098 .uavc-list-desc'  data-responsive-json-new='{\"font-size\":\"\",\"line-height\":\"\"}'  class=\"uavc-list-desc ult-responsive\" style=\"\">Sie m\u00f6chten unser Plugin f\u00fcr Alarme nutzen? Viele Kunden lassen sich via Voice- beziehungsweise Text-to-Speech-Nachricht anrufen, um \u00fcber bestimmte Ereignisse informiert zu werden.<\/span><\/div><\/li><\/ul><\/div><\/div><\/div><\/div><div class=\"vc_col-sm-6 wpb_column vc_column_container\"><div class=\"vc_column-inner\"><div class=\"wpb_wrapper\"><div class=\"w-image no-border align_center\"><a ref=\"magnificPopup\" href=\"https:\/\/www.seven.io\/wp-content\/uploads\/integrationen_homebridge_config_screen.png\" aria-label=\"integrationen_homebridge_config_screen\" class=\"w-image-h\"><img decoding=\"async\" width=\"768\" height=\"512\" src=\"https:\/\/www.seven.io\/wp-content\/uploads\/integrationen_homebridge_config_screen-768x512.png\" class=\"attachment-us_768_0 size-us_768_0\" alt=\"Die Konfiguration zum Versand von SMS mit Homebridge\" loading=\"lazy\" srcset=\"https:\/\/www.seven.io\/wp-content\/uploads\/integrationen_homebridge_config_screen-768x512.png 768w, https:\/\/www.seven.io\/wp-content\/uploads\/integrationen_homebridge_config_screen-300x200.png 300w, https:\/\/www.seven.io\/wp-content\/uploads\/integrationen_homebridge_config_screen-1024x683.png 1024w, https:\/\/www.seven.io\/wp-content\/uploads\/integrationen_homebridge_config_screen-350x233.png 350w, https:\/\/www.seven.io\/wp-content\/uploads\/integrationen_homebridge_config_screen-250x167.png 250w, https:\/\/www.seven.io\/wp-content\/uploads\/integrationen_homebridge_config_screen-600x400.png 600w, https:\/\/www.seven.io\/wp-content\/uploads\/integrationen_homebridge_config_screen-400x267.png 400w, https:\/\/www.seven.io\/wp-content\/uploads\/integrationen_homebridge_config_screen-200x133.png 200w, https:\/\/www.seven.io\/wp-content\/uploads\/integrationen_homebridge_config_screen.png 1200w\" sizes=\"auto, (max-width: 768px) 100vw, 768px\" \/><\/a><\/div><div class=\"wpb_text_column\"><div class=\"wpb_wrapper\"><p style=\"text-align: center;\"><em>Configuration of sending SMS with Homebridge, click to enlarge.<\/em><\/p>\n<\/div><\/div><\/div><\/div><\/div><\/div><\/div><\/section><section class=\"l-section wpb_row height_small\"><div class=\"l-section-h i-cf\"><div class=\"g-cols vc_row via_flex valign_top type_default stacking_default\"><div class=\"vc_col-sm-12 wpb_column vc_column_container\"><div class=\"vc_column-inner\"><div class=\"wpb_wrapper\"><div class=\"w-actionbox us_custom_e47d7875 color_light controls_bottom\"><div class=\"w-actionbox-text\"><div class=\"w-actionbox-description\"><p style=\"text-align: center;\">Need help installing or setting up the features?<br \/>\nCheck out our GitHub page for more information.<\/p>\n<\/div><\/div><div class=\"w-actionbox-controls\"><a class=\"w-btn us-btn-style_1\" target=\"_blank\" rel=\"nofollow noopener\" href=\"https:\/\/github.com\/seven-io\/homebridge-sms\"><span class=\"w-btn-label\">Find the SMS plugin on GitHub<\/span><\/a><a class=\"w-btn us-btn-style_1\" target=\"_blank\" rel=\"nofollow noopener\" href=\"https:\/\/github.com\/seven-io\/homebridge-voice\"><span class=\"w-btn-label\">Find the Voice plugin on GitHub<\/span><\/a><\/div><\/div><\/div><\/div><\/div><\/div><\/div><\/section><!-- Row Backgrounds --><div class=\"upb_color\" data-bg-override=\"0\" data-bg-color=\"#ffffff\" data-fadeout=\"\" data-fadeout-percentage=\"30\" data-parallax-content=\"\" data-parallax-content-sense=\"30\" data-row-effect-mobile-disable=\"true\" data-img-parallax-mobile-disable=\"true\" data-rtl=\"false\"  data-custom-vc-row=\"\"  data-vc=\"8.7.2\"  data-is_old_vc=\"\"  data-theme-support=\"disable\"   data-overlay=\"false\" data-overlay-color=\"\" data-overlay-pattern=\"\" data-overlay-pattern-opacity=\"\" data-overlay-pattern-size=\"\"    ><\/div>\n","protected":false},"excerpt":{"rendered":"Homebridge is an open-source software that enables the integration of devices into Apple&#8217;s HomeKit if they are not natively supported. Homebridge can be operated on all common systems, but operation via a Raspberry Pi is particularly popular in the community. Currently, more than 4000 packages are available that extend the functions of Homekit. Users thus...","protected":false},"author":1,"featured_media":27980,"parent":22688,"menu_order":0,"comment_status":"closed","ping_status":"closed","template":"","meta":{"content-type":"","footnotes":""},"class_list":["post-31465","page","type-page","status-publish","has-post-thumbnail","hentry"],"_links":{"self":[{"href":"https:\/\/www.seven.io\/en\/wp-json\/wp\/v2\/pages\/31465","targetHints":{"allow":["GET"]}}],"collection":[{"href":"https:\/\/www.seven.io\/en\/wp-json\/wp\/v2\/pages"}],"about":[{"href":"https:\/\/www.seven.io\/en\/wp-json\/wp\/v2\/types\/page"}],"author":[{"embeddable":true,"href":"https:\/\/www.seven.io\/en\/wp-json\/wp\/v2\/users\/1"}],"replies":[{"embeddable":true,"href":"https:\/\/www.seven.io\/en\/wp-json\/wp\/v2\/comments?post=31465"}],"version-history":[{"count":15,"href":"https:\/\/www.seven.io\/en\/wp-json\/wp\/v2\/pages\/31465\/revisions"}],"predecessor-version":[{"id":92900,"href":"https:\/\/www.seven.io\/en\/wp-json\/wp\/v2\/pages\/31465\/revisions\/92900"}],"up":[{"embeddable":true,"href":"https:\/\/www.seven.io\/en\/wp-json\/wp\/v2\/pages\/22688"}],"wp:featuredmedia":[{"embeddable":true,"href":"https:\/\/www.seven.io\/en\/wp-json\/wp\/v2\/media\/27980"}],"wp:attachment":[{"href":"https:\/\/www.seven.io\/en\/wp-json\/wp\/v2\/media?parent=31465"}],"curies":[{"name":"wp","href":"https:\/\/api.w.org\/{rel}","templated":true}]}}